{"id":277,"date":"2025-01-08T12:39:16","date_gmt":"2025-01-08T12:39:16","guid":{"rendered":"https:\/\/natefi.com\/contacte\/"},"modified":"2026-02-18T15:29:54","modified_gmt":"2026-02-18T15:29:54","slug":"contacto","status":"publish","type":"page","link":"https:\/\/natefi.com\/es\/contacto\/","title":{"rendered":"Contacto"},"content":{"rendered":"<p>[et_pb_section fb_built=\u00bb1&#8243; _builder_version=\u00bb4.24.0&#8243; _module_preset=\u00bbdefault\u00bb background_color=\u00bbrgba(76,175,80,0.5)\u00bb custom_padding=\u00bb19px|||||\u00bb locked=\u00bboff\u00bb global_colors_info=\u00bb{}\u00bb][et_pb_row _builder_version=\u00bb4.24.0&#8243; _module_preset=\u00bbdefault\u00bb global_colors_info=\u00bb{}\u00bb][et_pb_column type=\u00bb4_4&#8243; _builder_version=\u00bb4.24.0&#8243; _module_preset=\u00bbdefault\u00bb global_colors_info=\u00bb{}\u00bb][et_pb_text _builder_version=\u00bb4.24.0&#8243; _module_preset=\u00bbdefault\u00bb header_2_font=\u00bb|800|||||||\u00bb header_2_text_color=\u00bb#111915&#8243; header_2_font_size=\u00bb3.35em\u00bb header_2_line_height=\u00bb1.1em\u00bb locked=\u00bboff\u00bb global_colors_info=\u00bb{}\u00bb]<\/p>\n<p style=\"text-align: center;\"><span class=\"item_subtitle\">natura i efici\u00e8ncia S.L.<\/span><\/p>\n<p style=\"text-align: center;\"><span class=\"item_subtitle\"><\/span><\/p>\n<h2 style=\"text-align: center;\">Contacto<\/h2>\n<p style=\"text-align: center;\">[\/et_pb_text][\/et_pb_column][\/et_pb_row][\/et_pb_section][et_pb_section fb_built=\u00bb1&#8243; specialty=\u00bbon\u00bb _builder_version=\u00bb4.24.0&#8243; _module_preset=\u00bbdefault\u00bb inner_max_width=\u00bb80%\u00bb global_colors_info=\u00bb{}\u00bb][et_pb_column type=\u00bb1_2&#8243; _builder_version=\u00bb4.16&#8243; custom_padding=\u00bb|||\u00bb global_colors_info=\u00bb{}\u00bb custom_padding__hover=\u00bb|||\u00bb][et_pb_contact_form email=\u00bbjsanchez@natefi.com\u00bb custom_message=\u00bbMissatge enviat desde el formualri de contacte (ES)||et_pb_line_break_holder||||et_pb_line_break_holder||Nom: %%Nom%%||et_pb_line_break_holder||Email: %%Correu_electr\u00f2nic%%||et_pb_line_break_holder||Telef: %%Tel\u00e8fon%%||et_pb_line_break_holder||Tema: %%Tema%%||et_pb_line_break_holder||Comentari: %%Comentari%%||et_pb_line_break_holder||||et_pb_line_break_holder||\u00bb success_message=\u00bbMissatge enviat\u00bb submit_button_text=\u00bbEnviar\u00bb _builder_version=\u00bb4.24.0&#8243; _module_preset=\u00bbdefault\u00bb _unique_id=\u00bb9e722292-555c-49cd-b0bf-baf79aed6ad1&#8243; global_colors_info=\u00bb{}\u00bb][et_pb_contact_field field_id=\u00bbNom\u00bb field_title=\u00bbNombre\u00bb fullwidth_field=\u00bbon\u00bb _builder_version=\u00bb4.24.0&#8243; global_colors_info=\u00bb{}\u00bb button_text_size__hover_enabled=\u00bboff\u00bb button_one_text_size__hover_enabled=\u00bboff\u00bb button_two_text_size__hover_enabled=\u00bboff\u00bb button_text_color__hover_enabled=\u00bboff\u00bb button_one_text_color__hover_enabled=\u00bboff\u00bb button_two_text_color__hover_enabled=\u00bboff\u00bb button_border_width__hover_enabled=\u00bboff\u00bb button_one_border_width__hover_enabled=\u00bboff\u00bb button_two_border_width__hover_enabled=\u00bboff\u00bb button_border_color__hover_enabled=\u00bboff\u00bb button_one_border_color__hover_enabled=\u00bboff\u00bb button_two_border_color__hover_enabled=\u00bboff\u00bb button_border_radius__hover_enabled=\u00bboff\u00bb button_one_border_radius__hover_enabled=\u00bboff\u00bb button_two_border_radius__hover_enabled=\u00bboff\u00bb button_letter_spacing__hover_enabled=\u00bboff\u00bb button_one_letter_spacing__hover_enabled=\u00bboff\u00bb button_two_letter_spacing__hover_enabled=\u00bboff\u00bb button_bg_color__hover_enabled=\u00bboff\u00bb button_one_bg_color__hover_enabled=\u00bboff\u00bb button_two_bg_color__hover_enabled=\u00bboff\u00bb][\/et_pb_contact_field][et_pb_contact_field field_id=\u00bbCorreu_electr\u00f2nic\u00bb field_title=\u00bbEmail\u00bb field_type=\u00bbemail\u00bb fullwidth_field=\u00bbon\u00bb _builder_version=\u00bb4.24.0&#8243; global_colors_info=\u00bb{}\u00bb button_text_size__hover_enabled=\u00bboff\u00bb button_one_text_size__hover_enabled=\u00bboff\u00bb button_two_text_size__hover_enabled=\u00bboff\u00bb button_text_color__hover_enabled=\u00bboff\u00bb button_one_text_color__hover_enabled=\u00bboff\u00bb button_two_text_color__hover_enabled=\u00bboff\u00bb button_border_width__hover_enabled=\u00bboff\u00bb button_one_border_width__hover_enabled=\u00bboff\u00bb button_two_border_width__hover_enabled=\u00bboff\u00bb button_border_color__hover_enabled=\u00bboff\u00bb button_one_border_color__hover_enabled=\u00bboff\u00bb button_two_border_color__hover_enabled=\u00bboff\u00bb button_border_radius__hover_enabled=\u00bboff\u00bb button_one_border_radius__hover_enabled=\u00bboff\u00bb button_two_border_radius__hover_enabled=\u00bboff\u00bb button_letter_spacing__hover_enabled=\u00bboff\u00bb button_one_letter_spacing__hover_enabled=\u00bboff\u00bb button_two_letter_spacing__hover_enabled=\u00bboff\u00bb button_bg_color__hover_enabled=\u00bboff\u00bb button_one_bg_color__hover_enabled=\u00bboff\u00bb button_two_bg_color__hover_enabled=\u00bboff\u00bb][\/et_pb_contact_field][et_pb_contact_field field_id=\u00bbTel\u00e8fon\u00bb field_title=\u00bbTel\u00e9fono\u00bb fullwidth_field=\u00bbon\u00bb _builder_version=\u00bb4.24.0&#8243; global_colors_info=\u00bb{}\u00bb button_text_size__hover_enabled=\u00bboff\u00bb button_one_text_size__hover_enabled=\u00bboff\u00bb button_two_text_size__hover_enabled=\u00bboff\u00bb button_text_color__hover_enabled=\u00bboff\u00bb button_one_text_color__hover_enabled=\u00bboff\u00bb button_two_text_color__hover_enabled=\u00bboff\u00bb button_border_width__hover_enabled=\u00bboff\u00bb button_one_border_width__hover_enabled=\u00bboff\u00bb button_two_border_width__hover_enabled=\u00bboff\u00bb button_border_color__hover_enabled=\u00bboff\u00bb button_one_border_color__hover_enabled=\u00bboff\u00bb button_two_border_color__hover_enabled=\u00bboff\u00bb button_border_radius__hover_enabled=\u00bboff\u00bb button_one_border_radius__hover_enabled=\u00bboff\u00bb button_two_border_radius__hover_enabled=\u00bboff\u00bb button_letter_spacing__hover_enabled=\u00bboff\u00bb button_one_letter_spacing__hover_enabled=\u00bboff\u00bb button_two_letter_spacing__hover_enabled=\u00bboff\u00bb button_bg_color__hover_enabled=\u00bboff\u00bb button_one_bg_color__hover_enabled=\u00bboff\u00bb button_two_bg_color__hover_enabled=\u00bboff\u00bb][\/et_pb_contact_field][et_pb_contact_field field_id=\u00bbTema\u00bb field_title=\u00bbTema\u00bb fullwidth_field=\u00bbon\u00bb _builder_version=\u00bb4.24.0&#8243; global_colors_info=\u00bb{}\u00bb button_text_size__hover_enabled=\u00bboff\u00bb button_one_text_size__hover_enabled=\u00bboff\u00bb button_two_text_size__hover_enabled=\u00bboff\u00bb button_text_color__hover_enabled=\u00bboff\u00bb button_one_text_color__hover_enabled=\u00bboff\u00bb button_two_text_color__hover_enabled=\u00bboff\u00bb button_border_width__hover_enabled=\u00bboff\u00bb button_one_border_width__hover_enabled=\u00bboff\u00bb button_two_border_width__hover_enabled=\u00bboff\u00bb button_border_color__hover_enabled=\u00bboff\u00bb button_one_border_color__hover_enabled=\u00bboff\u00bb button_two_border_color__hover_enabled=\u00bboff\u00bb button_border_radius__hover_enabled=\u00bboff\u00bb button_one_border_radius__hover_enabled=\u00bboff\u00bb button_two_border_radius__hover_enabled=\u00bboff\u00bb button_letter_spacing__hover_enabled=\u00bboff\u00bb button_one_letter_spacing__hover_enabled=\u00bboff\u00bb button_two_letter_spacing__hover_enabled=\u00bboff\u00bb button_bg_color__hover_enabled=\u00bboff\u00bb button_one_bg_color__hover_enabled=\u00bboff\u00bb button_two_bg_color__hover_enabled=\u00bboff\u00bb][\/et_pb_contact_field][et_pb_contact_field field_id=\u00bbComentari\u00bb field_title=\u00bbComentario\u00bb field_type=\u00bbtext\u00bb fullwidth_field=\u00bbon\u00bb _builder_version=\u00bb4.24.0&#8243; global_colors_info=\u00bb{}\u00bb button_text_size__hover_enabled=\u00bboff\u00bb button_one_text_size__hover_enabled=\u00bboff\u00bb button_two_text_size__hover_enabled=\u00bboff\u00bb button_text_color__hover_enabled=\u00bboff\u00bb button_one_text_color__hover_enabled=\u00bboff\u00bb button_two_text_color__hover_enabled=\u00bboff\u00bb button_border_width__hover_enabled=\u00bboff\u00bb button_one_border_width__hover_enabled=\u00bboff\u00bb button_two_border_width__hover_enabled=\u00bboff\u00bb button_border_color__hover_enabled=\u00bboff\u00bb button_one_border_color__hover_enabled=\u00bboff\u00bb button_two_border_color__hover_enabled=\u00bboff\u00bb button_border_radius__hover_enabled=\u00bboff\u00bb button_one_border_radius__hover_enabled=\u00bboff\u00bb button_two_border_radius__hover_enabled=\u00bboff\u00bb button_letter_spacing__hover_enabled=\u00bboff\u00bb button_one_letter_spacing__hover_enabled=\u00bboff\u00bb button_two_letter_spacing__hover_enabled=\u00bboff\u00bb button_bg_color__hover_enabled=\u00bboff\u00bb button_one_bg_color__hover_enabled=\u00bboff\u00bb button_two_bg_color__hover_enabled=\u00bboff\u00bb][\/et_pb_contact_field][\/et_pb_contact_form][\/et_pb_column][et_pb_column type=\u00bb1_2&#8243; specialty_columns=\u00bb2&#8243; _builder_version=\u00bb4.16&#8243; custom_padding=\u00bb|||\u00bb global_colors_info=\u00bb{}\u00bb custom_padding__hover=\u00bb|||\u00bb][et_pb_row_inner _builder_version=\u00bb4.24.0&#8243; _module_preset=\u00bbdefault\u00bb custom_padding=\u00bb||0px|||\u00bb global_colors_info=\u00bb{}\u00bb][et_pb_column_inner saved_specialty_column_type=\u00bb1_2&#8243; _builder_version=\u00bb4.24.0&#8243; _module_preset=\u00bbdefault\u00bb global_colors_info=\u00bb{}\u00bb][et_pb_text _builder_version=\u00bb4.24.0&#8243; _module_preset=\u00bbdefault\u00bb header_2_text_color=\u00bb#FFFFFF\u00bb background_color=\u00bb#66b01f\u00bb custom_padding=\u00bb10px||3px|20px|false|false\u00bb locked=\u00bboff\u00bb global_colors_info=\u00bb{}\u00bb]<\/p>\n<h2>Quien Somos?<\/h2>\n<p>[\/et_pb_text][\/et_pb_column_inner][\/et_pb_row_inner][et_pb_row_inner column_structure=\u00bb1_2,1_2&#8243; _builder_version=\u00bb4.24.0&#8243; _module_preset=\u00bbdefault\u00bb custom_padding=\u00bb18px|||||\u00bb global_colors_info=\u00bb{}\u00bb][et_pb_column_inner type=\u00bb1_2&#8243; saved_specialty_column_type=\u00bb1_2&#8243; _builder_version=\u00bb4.24.0&#8243; _module_preset=\u00bbdefault\u00bb global_colors_info=\u00bb{}\u00bb][et_pb_team_member name=\u00bbJuli\u00e0 S\u00e1nchez\u00bb position=\u00bbDirector General\u00bb facebook_url=\u00bb#\u00bb twitter_url=\u00bb#\u00bb linkedin_url=\u00bb#\u00bb _builder_version=\u00bb4.24.0&#8243; _module_preset=\u00bbdefault\u00bb global_colors_info=\u00bb{}\u00bb]<\/p>\n<p><a href=\"mailto:jsanchez@natefi.com\">jsanchez@natefi.com<\/a><br \/><a href=\"tel:+34%20618 26 4876\">+34 618 26 4876<\/a><\/p>\n<p>[\/et_pb_team_member][et_pb_team_member name=\u00bbJaume Puigdell\u00edvol\u00bb position=\u00bbDepto. Comercial\u00bb facebook_url=\u00bb#\u00bb twitter_url=\u00bb#\u00bb linkedin_url=\u00bb#\u00bb _builder_version=\u00bb4.24.0&#8243; _module_preset=\u00bbdefault\u00bb global_colors_info=\u00bb{}\u00bb]<\/p>\n<p><a href=\"mailto:jsanchez@natefi.com\">jaume@natefi.com<\/a><br \/><a href=\"tel:+34%20618 26 4876\">+34 <span>630 906 107<\/span> <\/a><\/p>\n<p>[\/et_pb_team_member][\/et_pb_column_inner][et_pb_column_inner type=\u00bb1_2&#8243; saved_specialty_column_type=\u00bb1_2&#8243; _builder_version=\u00bb4.24.0&#8243; _module_preset=\u00bbdefault\u00bb global_colors_info=\u00bb{}\u00bb][et_pb_team_member name=\u00bbSanti Vivancos\u00bb position=\u00bbDepto. de Ingenier\u00eda\u00bb facebook_url=\u00bb#\u00bb twitter_url=\u00bb#\u00bb linkedin_url=\u00bb#\u00bb _builder_version=\u00bb4.24.0&#8243; _module_preset=\u00bbdefault\u00bb locked=\u00bboff\u00bb global_colors_info=\u00bb{}\u00bb]<\/p>\n<p><a href=\"mailto:santi@natefi.com\">santi@natefi.com<\/a><br \/><a href=\"tel:+34 678 78 9737\">+34 678 78 9737<\/a><\/p>\n<p>[\/et_pb_team_member][\/et_pb_column_inner][\/et_pb_row_inner][et_pb_row_inner _builder_version=\u00bb4.24.0&#8243; _module_preset=\u00bbdefault\u00bb custom_padding=\u00bb29px||0px|||\u00bb global_colors_info=\u00bb{}\u00bb][et_pb_column_inner saved_specialty_column_type=\u00bb1_2&#8243; _builder_version=\u00bb4.24.0&#8243; _module_preset=\u00bbdefault\u00bb global_colors_info=\u00bb{}\u00bb][et_pb_text _builder_version=\u00bb4.24.0&#8243; _module_preset=\u00bbdefault\u00bb header_2_text_color=\u00bb#FFFFFF\u00bb background_color=\u00bb#66b01f\u00bb custom_padding=\u00bb10px||3px|20px|false|false\u00bb locked=\u00bboff\u00bb global_colors_info=\u00bb{}\u00bb]<\/p>\n<h2>\u00bfD\u00f3nde estamos?<\/h2>\n<p>[\/et_pb_text][\/et_pb_column_inner][\/et_pb_row_inner][et_pb_row_inner _builder_version=\u00bb4.24.0&#8243; _module_preset=\u00bbdefault\u00bb global_colors_info=\u00bb{}\u00bb][et_pb_column_inner saved_specialty_column_type=\u00bb1_2&#8243; _builder_version=\u00bb4.24.0&#8243; _module_preset=\u00bbdefault\u00bb global_colors_info=\u00bb{}\u00bb][et_pb_text _builder_version=\u00bb4.24.0&#8243; _module_preset=\u00bbdefault\u00bb global_colors_info=\u00bb{}\u00bb]<\/p>\n<p>\ud83d\udccd <a href=\"https:\/\/www.google.com\/maps?z=16&amp;q=carrer%2Bde%2Bla%2Bconc%C3%B2rdia%2B147,%2B08242%2Bmanresa\" target=\"_blank\" rel=\"noopener\">Carrer de la Conc\u00f2rdia 147, 08242 Manresa<\/a><br \/>\u260e\ufe0f <a href=\"tel:+34%20618 26 4876\">+34 618 26 4876<\/a><br \/>\ud83d\udce8\u00a0<a href=\"mailto:info@natefi.com\">info@natefi.com<\/a><br \/>\u231a 9am &#8211; 6pm<\/p>\n<p>[\/et_pb_text][\/et_pb_column_inner][\/et_pb_row_inner][\/et_pb_column][\/et_pb_section]<\/p>\n","protected":false},"excerpt":{"rendered":"<p>natura i efici\u00e8ncia S.L. Contacto Quien Somos?jsanchez@natefi.com+34 618 26 4876jaume@natefi.com+34 630 906 107 santi@natefi.com+34 678 78 9737\u00bfD\u00f3nde estamos?\ud83d\udccd Carrer de la Conc\u00f2rdia 147, 08242 Manresa\u260e\ufe0f +34 618 26 4876\ud83d\udce8\u00a0info@natefi.com\u231a 9am &#8211; 6pm<\/p>\n","protected":false},"author":1,"featured_media":0,"parent":0,"menu_order":0,"comment_status":"closed","ping_status":"closed","template":"","meta":{"_acf_changed":false,"_et_pb_use_builder":"on","_et_pb_old_content":"","_et_gb_content_width":"","footnotes":""},"class_list":["post-277","page","type-page","status-publish","hentry"],"acf":[],"yoast_head":"<!-- This site is optimized with the Yoast SEO plugin v27.5 - https:\/\/yoast.com\/product\/yoast-seo-wordpress\/ -->\n<title>Contacto - Natefi<\/title>\n<meta name=\"description\" content=\"A Natura i Efici\u00e8ncia som importadors i distribu\u00efdors oficials de calderes de biomassa SOLARFOCUS a Catalunya. Oferim solucions eficients en calefacci\u00f3 per a instal\u00b7lacions industrials i semi-industrials com c\u00e0mpings, masies, hotels, instal\u00b7lacions esportives i empreses. Calderes de pellet, llenya, combinades llenya i pellet, i estella amb m\u00e0xima efici\u00e8ncia i estalvi energ\u00e8tic. Descobreix les nostres solucions per instal\u00b7ladors a NATEFI.COM.\" \/>\n<meta name=\"robots\" content=\"index, follow, max-snippet:-1, max-image-preview:large, max-video-preview:-1\" \/>\n<link rel=\"canonical\" href=\"https:\/\/natefi.com\/es\/contacto\/\" \/>\n<meta property=\"og:locale\" content=\"es_ES\" \/>\n<meta property=\"og:type\" content=\"article\" \/>\n<meta property=\"og:title\" content=\"Contacto - Natefi\" \/>\n<meta property=\"og:description\" content=\"A Natura i Efici\u00e8ncia som importadors i distribu\u00efdors oficials de calderes de biomassa SOLARFOCUS a Catalunya. Oferim solucions eficients en calefacci\u00f3 per a instal\u00b7lacions industrials i semi-industrials com c\u00e0mpings, masies, hotels, instal\u00b7lacions esportives i empreses. Calderes de pellet, llenya, combinades llenya i pellet, i estella amb m\u00e0xima efici\u00e8ncia i estalvi energ\u00e8tic. Descobreix les nostres solucions per instal\u00b7ladors a NATEFI.COM.\" \/>\n<meta property=\"og:url\" content=\"https:\/\/natefi.com\/es\/contacto\/\" \/>\n<meta property=\"og:site_name\" content=\"Natefi\" \/>\n<meta property=\"article:modified_time\" content=\"2026-02-18T15:29:54+00:00\" \/>\n<meta property=\"og:image\" content=\"https:\/\/natefi.com\/wp-content\/uploads\/2024\/11\/LogoNATEFI-removebg-preview.png\" \/>\n\t<meta property=\"og:image:width\" content=\"537\" \/>\n\t<meta property=\"og:image:height\" content=\"465\" \/>\n\t<meta property=\"og:image:type\" content=\"image\/png\" \/>\n<meta name=\"twitter:card\" content=\"summary_large_image\" \/>\n<meta name=\"twitter:label1\" content=\"Tiempo de lectura\" \/>\n\t<meta name=\"twitter:data1\" content=\"1 minuto\" \/>\n<script type=\"application\/ld+json\" class=\"yoast-schema-graph\">{\"@context\":\"https:\\\/\\\/schema.org\",\"@graph\":[{\"@type\":\"WebPage\",\"@id\":\"https:\\\/\\\/natefi.com\\\/es\\\/contacto\\\/\",\"url\":\"https:\\\/\\\/natefi.com\\\/es\\\/contacto\\\/\",\"name\":\"Contacto - Natefi\",\"isPartOf\":{\"@id\":\"https:\\\/\\\/natefi.com\\\/es\\\/#website\"},\"datePublished\":\"2025-01-08T12:39:16+00:00\",\"dateModified\":\"2026-02-18T15:29:54+00:00\",\"description\":\"A Natura i Efici\u00e8ncia som importadors i distribu\u00efdors oficials de calderes de biomassa SOLARFOCUS a Catalunya. Oferim solucions eficients en calefacci\u00f3 per a instal\u00b7lacions industrials i semi-industrials com c\u00e0mpings, masies, hotels, instal\u00b7lacions esportives i empreses. Calderes de pellet, llenya, combinades llenya i pellet, i estella amb m\u00e0xima efici\u00e8ncia i estalvi energ\u00e8tic. Descobreix les nostres solucions per instal\u00b7ladors a NATEFI.COM.\",\"breadcrumb\":{\"@id\":\"https:\\\/\\\/natefi.com\\\/es\\\/contacto\\\/#breadcrumb\"},\"inLanguage\":\"es\",\"potentialAction\":[{\"@type\":\"ReadAction\",\"target\":[\"https:\\\/\\\/natefi.com\\\/es\\\/contacto\\\/\"]}]},{\"@type\":\"BreadcrumbList\",\"@id\":\"https:\\\/\\\/natefi.com\\\/es\\\/contacto\\\/#breadcrumb\",\"itemListElement\":[{\"@type\":\"ListItem\",\"position\":1,\"name\":\"Inici\",\"item\":\"https:\\\/\\\/natefi.com\\\/es\\\/inici\\\/\"},{\"@type\":\"ListItem\",\"position\":2,\"name\":\"Contacto\"}]},{\"@type\":\"WebSite\",\"@id\":\"https:\\\/\\\/natefi.com\\\/es\\\/#website\",\"url\":\"https:\\\/\\\/natefi.com\\\/es\\\/\",\"name\":\"Natefi\",\"description\":\"Optimitzaci\u00f3 del consum energ\u00e8tic; Calderes de llenya i pellet, calderes de pellet, calderes d&#039;estella, panells solars t\u00e8rmics,\u2026 IMPORTADORS de SOLARFOCUS per a tota Espanya\",\"publisher\":{\"@id\":\"https:\\\/\\\/natefi.com\\\/es\\\/#organization\"},\"alternateName\":\"Natefi Natura i eficiencia energetica\",\"potentialAction\":[{\"@type\":\"SearchAction\",\"target\":{\"@type\":\"EntryPoint\",\"urlTemplate\":\"https:\\\/\\\/natefi.com\\\/es\\\/?s={search_term_string}\"},\"query-input\":{\"@type\":\"PropertyValueSpecification\",\"valueRequired\":true,\"valueName\":\"search_term_string\"}}],\"inLanguage\":\"es\"},{\"@type\":\"Organization\",\"@id\":\"https:\\\/\\\/natefi.com\\\/es\\\/#organization\",\"name\":\"Natura i eficiencia energetica Natefi\",\"alternateName\":\"Natefi Natura i eficiencia energetica\",\"url\":\"https:\\\/\\\/natefi.com\\\/es\\\/\",\"logo\":{\"@type\":\"ImageObject\",\"inLanguage\":\"es\",\"@id\":\"https:\\\/\\\/natefi.com\\\/es\\\/#\\\/schema\\\/logo\\\/image\\\/\",\"url\":\"https:\\\/\\\/natefi.com\\\/wp-content\\\/uploads\\\/2025\\\/01\\\/cropped-Captura_de_pantalla_2024-11-25_160541-removebg-preview-1-1.png\",\"contentUrl\":\"https:\\\/\\\/natefi.com\\\/wp-content\\\/uploads\\\/2025\\\/01\\\/cropped-Captura_de_pantalla_2024-11-25_160541-removebg-preview-1-1.png\",\"width\":512,\"height\":512,\"caption\":\"Natura i eficiencia energetica Natefi\"},\"image\":{\"@id\":\"https:\\\/\\\/natefi.com\\\/es\\\/#\\\/schema\\\/logo\\\/image\\\/\"}}]}<\/script>\n<!-- \/ Yoast SEO plugin. -->","yoast_head_json":{"title":"Contacto - Natefi","description":"A Natura i Efici\u00e8ncia som importadors i distribu\u00efdors oficials de calderes de biomassa SOLARFOCUS a Catalunya. Oferim solucions eficients en calefacci\u00f3 per a instal\u00b7lacions industrials i semi-industrials com c\u00e0mpings, masies, hotels, instal\u00b7lacions esportives i empreses. Calderes de pellet, llenya, combinades llenya i pellet, i estella amb m\u00e0xima efici\u00e8ncia i estalvi energ\u00e8tic. Descobreix les nostres solucions per instal\u00b7ladors a NATEFI.COM.","robots":{"index":"index","follow":"follow","max-snippet":"max-snippet:-1","max-image-preview":"max-image-preview:large","max-video-preview":"max-video-preview:-1"},"canonical":"https:\/\/natefi.com\/es\/contacto\/","og_locale":"es_ES","og_type":"article","og_title":"Contacto - Natefi","og_description":"A Natura i Efici\u00e8ncia som importadors i distribu\u00efdors oficials de calderes de biomassa SOLARFOCUS a Catalunya. Oferim solucions eficients en calefacci\u00f3 per a instal\u00b7lacions industrials i semi-industrials com c\u00e0mpings, masies, hotels, instal\u00b7lacions esportives i empreses. Calderes de pellet, llenya, combinades llenya i pellet, i estella amb m\u00e0xima efici\u00e8ncia i estalvi energ\u00e8tic. Descobreix les nostres solucions per instal\u00b7ladors a NATEFI.COM.","og_url":"https:\/\/natefi.com\/es\/contacto\/","og_site_name":"Natefi","article_modified_time":"2026-02-18T15:29:54+00:00","og_image":[{"width":537,"height":465,"url":"https:\/\/natefi.com\/wp-content\/uploads\/2024\/11\/LogoNATEFI-removebg-preview.png","type":"image\/png"}],"twitter_card":"summary_large_image","twitter_misc":{"Tiempo de lectura":"1 minuto"},"schema":{"@context":"https:\/\/schema.org","@graph":[{"@type":"WebPage","@id":"https:\/\/natefi.com\/es\/contacto\/","url":"https:\/\/natefi.com\/es\/contacto\/","name":"Contacto - Natefi","isPartOf":{"@id":"https:\/\/natefi.com\/es\/#website"},"datePublished":"2025-01-08T12:39:16+00:00","dateModified":"2026-02-18T15:29:54+00:00","description":"A Natura i Efici\u00e8ncia som importadors i distribu\u00efdors oficials de calderes de biomassa SOLARFOCUS a Catalunya. Oferim solucions eficients en calefacci\u00f3 per a instal\u00b7lacions industrials i semi-industrials com c\u00e0mpings, masies, hotels, instal\u00b7lacions esportives i empreses. Calderes de pellet, llenya, combinades llenya i pellet, i estella amb m\u00e0xima efici\u00e8ncia i estalvi energ\u00e8tic. Descobreix les nostres solucions per instal\u00b7ladors a NATEFI.COM.","breadcrumb":{"@id":"https:\/\/natefi.com\/es\/contacto\/#breadcrumb"},"inLanguage":"es","potentialAction":[{"@type":"ReadAction","target":["https:\/\/natefi.com\/es\/contacto\/"]}]},{"@type":"BreadcrumbList","@id":"https:\/\/natefi.com\/es\/contacto\/#breadcrumb","itemListElement":[{"@type":"ListItem","position":1,"name":"Inici","item":"https:\/\/natefi.com\/es\/inici\/"},{"@type":"ListItem","position":2,"name":"Contacto"}]},{"@type":"WebSite","@id":"https:\/\/natefi.com\/es\/#website","url":"https:\/\/natefi.com\/es\/","name":"Natefi","description":"Optimitzaci\u00f3 del consum energ\u00e8tic; Calderes de llenya i pellet, calderes de pellet, calderes d&#039;estella, panells solars t\u00e8rmics,\u2026 IMPORTADORS de SOLARFOCUS per a tota Espanya","publisher":{"@id":"https:\/\/natefi.com\/es\/#organization"},"alternateName":"Natefi Natura i eficiencia energetica","potentialAction":[{"@type":"SearchAction","target":{"@type":"EntryPoint","urlTemplate":"https:\/\/natefi.com\/es\/?s={search_term_string}"},"query-input":{"@type":"PropertyValueSpecification","valueRequired":true,"valueName":"search_term_string"}}],"inLanguage":"es"},{"@type":"Organization","@id":"https:\/\/natefi.com\/es\/#organization","name":"Natura i eficiencia energetica Natefi","alternateName":"Natefi Natura i eficiencia energetica","url":"https:\/\/natefi.com\/es\/","logo":{"@type":"ImageObject","inLanguage":"es","@id":"https:\/\/natefi.com\/es\/#\/schema\/logo\/image\/","url":"https:\/\/natefi.com\/wp-content\/uploads\/2025\/01\/cropped-Captura_de_pantalla_2024-11-25_160541-removebg-preview-1-1.png","contentUrl":"https:\/\/natefi.com\/wp-content\/uploads\/2025\/01\/cropped-Captura_de_pantalla_2024-11-25_160541-removebg-preview-1-1.png","width":512,"height":512,"caption":"Natura i eficiencia energetica Natefi"},"image":{"@id":"https:\/\/natefi.com\/es\/#\/schema\/logo\/image\/"}}]}},"_links":{"self":[{"href":"https:\/\/natefi.com\/es\/wp-json\/wp\/v2\/pages\/277","targetHints":{"allow":["GET"]}}],"collection":[{"href":"https:\/\/natefi.com\/es\/wp-json\/wp\/v2\/pages"}],"about":[{"href":"https:\/\/natefi.com\/es\/wp-json\/wp\/v2\/types\/page"}],"author":[{"embeddable":true,"href":"https:\/\/natefi.com\/es\/wp-json\/wp\/v2\/users\/1"}],"replies":[{"embeddable":true,"href":"https:\/\/natefi.com\/es\/wp-json\/wp\/v2\/comments?post=277"}],"version-history":[{"count":7,"href":"https:\/\/natefi.com\/es\/wp-json\/wp\/v2\/pages\/277\/revisions"}],"predecessor-version":[{"id":767,"href":"https:\/\/natefi.com\/es\/wp-json\/wp\/v2\/pages\/277\/revisions\/767"}],"wp:attachment":[{"href":"https:\/\/natefi.com\/es\/wp-json\/wp\/v2\/media?parent=277"}],"curies":[{"name":"wp","href":"https:\/\/api.w.org\/{rel}","templated":true}]}}