{"id":285,"date":"2025-01-16T09:32:52","date_gmt":"2025-01-16T09:32:52","guid":{"rendered":"https:\/\/natefi.com\/catalegs-productes\/"},"modified":"2025-10-22T10:23:59","modified_gmt":"2025-10-22T10:23:59","slug":"catalogos-productos","status":"publish","type":"page","link":"https:\/\/natefi.com\/es\/catalogos-productos\/","title":{"rendered":"Cat\u00e1logos de productos"},"content":{"rendered":"\n[et_pb_section fb_built=\u00bb1&#8243; _builder_version=\u00bb4.24.0&#8243; _module_preset=\u00bbdefault\u00bb background_color=\u00bbrgba(76,175,80,0.5)\u00bb custom_padding=\u00bb19px||54px|||\u00bb locked=\u00bboff\u00bb global_colors_info=\u00bb{}\u00bb][et_pb_row _builder_version=\u00bb4.24.0&#8243; _module_preset=\u00bbdefault\u00bb global_colors_info=\u00bb{}\u00bb][et_pb_column type=\u00bb4_4&#8243; _builder_version=\u00bb4.24.0&#8243; _module_preset=\u00bbdefault\u00bb global_colors_info=\u00bb{}\u00bb][et_pb_text _builder_version=\u00bb4.24.0&#8243; _module_preset=\u00bbdefault\u00bb header_2_font=\u00bb|800|||||||\u00bb header_2_text_color=\u00bb#111915&#8243; header_2_font_size=\u00bb3.35em\u00bb header_2_line_height=\u00bb1.1em\u00bb global_colors_info=\u00bb{}\u00bb]<p style=\"text-align: center;\"><span class=\"item_subtitle\">natura y efici\u00e8ncia S.L.<\/span><\/p>\n<p style=\"text-align: center;\"><span class=\"item_subtitle\"><\/span><\/p>\n<h2 style=\"text-align: center;\">Cat\u00e1logos de productos<\/h2>\n<p style=\"text-align: center;\">[\/et_pb_text][\/et_pb_column][\/et_pb_row][\/et_pb_section][et_pb_section fb_built=\u00bb1&#8243; _builder_version=\u00bb4.24.0&#8243; _module_preset=\u00bbdefault\u00bb global_colors_info=\u00bb{}\u00bb][et_pb_row _builder_version=\u00bb4.24.0&#8243; _module_preset=\u00bbdefault\u00bb column_structure=\u00bb1_2,1_2&#8243; custom_padding=\u00bb||0px|||\u00bb][et_pb_column _builder_version=\u00bb4.24.0&#8243; _module_preset=\u00bbdefault\u00bb type=\u00bb1_2&#8243;][et_pb_text _builder_version=\u00bb4.24.0&#8243; _module_preset=\u00bbdefault\u00bb hover_enabled=\u00bb0&#8243; sticky_enabled=\u00bb0&#8243;]<h1 style=\"text-align: center;\"><strong>CALDERAS DE BIOMASA<\/strong><\/h1>[\/et_pb_text][\/et_pb_column][et_pb_column _builder_version=\u00bb4.24.0&#8243; _module_preset=\u00bbdefault\u00bb type=\u00bb1_2&#8243;][et_pb_text _builder_version=\u00bb4.24.0&#8243; _module_preset=\u00bbdefault\u00bb hover_enabled=\u00bb0&#8243; sticky_enabled=\u00bb0&#8243;]<h1 style=\"text-align: center;\"><strong>SISTEMAS DE SUELO RADIANTE<\/strong><\/h1>[\/et_pb_text][\/et_pb_column][\/et_pb_row][et_pb_row column_structure=\u00bb1_2,1_2&#8243; _builder_version=\u00bb4.24.0&#8243; _module_preset=\u00bbdefault\u00bb global_colors_info=\u00bb{}\u00bb][et_pb_column type=\u00bb1_2&#8243; _builder_version=\u00bb4.24.0&#8243; _module_preset=\u00bbdefault\u00bb global_colors_info=\u00bb{}\u00bb][et_pb_image src=\u00bbhttps:\/\/natefi.com\/wp-content\/uploads\/2025\/01\/Logo_ohne_unabhaengig.282bfd0f.jpg\u00bb title_text=\u00bbLogo_ohne_unabhaengig.282bfd0f\u00bb url=\u00bbhttps:\/\/www.solarfocus.com\/es\/servicio\/descargas\/folletos\u00bb url_new_window=\u00bbon\u00bb _builder_version=\u00bb4.24.0&#8243; _module_preset=\u00bbdefault\u00bb global_colors_info=\u00bb{}\u00bb][\/et_pb_image][\/et_pb_column][et_pb_column type=\u00bb1_2&#8243; _builder_version=\u00bb4.24.0&#8243; _module_preset=\u00bbdefault\u00bb global_colors_info=\u00bb{}\u00bb][et_pb_image src=\u00bbhttps:\/\/natefi.com\/wp-content\/uploads\/2025\/01\/logo-1.png\u00bb title_text=\u00bblogo (1)\u00bb url=\u00bbhttps:\/\/natefi.com\/wp-content\/uploads\/2025\/01\/vista-general-del-sistema.pdf\u00bb url_new_window=\u00bbon\u00bb _builder_version=\u00bb4.24.0&#8243; _module_preset=\u00bbdefault\u00bb global_colors_info=\u00bb{}\u00bb][\/et_pb_image][\/et_pb_column][\/et_pb_row][\/et_pb_section]\n","protected":false},"excerpt":{"rendered":"<p>natura y efici\u00e8ncia S.L. Cat\u00e1logos de productos CALDERAS DE BIOMASASISTEMAS DE SUELO RADIANTE<\/p>\n","protected":false},"author":1,"featured_media":0,"parent":0,"menu_order":0,"comment_status":"closed","ping_status":"closed","template":"","meta":{"_acf_changed":false,"_et_pb_use_builder":"on","_et_pb_old_content":"","_et_gb_content_width":"","footnotes":""},"class_list":["post-285","page","type-page","status-publish","hentry"],"acf":[],"yoast_head":"<!-- This site is optimized with the Yoast SEO plugin v27.5 - https:\/\/yoast.com\/product\/yoast-seo-wordpress\/ -->\n<title>Cat\u00e1logos de productos - Natefi<\/title>\n<meta name=\"description\" content=\"A Natura i Efici\u00e8ncia som importadors i distribu\u00efdors oficials de calderes de biomassa SOLARFOCUS a Catalunya. I terres radiants Harreither.\" \/>\n<meta name=\"robots\" content=\"index, follow, max-snippet:-1, max-image-preview:large, max-video-preview:-1\" \/>\n<link rel=\"canonical\" href=\"https:\/\/natefi.com\/es\/catalogos-productos\/\" \/>\n<meta property=\"og:locale\" content=\"es_ES\" \/>\n<meta property=\"og:type\" content=\"article\" \/>\n<meta property=\"og:title\" content=\"Cat\u00e1logos de productos - Natefi\" \/>\n<meta property=\"og:description\" content=\"A Natura i Efici\u00e8ncia som importadors i distribu\u00efdors oficials de calderes de biomassa SOLARFOCUS a Catalunya. I terres radiants Harreither.\" \/>\n<meta property=\"og:url\" content=\"https:\/\/natefi.com\/es\/catalogos-productos\/\" \/>\n<meta property=\"og:site_name\" content=\"Natefi\" \/>\n<meta property=\"article:modified_time\" content=\"2025-10-22T10:23:59+00:00\" \/>\n<meta property=\"og:image\" content=\"https:\/\/natefi.com\/wp-content\/uploads\/2024\/11\/LogoNATEFI-removebg-preview.png\" \/>\n\t<meta property=\"og:image:width\" content=\"537\" \/>\n\t<meta property=\"og:image:height\" content=\"465\" \/>\n\t<meta property=\"og:image:type\" content=\"image\/png\" \/>\n<meta name=\"twitter:card\" content=\"summary_large_image\" \/>\n<meta name=\"twitter:label1\" content=\"Tiempo de lectura\" \/>\n\t<meta name=\"twitter:data1\" content=\"1 minuto\" \/>\n<script type=\"application\/ld+json\" class=\"yoast-schema-graph\">{\"@context\":\"https:\\\/\\\/schema.org\",\"@graph\":[{\"@type\":\"WebPage\",\"@id\":\"https:\\\/\\\/natefi.com\\\/es\\\/catalogos-productos\\\/\",\"url\":\"https:\\\/\\\/natefi.com\\\/es\\\/catalogos-productos\\\/\",\"name\":\"Cat\u00e1logos de productos - Natefi\",\"isPartOf\":{\"@id\":\"https:\\\/\\\/natefi.com\\\/es\\\/#website\"},\"datePublished\":\"2025-01-16T09:32:52+00:00\",\"dateModified\":\"2025-10-22T10:23:59+00:00\",\"description\":\"A Natura i Efici\u00e8ncia som importadors i distribu\u00efdors oficials de calderes de biomassa SOLARFOCUS a Catalunya. I terres radiants Harreither.\",\"breadcrumb\":{\"@id\":\"https:\\\/\\\/natefi.com\\\/es\\\/catalogos-productos\\\/#breadcrumb\"},\"inLanguage\":\"es\",\"potentialAction\":[{\"@type\":\"ReadAction\",\"target\":[\"https:\\\/\\\/natefi.com\\\/es\\\/catalogos-productos\\\/\"]}]},{\"@type\":\"BreadcrumbList\",\"@id\":\"https:\\\/\\\/natefi.com\\\/es\\\/catalogos-productos\\\/#breadcrumb\",\"itemListElement\":[{\"@type\":\"ListItem\",\"position\":1,\"name\":\"Inici\",\"item\":\"https:\\\/\\\/natefi.com\\\/es\\\/inici\\\/\"},{\"@type\":\"ListItem\",\"position\":2,\"name\":\"Cat\u00e1logos de productos\"}]},{\"@type\":\"WebSite\",\"@id\":\"https:\\\/\\\/natefi.com\\\/es\\\/#website\",\"url\":\"https:\\\/\\\/natefi.com\\\/es\\\/\",\"name\":\"Natefi\",\"description\":\"Optimitzaci\u00f3 del consum energ\u00e8tic; Calderes de llenya i pellet, calderes de pellet, calderes d&#039;estella, panells solars t\u00e8rmics,\u2026 IMPORTADORS de SOLARFOCUS per a tota Espanya\",\"publisher\":{\"@id\":\"https:\\\/\\\/natefi.com\\\/es\\\/#organization\"},\"alternateName\":\"Natefi Natura i eficiencia energetica\",\"potentialAction\":[{\"@type\":\"SearchAction\",\"target\":{\"@type\":\"EntryPoint\",\"urlTemplate\":\"https:\\\/\\\/natefi.com\\\/es\\\/?s={search_term_string}\"},\"query-input\":{\"@type\":\"PropertyValueSpecification\",\"valueRequired\":true,\"valueName\":\"search_term_string\"}}],\"inLanguage\":\"es\"},{\"@type\":\"Organization\",\"@id\":\"https:\\\/\\\/natefi.com\\\/es\\\/#organization\",\"name\":\"Natura i eficiencia energetica Natefi\",\"alternateName\":\"Natefi Natura i eficiencia energetica\",\"url\":\"https:\\\/\\\/natefi.com\\\/es\\\/\",\"logo\":{\"@type\":\"ImageObject\",\"inLanguage\":\"es\",\"@id\":\"https:\\\/\\\/natefi.com\\\/es\\\/#\\\/schema\\\/logo\\\/image\\\/\",\"url\":\"https:\\\/\\\/natefi.com\\\/wp-content\\\/uploads\\\/2025\\\/01\\\/cropped-Captura_de_pantalla_2024-11-25_160541-removebg-preview-1-1.png\",\"contentUrl\":\"https:\\\/\\\/natefi.com\\\/wp-content\\\/uploads\\\/2025\\\/01\\\/cropped-Captura_de_pantalla_2024-11-25_160541-removebg-preview-1-1.png\",\"width\":512,\"height\":512,\"caption\":\"Natura i eficiencia energetica Natefi\"},\"image\":{\"@id\":\"https:\\\/\\\/natefi.com\\\/es\\\/#\\\/schema\\\/logo\\\/image\\\/\"}}]}<\/script>\n<!-- \/ Yoast SEO plugin. -->","yoast_head_json":{"title":"Cat\u00e1logos de productos - Natefi","description":"A Natura i Efici\u00e8ncia som importadors i distribu\u00efdors oficials de calderes de biomassa SOLARFOCUS a Catalunya. I terres radiants Harreither.","robots":{"index":"index","follow":"follow","max-snippet":"max-snippet:-1","max-image-preview":"max-image-preview:large","max-video-preview":"max-video-preview:-1"},"canonical":"https:\/\/natefi.com\/es\/catalogos-productos\/","og_locale":"es_ES","og_type":"article","og_title":"Cat\u00e1logos de productos - Natefi","og_description":"A Natura i Efici\u00e8ncia som importadors i distribu\u00efdors oficials de calderes de biomassa SOLARFOCUS a Catalunya. I terres radiants Harreither.","og_url":"https:\/\/natefi.com\/es\/catalogos-productos\/","og_site_name":"Natefi","article_modified_time":"2025-10-22T10:23:59+00:00","og_image":[{"width":537,"height":465,"url":"https:\/\/natefi.com\/wp-content\/uploads\/2024\/11\/LogoNATEFI-removebg-preview.png","type":"image\/png"}],"twitter_card":"summary_large_image","twitter_misc":{"Tiempo de lectura":"1 minuto"},"schema":{"@context":"https:\/\/schema.org","@graph":[{"@type":"WebPage","@id":"https:\/\/natefi.com\/es\/catalogos-productos\/","url":"https:\/\/natefi.com\/es\/catalogos-productos\/","name":"Cat\u00e1logos de productos - Natefi","isPartOf":{"@id":"https:\/\/natefi.com\/es\/#website"},"datePublished":"2025-01-16T09:32:52+00:00","dateModified":"2025-10-22T10:23:59+00:00","description":"A Natura i Efici\u00e8ncia som importadors i distribu\u00efdors oficials de calderes de biomassa SOLARFOCUS a Catalunya. I terres radiants Harreither.","breadcrumb":{"@id":"https:\/\/natefi.com\/es\/catalogos-productos\/#breadcrumb"},"inLanguage":"es","potentialAction":[{"@type":"ReadAction","target":["https:\/\/natefi.com\/es\/catalogos-productos\/"]}]},{"@type":"BreadcrumbList","@id":"https:\/\/natefi.com\/es\/catalogos-productos\/#breadcrumb","itemListElement":[{"@type":"ListItem","position":1,"name":"Inici","item":"https:\/\/natefi.com\/es\/inici\/"},{"@type":"ListItem","position":2,"name":"Cat\u00e1logos de productos"}]},{"@type":"WebSite","@id":"https:\/\/natefi.com\/es\/#website","url":"https:\/\/natefi.com\/es\/","name":"Natefi","description":"Optimitzaci\u00f3 del consum energ\u00e8tic; Calderes de llenya i pellet, calderes de pellet, calderes d&#039;estella, panells solars t\u00e8rmics,\u2026 IMPORTADORS de SOLARFOCUS per a tota Espanya","publisher":{"@id":"https:\/\/natefi.com\/es\/#organization"},"alternateName":"Natefi Natura i eficiencia energetica","potentialAction":[{"@type":"SearchAction","target":{"@type":"EntryPoint","urlTemplate":"https:\/\/natefi.com\/es\/?s={search_term_string}"},"query-input":{"@type":"PropertyValueSpecification","valueRequired":true,"valueName":"search_term_string"}}],"inLanguage":"es"},{"@type":"Organization","@id":"https:\/\/natefi.com\/es\/#organization","name":"Natura i eficiencia energetica Natefi","alternateName":"Natefi Natura i eficiencia energetica","url":"https:\/\/natefi.com\/es\/","logo":{"@type":"ImageObject","inLanguage":"es","@id":"https:\/\/natefi.com\/es\/#\/schema\/logo\/image\/","url":"https:\/\/natefi.com\/wp-content\/uploads\/2025\/01\/cropped-Captura_de_pantalla_2024-11-25_160541-removebg-preview-1-1.png","contentUrl":"https:\/\/natefi.com\/wp-content\/uploads\/2025\/01\/cropped-Captura_de_pantalla_2024-11-25_160541-removebg-preview-1-1.png","width":512,"height":512,"caption":"Natura i eficiencia energetica Natefi"},"image":{"@id":"https:\/\/natefi.com\/es\/#\/schema\/logo\/image\/"}}]}},"_links":{"self":[{"href":"https:\/\/natefi.com\/es\/wp-json\/wp\/v2\/pages\/285","targetHints":{"allow":["GET"]}}],"collection":[{"href":"https:\/\/natefi.com\/es\/wp-json\/wp\/v2\/pages"}],"about":[{"href":"https:\/\/natefi.com\/es\/wp-json\/wp\/v2\/types\/page"}],"author":[{"embeddable":true,"href":"https:\/\/natefi.com\/es\/wp-json\/wp\/v2\/users\/1"}],"replies":[{"embeddable":true,"href":"https:\/\/natefi.com\/es\/wp-json\/wp\/v2\/comments?post=285"}],"version-history":[{"count":5,"href":"https:\/\/natefi.com\/es\/wp-json\/wp\/v2\/pages\/285\/revisions"}],"predecessor-version":[{"id":577,"href":"https:\/\/natefi.com\/es\/wp-json\/wp\/v2\/pages\/285\/revisions\/577"}],"wp:attachment":[{"href":"https:\/\/natefi.com\/es\/wp-json\/wp\/v2\/media?parent=285"}],"curies":[{"name":"wp","href":"https:\/\/api.w.org\/{rel}","templated":true}]}}