{"id":298,"date":"2025-01-16T08:37:51","date_gmt":"2025-01-16T08:37:51","guid":{"rendered":"https:\/\/natefi.com\/calderes-de-biomassa\/"},"modified":"2025-10-22T09:59:06","modified_gmt":"2025-10-22T09:59:06","slug":"calderas-de-biomasa","status":"publish","type":"page","link":"https:\/\/natefi.com\/es\/calderas-de-biomasa\/","title":{"rendered":"Calderas de biomasa"},"content":{"rendered":"<p>[et_pb_section fb_built=\u00bb1&#8243; _builder_version=\u00bb4.24.0&#8243; _module_preset=\u00bbdefault\u00bb background_color=\u00bbrgba(76,175,80,0.5)\u00bb custom_padding=\u00bb19px|||||\u00bb locked=\u00bboff\u00bb global_colors_info=\u00bb{}\u00bb][et_pb_row _builder_version=\u00bb4.24.0&#8243; _module_preset=\u00bbdefault\u00bb global_colors_info=\u00bb{}\u00bb][et_pb_column type=\u00bb4_4&#8243; _builder_version=\u00bb4.24.0&#8243; _module_preset=\u00bbdefault\u00bb global_colors_info=\u00bb{}\u00bb][et_pb_text _builder_version=\u00bb4.24.0&#8243; _module_preset=\u00bbdefault\u00bb header_2_font=\u00bb|800|||||||\u00bb header_2_text_color=\u00bb#111915&#8243; header_2_font_size=\u00bb3.35em\u00bb header_2_line_height=\u00bb1.1em\u00bb global_colors_info=\u00bb{}\u00bb]<\/p>\n<p style=\"text-align: center;\"><span class=\"item_subtitle\">natura i efici\u00e8ncia S.L.<\/span><\/p>\n<p style=\"text-align: center;\"><span class=\"item_subtitle\"><\/span><\/p>\n<h2 style=\"text-align: center;\">Calderas de biomasa<\/p>\n<\/h2>\n<p style=\"text-align: center;\">[\/et_pb_text][\/et_pb_column][\/et_pb_row][\/et_pb_section][et_pb_section fb_built=\u00bb1&#8243; _builder_version=\u00bb4.24.0&#8243; _module_preset=\u00bbdefault\u00bb global_colors_info=\u00bb{}\u00bb][et_pb_row _builder_version=\u00bb4.24.0&#8243; _module_preset=\u00bbdefault\u00bb max_width=\u00bb65%\u00bb custom_padding=\u00bb0px|||||\u00bb global_colors_info=\u00bb{}\u00bb][et_pb_column type=\u00bb4_4&#8243; _builder_version=\u00bb4.24.0&#8243; _module_preset=\u00bbdefault\u00bb global_colors_info=\u00bb{}\u00bb][et_pb_text _builder_version=\u00bb4.24.0&#8243; _module_preset=\u00bbdefault\u00bb global_colors_info=\u00bb{}\u00bb]<\/p>\n<p><strong>\u00bfSabes que son las calderas de biomasa?<\/strong><\/p>\n<p style=\"text-align: justify;\">Las calderas de biomasa <a href=\"https:\/\/www.solarfocus.com\/es\/mainnavbar\/caldera\"><strong>SOLARFOCUS<\/strong> <\/a>se caracterizan por una excelente combusti\u00f3n con temperaturas muy elevadas (<span style=\"text-decoration: underline;\">llama invertida<\/span>), una <span style=\"text-decoration: underline;\">alta eficiencia<\/span> en el intercambio de calor y una <span style=\"text-decoration: underline;\">regulaci\u00f3n muy sencilla<\/span> a trav\u00e9s de pantalla t\u00e1ctil. Para la generaci\u00f3n de calor utilizan combustible de madera (<strong>pellets, astillas y troncos<\/strong>, as\u00ed como la combinaci\u00f3n autom\u00e1tica de <strong>troncos-pellets<\/strong> y <span style=\"text-decoration: underline;\">troncos-astillas<\/span>), y de esta manera contribuyen a la protecci\u00f3n del clima y del medio ambiente:<\/p>\n<p>&nbsp;<\/p>\n<ul>\n<li>Combustible sostenible<\/li>\n<li>Seguridad de suministro gracias a la producci\u00f3n local<\/li>\n<li>Sin riesgo en el transporte y almacenamiento<\/li>\n<li>Estabilidad de precios desde hace mucho tiempo<\/li>\n<\/ul>\n<p>[\/et_pb_text][\/et_pb_column][\/et_pb_row][et_pb_row column_structure=\u00bb1_4,1_4,1_4,1_4&#8243; use_custom_gutter=\u00bbon\u00bb gutter_width=\u00bb2&#8243; _builder_version=\u00bb4.24.0&#8243; _module_preset=\u00bbdefault\u00bb max_width=\u00bb80%\u00bb global_colors_info=\u00bb{}\u00bb][et_pb_column type=\u00bb1_4&#8243; _builder_version=\u00bb4.24.0&#8243; _module_preset=\u00bbdefault\u00bb border_radii=\u00bbon|10px|10px|10px|10px\u00bb box_shadow_style=\u00bbpreset1&#8243; global_colors_info=\u00bb{}\u00bb][et_pb_blurb title=\u00bbCalderas de Pellets\u00bb url=\u00bbhttps:\/\/natefi.com\/es\/calderas-de-biomasa\/calderas-de-pellets\/\u00bb image=\u00bbhttps:\/\/natefi.com\/wp-content\/uploads\/2025\/01\/16112533681_3152a5b7b3_b.jpg\u00bb _builder_version=\u00bb4.24.0&#8243; _module_preset=\u00bbdefault\u00bb header_font=\u00bb|800|||||||\u00bb header_text_color=\u00bb#000000&#8243; header_font_size=\u00bb40px\u00bb custom_css_blurb_title=\u00bbpadding-left:15px;||padding-right:15px;\u00bb custom_css_blurb_content=\u00bbmin-height:590px\u00bb global_colors_info=\u00bb{}\u00bb]<\/p>\n<div style=\"padding: 15px;\">\n<p>Manipulaci\u00f3n muy sencilla y ocupaci\u00f3n m\u00ednima de espacio. Las <strong>calderas de pellets<\/strong> SOLARFOCUS ofrecen la m\u00e1xima eficiencia durante mucho tiempo, un dise\u00f1o flexible y que ahorra espacio para obtener las soluciones m\u00e1s simples en cada situaci\u00f3n.<\/p>\n<p><a class=\"boton-primario\">Ver todas las calderas<br \/><\/a><\/p>\n<\/div>\n<p>[\/et_pb_blurb][\/et_pb_column][et_pb_column type=\u00bb1_4&#8243; _builder_version=\u00bb4.24.0&#8243; _module_preset=\u00bbdefault\u00bb border_radii=\u00bbon|10px|10px|10px|10px\u00bb box_shadow_style=\u00bbpreset1&#8243; global_colors_info=\u00bb{}\u00bb][et_pb_blurb title=\u00bbCalderas de pellets + le\u00f1a\u00bb url=\u00bbhttps:\/\/natefi.com\/es\/calderas-de-biomasa\/calderas-de-pellets\/\u00bb image=\u00bbhttp:\/\/natefi.com\/wp-content\/uploads\/2025\/09\/descarga.jpeg\u00bb _builder_version=\u00bb4.24.0&#8243; _module_preset=\u00bbdefault\u00bb header_font=\u00bb|800|||||||\u00bb header_text_color=\u00bb#000000&#8243; header_font_size=\u00bb40px\u00bb custom_css_blurb_title=\u00bbpadding-left:15px;||padding-right:15px;\u00bb custom_css_blurb_content=\u00bbmin-height:590px\u00bb global_colors_info=\u00bb{}\u00bb]<\/p>\n<div style=\"padding: 15px;\">\n<p>Manipulaci\u00f3n muy sencilla y ocupaci\u00f3n m\u00ednima de espacio. Las <strong>calderas de pellets<\/strong> SOLARFOCUS ofrecen la m\u00e1xima eficiencia durante mucho tiempo, un dise\u00f1o flexible y que ahorra espacio para obtener las soluciones m\u00e1s sencillas en cada situaci\u00f3n.<\/p>\n<p><a class=\"boton-primario\">Ver todas las calderas<br \/><\/a><\/p>\n<\/div>\n<p>[\/et_pb_blurb][\/et_pb_column][et_pb_column type=\u00bb1_4&#8243; _builder_version=\u00bb4.24.0&#8243; _module_preset=\u00bbdefault\u00bb border_radii=\u00bbon|10px|10px|10px|10px\u00bb box_shadow_style=\u00bbpreset1&#8243; global_colors_info=\u00bb{}\u00bb][et_pb_blurb title=\u00bbCalderas de astillas\u00bb url=\u00bbhttps:\/\/natefi.com\/es\/calderas-de-biomasa\/calderas-de-astillas\/\u00bb image=\u00bbhttps:\/\/natefi.com\/wp-content\/uploads\/2025\/01\/gp-estella-forest-04.jpeg\u00bb _builder_version=\u00bb4.24.0&#8243; _module_preset=\u00bbdefault\u00bb header_font=\u00bb|800|||||||\u00bb header_text_color=\u00bb#000000&#8243; header_font_size=\u00bb40px\u00bb custom_css_blurb_title=\u00bbpadding-left:15px;||padding-right:15px;\u00bb custom_css_blurb_content=\u00bbmin-height:590px\u00bb global_colors_info=\u00bb{}\u00bb]<\/p>\n<div style=\"padding: 15px;\">\n<p>Combustible muy adecuado para alimentaci\u00f3n autom\u00e1tica que requiere un poco m\u00e1s de espacio para almacenamiento. Las <strong>calderas de astillas<\/strong> SOLARFOCUS ofrecen la m\u00e1xima eficiencia durante mucho tiempo, m\u00ednimas emisiones y un ahorro el\u00e9ctrico extremo.<\/p>\n<p><a class=\"boton-primario\">Ver todas las calderas<br \/><\/a><\/p>\n<\/div>\n<p>[\/et_pb_blurb][\/et_pb_column][et_pb_column type=\u00bb1_4&#8243; _builder_version=\u00bb4.24.0&#8243; _module_preset=\u00bbdefault\u00bb border_radii=\u00bbon|10px|10px|10px|10px\u00bb box_shadow_style=\u00bbpreset1&#8243; global_colors_info=\u00bb{}\u00bb][et_pb_blurb title=\u00bbCalderas de troncos\u00bb url=\u00bbhttps:\/\/natefi.com\/es\/calderas-de-biomasa\/calderas-de-lena\/\u00bb image=\u00bbhttps:\/\/natefi.com\/wp-content\/uploads\/2025\/01\/llenya-alzina-30-35.jpg\u00bb _builder_version=\u00bb4.24.0&#8243; _module_preset=\u00bbdefault\u00bb header_font=\u00bb|800|||||||\u00bb header_text_color=\u00bb#000000&#8243; header_font_size=\u00bb40px\u00bb custom_css_blurb_title=\u00bbpadding-left:15px;||padding-right:15px;\u00bb custom_css_blurb_content=\u00bbmin-height:590px\u00bb global_colors_info=\u00bb{}\u00bb]<\/p>\n<div style=\"padding: 15px;\">\n<p>Combustible ideal para la carga manual de la caldera. Las <strong>calderas de le\u00f1a<\/strong> SOLARFOCUS ofrecen la m\u00e1xima eficiencia durante mucho tiempo y con una autonom\u00eda muy elevada, con la posibilidad de disponer de encendido autom\u00e1tico.<\/p>\n<p><a class=\"boton-primario\">Ver todas las calderas<br \/><\/a><\/p>\n<\/div>\n<p>[\/et_pb_blurb][\/et_pb_column][\/et_pb_row][\/et_pb_section]<\/p>\n","protected":false},"excerpt":{"rendered":"<p>natura i efici\u00e8ncia S.L. Calderas de biomasa \u00bfSabes que son las calderas de biomasa? Las calderas de biomasa SOLARFOCUS se caracterizan por una excelente combusti\u00f3n con temperaturas muy elevadas (llama invertida), una alta eficiencia en el intercambio de calor y una regulaci\u00f3n muy sencilla a trav\u00e9s de pantalla t\u00e1ctil. Para la generaci\u00f3n de calor utilizan [&hellip;]<\/p>\n","protected":false},"author":1,"featured_media":0,"parent":0,"menu_order":0,"comment_status":"closed","ping_status":"closed","template":"","meta":{"_acf_changed":false,"_et_pb_use_builder":"on","_et_pb_old_content":"<!-- wp:divi\/placeholder \/-->","_et_gb_content_width":"","footnotes":""},"class_list":["post-298","page","type-page","status-publish","hentry"],"acf":[],"yoast_head":"<!-- This site is optimized with the Yoast SEO plugin v27.5 - https:\/\/yoast.com\/product\/yoast-seo-wordpress\/ -->\n<title>Calderas de biomasa - Natefi<\/title>\n<meta name=\"description\" content=\"A Natefi distribu\u00efm calderes de biomasa de la marca SOLARFOCUS. Calderes de pellet, llenya i d\u2019estella amb m\u00e0xim estalvi energ\u00e8tic.\" \/>\n<meta name=\"robots\" content=\"index, follow, max-snippet:-1, max-image-preview:large, max-video-preview:-1\" \/>\n<link rel=\"canonical\" href=\"https:\/\/natefi.com\/es\/calderas-de-biomasa\/\" \/>\n<meta property=\"og:locale\" content=\"es_ES\" \/>\n<meta property=\"og:type\" content=\"article\" \/>\n<meta property=\"og:title\" content=\"Calderas de biomasa - Natefi\" \/>\n<meta property=\"og:description\" content=\"A Natefi distribu\u00efm calderes de biomasa de la marca SOLARFOCUS. Calderes de pellet, llenya i d\u2019estella amb m\u00e0xim estalvi energ\u00e8tic.\" \/>\n<meta property=\"og:url\" content=\"https:\/\/natefi.com\/es\/calderas-de-biomasa\/\" \/>\n<meta property=\"og:site_name\" content=\"Natefi\" \/>\n<meta property=\"article:modified_time\" content=\"2025-10-22T09:59:06+00:00\" \/>\n<meta property=\"og:image\" content=\"https:\/\/natefi.com\/wp-content\/uploads\/2024\/11\/LogoNATEFI-removebg-preview.png\" \/>\n\t<meta property=\"og:image:width\" content=\"537\" \/>\n\t<meta property=\"og:image:height\" content=\"465\" \/>\n\t<meta property=\"og:image:type\" content=\"image\/png\" \/>\n<meta name=\"twitter:card\" content=\"summary_large_image\" \/>\n<meta name=\"twitter:label1\" content=\"Tiempo de lectura\" \/>\n\t<meta name=\"twitter:data1\" content=\"3 minutos\" \/>\n<script type=\"application\/ld+json\" class=\"yoast-schema-graph\">{\"@context\":\"https:\\\/\\\/schema.org\",\"@graph\":[{\"@type\":\"WebPage\",\"@id\":\"https:\\\/\\\/natefi.com\\\/es\\\/calderas-de-biomasa\\\/\",\"url\":\"https:\\\/\\\/natefi.com\\\/es\\\/calderas-de-biomasa\\\/\",\"name\":\"Calderas de biomasa - Natefi\",\"isPartOf\":{\"@id\":\"https:\\\/\\\/natefi.com\\\/es\\\/#website\"},\"datePublished\":\"2025-01-16T08:37:51+00:00\",\"dateModified\":\"2025-10-22T09:59:06+00:00\",\"description\":\"A Natefi distribu\u00efm calderes de biomasa de la marca SOLARFOCUS. Calderes de pellet, llenya i d\u2019estella amb m\u00e0xim estalvi energ\u00e8tic.\",\"breadcrumb\":{\"@id\":\"https:\\\/\\\/natefi.com\\\/es\\\/calderas-de-biomasa\\\/#breadcrumb\"},\"inLanguage\":\"es\",\"potentialAction\":[{\"@type\":\"ReadAction\",\"target\":[\"https:\\\/\\\/natefi.com\\\/es\\\/calderas-de-biomasa\\\/\"]}]},{\"@type\":\"BreadcrumbList\",\"@id\":\"https:\\\/\\\/natefi.com\\\/es\\\/calderas-de-biomasa\\\/#breadcrumb\",\"itemListElement\":[{\"@type\":\"ListItem\",\"position\":1,\"name\":\"Inici\",\"item\":\"https:\\\/\\\/natefi.com\\\/es\\\/inici\\\/\"},{\"@type\":\"ListItem\",\"position\":2,\"name\":\"Calderas de biomasa\"}]},{\"@type\":\"WebSite\",\"@id\":\"https:\\\/\\\/natefi.com\\\/es\\\/#website\",\"url\":\"https:\\\/\\\/natefi.com\\\/es\\\/\",\"name\":\"Natefi\",\"description\":\"Optimitzaci\u00f3 del consum energ\u00e8tic; Calderes de llenya i pellet, calderes de pellet, calderes d&#039;estella, panells solars t\u00e8rmics,\u2026 IMPORTADORS de SOLARFOCUS per a tota Espanya\",\"publisher\":{\"@id\":\"https:\\\/\\\/natefi.com\\\/es\\\/#organization\"},\"alternateName\":\"Natefi Natura i eficiencia energetica\",\"potentialAction\":[{\"@type\":\"SearchAction\",\"target\":{\"@type\":\"EntryPoint\",\"urlTemplate\":\"https:\\\/\\\/natefi.com\\\/es\\\/?s={search_term_string}\"},\"query-input\":{\"@type\":\"PropertyValueSpecification\",\"valueRequired\":true,\"valueName\":\"search_term_string\"}}],\"inLanguage\":\"es\"},{\"@type\":\"Organization\",\"@id\":\"https:\\\/\\\/natefi.com\\\/es\\\/#organization\",\"name\":\"Natura i eficiencia energetica Natefi\",\"alternateName\":\"Natefi Natura i eficiencia energetica\",\"url\":\"https:\\\/\\\/natefi.com\\\/es\\\/\",\"logo\":{\"@type\":\"ImageObject\",\"inLanguage\":\"es\",\"@id\":\"https:\\\/\\\/natefi.com\\\/es\\\/#\\\/schema\\\/logo\\\/image\\\/\",\"url\":\"https:\\\/\\\/natefi.com\\\/wp-content\\\/uploads\\\/2025\\\/01\\\/cropped-Captura_de_pantalla_2024-11-25_160541-removebg-preview-1-1.png\",\"contentUrl\":\"https:\\\/\\\/natefi.com\\\/wp-content\\\/uploads\\\/2025\\\/01\\\/cropped-Captura_de_pantalla_2024-11-25_160541-removebg-preview-1-1.png\",\"width\":512,\"height\":512,\"caption\":\"Natura i eficiencia energetica Natefi\"},\"image\":{\"@id\":\"https:\\\/\\\/natefi.com\\\/es\\\/#\\\/schema\\\/logo\\\/image\\\/\"}}]}<\/script>\n<!-- \/ Yoast SEO plugin. -->","yoast_head_json":{"title":"Calderas de biomasa - Natefi","description":"A Natefi distribu\u00efm calderes de biomasa de la marca SOLARFOCUS. Calderes de pellet, llenya i d\u2019estella amb m\u00e0xim estalvi energ\u00e8tic.","robots":{"index":"index","follow":"follow","max-snippet":"max-snippet:-1","max-image-preview":"max-image-preview:large","max-video-preview":"max-video-preview:-1"},"canonical":"https:\/\/natefi.com\/es\/calderas-de-biomasa\/","og_locale":"es_ES","og_type":"article","og_title":"Calderas de biomasa - Natefi","og_description":"A Natefi distribu\u00efm calderes de biomasa de la marca SOLARFOCUS. Calderes de pellet, llenya i d\u2019estella amb m\u00e0xim estalvi energ\u00e8tic.","og_url":"https:\/\/natefi.com\/es\/calderas-de-biomasa\/","og_site_name":"Natefi","article_modified_time":"2025-10-22T09:59:06+00:00","og_image":[{"width":537,"height":465,"url":"https:\/\/natefi.com\/wp-content\/uploads\/2024\/11\/LogoNATEFI-removebg-preview.png","type":"image\/png"}],"twitter_card":"summary_large_image","twitter_misc":{"Tiempo de lectura":"3 minutos"},"schema":{"@context":"https:\/\/schema.org","@graph":[{"@type":"WebPage","@id":"https:\/\/natefi.com\/es\/calderas-de-biomasa\/","url":"https:\/\/natefi.com\/es\/calderas-de-biomasa\/","name":"Calderas de biomasa - Natefi","isPartOf":{"@id":"https:\/\/natefi.com\/es\/#website"},"datePublished":"2025-01-16T08:37:51+00:00","dateModified":"2025-10-22T09:59:06+00:00","description":"A Natefi distribu\u00efm calderes de biomasa de la marca SOLARFOCUS. Calderes de pellet, llenya i d\u2019estella amb m\u00e0xim estalvi energ\u00e8tic.","breadcrumb":{"@id":"https:\/\/natefi.com\/es\/calderas-de-biomasa\/#breadcrumb"},"inLanguage":"es","potentialAction":[{"@type":"ReadAction","target":["https:\/\/natefi.com\/es\/calderas-de-biomasa\/"]}]},{"@type":"BreadcrumbList","@id":"https:\/\/natefi.com\/es\/calderas-de-biomasa\/#breadcrumb","itemListElement":[{"@type":"ListItem","position":1,"name":"Inici","item":"https:\/\/natefi.com\/es\/inici\/"},{"@type":"ListItem","position":2,"name":"Calderas de biomasa"}]},{"@type":"WebSite","@id":"https:\/\/natefi.com\/es\/#website","url":"https:\/\/natefi.com\/es\/","name":"Natefi","description":"Optimitzaci\u00f3 del consum energ\u00e8tic; Calderes de llenya i pellet, calderes de pellet, calderes d&#039;estella, panells solars t\u00e8rmics,\u2026 IMPORTADORS de SOLARFOCUS per a tota Espanya","publisher":{"@id":"https:\/\/natefi.com\/es\/#organization"},"alternateName":"Natefi Natura i eficiencia energetica","potentialAction":[{"@type":"SearchAction","target":{"@type":"EntryPoint","urlTemplate":"https:\/\/natefi.com\/es\/?s={search_term_string}"},"query-input":{"@type":"PropertyValueSpecification","valueRequired":true,"valueName":"search_term_string"}}],"inLanguage":"es"},{"@type":"Organization","@id":"https:\/\/natefi.com\/es\/#organization","name":"Natura i eficiencia energetica Natefi","alternateName":"Natefi Natura i eficiencia energetica","url":"https:\/\/natefi.com\/es\/","logo":{"@type":"ImageObject","inLanguage":"es","@id":"https:\/\/natefi.com\/es\/#\/schema\/logo\/image\/","url":"https:\/\/natefi.com\/wp-content\/uploads\/2025\/01\/cropped-Captura_de_pantalla_2024-11-25_160541-removebg-preview-1-1.png","contentUrl":"https:\/\/natefi.com\/wp-content\/uploads\/2025\/01\/cropped-Captura_de_pantalla_2024-11-25_160541-removebg-preview-1-1.png","width":512,"height":512,"caption":"Natura i eficiencia energetica Natefi"},"image":{"@id":"https:\/\/natefi.com\/es\/#\/schema\/logo\/image\/"}}]}},"_links":{"self":[{"href":"https:\/\/natefi.com\/es\/wp-json\/wp\/v2\/pages\/298","targetHints":{"allow":["GET"]}}],"collection":[{"href":"https:\/\/natefi.com\/es\/wp-json\/wp\/v2\/pages"}],"about":[{"href":"https:\/\/natefi.com\/es\/wp-json\/wp\/v2\/types\/page"}],"author":[{"embeddable":true,"href":"https:\/\/natefi.com\/es\/wp-json\/wp\/v2\/users\/1"}],"replies":[{"embeddable":true,"href":"https:\/\/natefi.com\/es\/wp-json\/wp\/v2\/comments?post=298"}],"version-history":[{"count":9,"href":"https:\/\/natefi.com\/es\/wp-json\/wp\/v2\/pages\/298\/revisions"}],"predecessor-version":[{"id":723,"href":"https:\/\/natefi.com\/es\/wp-json\/wp\/v2\/pages\/298\/revisions\/723"}],"wp:attachment":[{"href":"https:\/\/natefi.com\/es\/wp-json\/wp\/v2\/media?parent=298"}],"curies":[{"name":"wp","href":"https:\/\/api.w.org\/{rel}","templated":true}]}}