{"id":301,"date":"2025-01-16T09:01:21","date_gmt":"2025-01-16T09:01:21","guid":{"rendered":"https:\/\/natefi.com\/sistemes-de-terra-radiant\/"},"modified":"2026-05-05T09:10:34","modified_gmt":"2026-05-05T09:10:34","slug":"sistemas-de-suelo-radiante","status":"publish","type":"page","link":"https:\/\/natefi.com\/es\/sistemas-de-suelo-radiante\/","title":{"rendered":"Sistemas de suelo radiante"},"content":{"rendered":"<p>[et_pb_section fb_built=\u00bb1&#8243; _builder_version=\u00bb4.24.0&#8243; _module_preset=\u00bbdefault\u00bb background_color=\u00bbrgba(76,175,80,0.5)\u00bb custom_padding=\u00bb19px|||||\u00bb locked=\u00bboff\u00bb global_colors_info=\u00bb{}\u00bb][et_pb_row _builder_version=\u00bb4.24.0&#8243; _module_preset=\u00bbdefault\u00bb global_colors_info=\u00bb{}\u00bb][et_pb_column type=\u00bb4_4&#8243; _builder_version=\u00bb4.24.0&#8243; _module_preset=\u00bbdefault\u00bb global_colors_info=\u00bb{}\u00bb][et_pb_text _builder_version=\u00bb4.24.0&#8243; _module_preset=\u00bbdefault\u00bb header_2_font=\u00bb|800|||||||\u00bb header_2_text_color=\u00bb#111915&#8243; header_2_font_size=\u00bb3.35em\u00bb header_2_line_height=\u00bb1.1em\u00bb global_colors_info=\u00bb{}\u00bb]<\/p>\n<p style=\"text-align: center;\"><span class=\"item_subtitle\">natura y efici\u00e9ncia S.L.<\/span><\/p>\n<p style=\"text-align: center;\"><span class=\"item_subtitle\"><\/span><\/p>\n<h2 style=\"text-align: center;\">Sistemas de Suelo Radiante<\/h2>\n<p style=\"text-align: center;\">[\/et_pb_text][\/et_pb_column][\/et_pb_row][\/et_pb_section][et_pb_section fb_built=\u00bb1&#8243; _builder_version=\u00bb4.24.0&#8243; _module_preset=\u00bbdefault\u00bb global_colors_info=\u00bb{}\u00bb][et_pb_row _builder_version=\u00bb4.24.0&#8243; _module_preset=\u00bbdefault\u00bb global_colors_info=\u00bb{}\u00bb][et_pb_column type=\u00bb4_4&#8243; _builder_version=\u00bb4.24.0&#8243; _module_preset=\u00bbdefault\u00bb global_colors_info=\u00bb{}\u00bb][et_pb_text _builder_version=\u00bb4.24.0&#8243; _module_preset=\u00bbdefault\u00bb locked=\u00bboff\u00bb global_colors_info=\u00bb{}\u00bb]<\/p>\n<p style=\"text-align: center;\"><span style=\"font-size: large;\"><strong>Nuestros sistemas de suelo radiante te ofrecen la m\u00e1xima eficiencia energ\u00e9tica y un confort t\u00e9rmico insuperable.<\/strong><\/span><\/p>\n<p style=\"text-align: left;\"><br data-start=\"112\" data-end=\"115\" \/>Gracias a la distribuci\u00f3n homog\u00e9nea del calor por debajo del pavimento, disfrutar\u00e1s de una temperatura agradable y estable en todas las estancias, sin corrientes de aire ni ruidos.<\/p>\n<p>&nbsp;<\/p>\n<h3 data-start=\"281\" data-end=\"300\">\u00bfC\u00f3mo funciona?<\/h3>\n<ul data-start=\"302\" data-end=\"984\">\n<li data-start=\"302\" data-end=\"560\">\n<p data-start=\"304\" data-end=\"560\">Se instalan elementos emisores en grandes superficies, como suelo, muros o techos, a trav\u00e9s de tuber\u00edas por donde circula agua a baja temperatura en modo calefacci\u00f3n, o a temperaturas adecuadas en modo refrigeraci\u00f3n.<span class=\"\" data-state=\"closed\"><span class=\"ms-1 inline-flex max-w-full items-center relative top-[-0.094rem] animate-[show_150ms_ease-in]\" data-testid=\"webpage-citation-pill\"><\/span><\/span><\/p>\n<\/li>\n<li data-start=\"561\" data-end=\"984\">\n<p data-start=\"563\" data-end=\"984\">Gracias a la gran superficie emisora, la temperatura del aire ambiente puede mantenerse m\u00e1s baja que con radiadores convencionales, obteni\u00e9ndose una sensaci\u00f3n t\u00e9rmica similar o incluso mejor.<\/p>\n<\/li>\n<\/ul>\n<p>&nbsp;<\/p>\n<p>Los suelos radiantes de Harreither i Sch\u00fctz combinan confort, est\u00e9tica y eficiencia energ\u00e9tica, especialmente en climas moderados o en viviendas bien aisladas, y cuando se emplean con generadores eficientes. Pueden suponer ahorros importantes en consumo si se dimensionan bien.<\/p>\n<p>[\/et_pb_text][\/et_pb_column][\/et_pb_row][et_pb_row column_structure=\u00bb1_3,1_3,1_3&#8243; use_custom_gutter=\u00bbon\u00bb gutter_width=\u00bb2&#8243; _builder_version=\u00bb4.24.0&#8243; _module_preset=\u00bbdefault\u00bb max_width=\u00bb65%\u00bb max_width_tablet=\u00bb65%\u00bb max_width_phone=\u00bb90%\u00bb max_width_last_edited=\u00bbon|desktop\u00bb locked=\u00bboff\u00bb global_colors_info=\u00bb{}\u00bb][et_pb_column type=\u00bb1_3&#8243; _builder_version=\u00bb4.24.0&#8243; _module_preset=\u00bbdefault\u00bb border_radii=\u00bbon|10px|10px|10px|10px\u00bb box_shadow_style=\u00bbpreset1&#8243; global_colors_info=\u00bb{}\u00bb][et_pb_blurb title=\u00bbSistema para construcci\u00f3n en seco\u00bb image=\u00bbhttp:\/\/natefi.com\/wp-content\/uploads\/2025\/09\/es-trockenplatte.jpg\u00bb image_icon_width=\u00bb122%\u00bb _builder_version=\u00bb4.24.0&#8243; _module_preset=\u00bbdefault\u00bb header_font=\u00bb|800|||||||\u00bb header_text_color=\u00bb#000000&#8243; header_font_size=\u00bb40px\u00bb custom_css_blurb_title=\u00bbpadding-left:15px;||padding-right:15px;\u00bb custom_css_blurb_content=\u00bbmin-height:630px\u00bb global_colors_info=\u00bb{}\u00bb]<\/p>\n<div style=\"padding: 15px;\">\n<p>La soluci\u00f3n ideal para instalaciones r\u00e1pidas y limpias. Este sistema permite integrar el suelo radiante sin necesidad de utilizar soleras h\u00famedas tradicionales, lo que reduce el tiempo de ejecuci\u00f3n y facilita la reforma en espacios donde no se puede detener la actividad o en obras donde la ligereza del material es clave.<\/p>\n<p><a class=\"boton-primario\" href=\"https:\/\/natefi.com\/es\/contacto\/\">Contactar<br \/><\/a><\/p>\n<\/div>\n<p>[\/et_pb_blurb][\/et_pb_column][et_pb_column type=\u00bb1_3&#8243; _builder_version=\u00bb4.24.0&#8243; _module_preset=\u00bbdefault\u00bb border_radii=\u00bbon|10px|10px|10px|10px\u00bb box_shadow_style=\u00bbpreset1&#8243; global_colors_info=\u00bb{}\u00bb][et_pb_blurb title=\u00bbSistema de paneles de tetones\u00bb image=\u00bbhttp:\/\/natefi.com\/wp-content\/uploads\/2025\/09\/es-nockenplatte.png\u00bb _builder_version=\u00bb4.24.0&#8243; _module_preset=\u00bbdefault\u00bb header_font=\u00bb|800|||||||\u00bb header_text_color=\u00bb#000000&#8243; header_font_size=\u00bb40px\u00bb custom_css_blurb_title=\u00bbpadding-left:15px;||padding-right:15px;\u00bb custom_css_blurb_content=\u00bbmin-height:630px\u00bb global_colors_info=\u00bb{}\u00bb]<\/p>\n<div style=\"padding: 15px;\">\n<p>El sistema placa de tetones se adapta f\u00e1cilmente a cualquier geometr\u00eda de espacio, admite cualquier mortero comercial y ofrece soluciones para cualquier exigencia. Sin compromisos en cuanto a confort, calidad y flexibilidad.<\/p>\n<p><a class=\"boton-primario\" href=\"https:\/\/natefi.com\/es\/contacto\/\">Contactar<br \/><\/a><\/p>\n<\/div>\n<p>[\/et_pb_blurb][\/et_pb_column][et_pb_column type=\u00bb1_3&#8243; _builder_version=\u00bb4.24.0&#8243; _module_preset=\u00bbdefault\u00bb border_radii=\u00bbon|10px|10px|10px|10px\u00bb box_shadow_style=\u00bbpreset1&#8243; global_colors_info=\u00bb{}\u00bb][et_pb_blurb title=\u00bbSistema de fijaci\u00f3n por grapas\u00bb image=\u00bbhttp:\/\/natefi.com\/wp-content\/uploads\/2026\/05\/20131022_R0182_005.jpg\u00bb _builder_version=\u00bb4.24.0&#8243; _module_preset=\u00bbdefault\u00bb header_font=\u00bb|800|||||||\u00bb header_text_color=\u00bb#000000&#8243; header_font_size=\u00bb40px\u00bb hover_enabled=\u00bb0&#8243; custom_css_blurb_title=\u00bbpadding-left:15px;||padding-right:15px;\u00bb custom_css_blurb_content=\u00bbmin-height:630px\u00bb global_colors_info=\u00bb{}\u00bb title_text=\u00bb20131022_R0182_005&#8243; sticky_enabled=\u00bb0&#8243; image_icon_width=\u00bb132%\u00bb custom_margin=\u00bb||11px|||\u00bb]<\/p>\n<div style=\"padding: 15px;\">\n<p>El sistema de fijaci\u00f3n por grapas proporciona un anclaje firme y seguro de los tubos sobre el panel, permitiendo ajustar f\u00e1cilmente su distribuci\u00f3n seg\u00fan las necesidades de cada proyecto. Gracias a su instalaci\u00f3n sencilla y r\u00e1pida, reduce el tiempo de montaje y asegura un funcionamiento \u00f3ptimo de la instalaci\u00f3n de suelo radiante.<\/p>\n<p><a class=\"boton-primario\" href=\"https:\/\/natefi.com\/es\/contacto\/\">Contactar<br \/><\/a><\/p>\n<\/div>\n<p>[\/et_pb_blurb][\/et_pb_column][\/et_pb_row][\/et_pb_section]<\/p>\n","protected":false},"excerpt":{"rendered":"<p>natura y efici\u00e9ncia S.L. Sistemas de Suelo Radiante Nuestros sistemas de suelo radiante te ofrecen la m\u00e1xima eficiencia energ\u00e9tica y un confort t\u00e9rmico insuperable. Gracias a la distribuci\u00f3n homog\u00e9nea del calor por debajo del pavimento, disfrutar\u00e1s de una temperatura agradable y estable en todas las estancias, sin corrientes de aire ni ruidos. &nbsp; \u00bfC\u00f3mo funciona? [&hellip;]<\/p>\n","protected":false},"author":1,"featured_media":0,"parent":0,"menu_order":0,"comment_status":"closed","ping_status":"closed","template":"","meta":{"_acf_changed":false,"_et_pb_use_builder":"on","_et_pb_old_content":"","_et_gb_content_width":"","footnotes":""},"class_list":["post-301","page","type-page","status-publish","hentry"],"acf":[],"yoast_head":"<!-- This site is optimized with the Yoast SEO plugin v27.5 - https:\/\/yoast.com\/product\/yoast-seo-wordpress\/ -->\n<title>Sistemas de suelo radiante - Natefi<\/title>\n<meta name=\"description\" content=\"En Natura i Efici\u00e8ncia som importadors y distribu\u00efdors de sistemas de suelo radiante Harreither en Catalunya y la Pen\u00ednsula Ib\u00e9rica.\" \/>\n<meta name=\"robots\" content=\"index, follow, max-snippet:-1, max-image-preview:large, max-video-preview:-1\" \/>\n<link rel=\"canonical\" href=\"https:\/\/natefi.com\/es\/sistemas-de-suelo-radiante\/\" \/>\n<meta property=\"og:locale\" content=\"es_ES\" \/>\n<meta property=\"og:type\" content=\"article\" \/>\n<meta property=\"og:title\" content=\"Sistemas de suelo radiante - Natefi\" \/>\n<meta property=\"og:description\" content=\"En Natura i Efici\u00e8ncia som importadors y distribu\u00efdors de sistemas de suelo radiante Harreither en Catalunya y la Pen\u00ednsula Ib\u00e9rica.\" \/>\n<meta property=\"og:url\" content=\"https:\/\/natefi.com\/es\/sistemas-de-suelo-radiante\/\" \/>\n<meta property=\"og:site_name\" content=\"Natefi\" \/>\n<meta property=\"article:modified_time\" content=\"2026-05-05T09:10:34+00:00\" \/>\n<meta property=\"og:image\" content=\"https:\/\/natefi.com\/wp-content\/uploads\/2024\/11\/LogoNATEFI-removebg-preview.png\" \/>\n\t<meta property=\"og:image:width\" content=\"537\" \/>\n\t<meta property=\"og:image:height\" content=\"465\" \/>\n\t<meta property=\"og:image:type\" content=\"image\/png\" \/>\n<meta name=\"twitter:card\" content=\"summary_large_image\" \/>\n<meta name=\"twitter:label1\" content=\"Tiempo de lectura\" \/>\n\t<meta name=\"twitter:data1\" content=\"3 minutos\" \/>\n<script type=\"application\/ld+json\" class=\"yoast-schema-graph\">{\"@context\":\"https:\\\/\\\/schema.org\",\"@graph\":[{\"@type\":\"WebPage\",\"@id\":\"https:\\\/\\\/natefi.com\\\/es\\\/sistemas-de-suelo-radiante\\\/\",\"url\":\"https:\\\/\\\/natefi.com\\\/es\\\/sistemas-de-suelo-radiante\\\/\",\"name\":\"Sistemas de suelo radiante - Natefi\",\"isPartOf\":{\"@id\":\"https:\\\/\\\/natefi.com\\\/es\\\/#website\"},\"datePublished\":\"2025-01-16T09:01:21+00:00\",\"dateModified\":\"2026-05-05T09:10:34+00:00\",\"description\":\"En Natura i Efici\u00e8ncia som importadors y distribu\u00efdors de sistemas de suelo radiante Harreither en Catalunya y la Pen\u00ednsula Ib\u00e9rica.\",\"breadcrumb\":{\"@id\":\"https:\\\/\\\/natefi.com\\\/es\\\/sistemas-de-suelo-radiante\\\/#breadcrumb\"},\"inLanguage\":\"es\",\"potentialAction\":[{\"@type\":\"ReadAction\",\"target\":[\"https:\\\/\\\/natefi.com\\\/es\\\/sistemas-de-suelo-radiante\\\/\"]}]},{\"@type\":\"BreadcrumbList\",\"@id\":\"https:\\\/\\\/natefi.com\\\/es\\\/sistemas-de-suelo-radiante\\\/#breadcrumb\",\"itemListElement\":[{\"@type\":\"ListItem\",\"position\":1,\"name\":\"Inici\",\"item\":\"https:\\\/\\\/natefi.com\\\/es\\\/inici\\\/\"},{\"@type\":\"ListItem\",\"position\":2,\"name\":\"Sistemas de suelo radiante\"}]},{\"@type\":\"WebSite\",\"@id\":\"https:\\\/\\\/natefi.com\\\/es\\\/#website\",\"url\":\"https:\\\/\\\/natefi.com\\\/es\\\/\",\"name\":\"Natefi\",\"description\":\"Optimitzaci\u00f3 del consum energ\u00e8tic; Calderes de llenya i pellet, calderes de pellet, calderes d&#039;estella, panells solars t\u00e8rmics,\u2026 IMPORTADORS de SOLARFOCUS per a tota Espanya\",\"publisher\":{\"@id\":\"https:\\\/\\\/natefi.com\\\/es\\\/#organization\"},\"alternateName\":\"Natefi Natura i eficiencia energetica\",\"potentialAction\":[{\"@type\":\"SearchAction\",\"target\":{\"@type\":\"EntryPoint\",\"urlTemplate\":\"https:\\\/\\\/natefi.com\\\/es\\\/?s={search_term_string}\"},\"query-input\":{\"@type\":\"PropertyValueSpecification\",\"valueRequired\":true,\"valueName\":\"search_term_string\"}}],\"inLanguage\":\"es\"},{\"@type\":\"Organization\",\"@id\":\"https:\\\/\\\/natefi.com\\\/es\\\/#organization\",\"name\":\"Natura i eficiencia energetica Natefi\",\"alternateName\":\"Natefi Natura i eficiencia energetica\",\"url\":\"https:\\\/\\\/natefi.com\\\/es\\\/\",\"logo\":{\"@type\":\"ImageObject\",\"inLanguage\":\"es\",\"@id\":\"https:\\\/\\\/natefi.com\\\/es\\\/#\\\/schema\\\/logo\\\/image\\\/\",\"url\":\"https:\\\/\\\/natefi.com\\\/wp-content\\\/uploads\\\/2025\\\/01\\\/cropped-Captura_de_pantalla_2024-11-25_160541-removebg-preview-1-1.png\",\"contentUrl\":\"https:\\\/\\\/natefi.com\\\/wp-content\\\/uploads\\\/2025\\\/01\\\/cropped-Captura_de_pantalla_2024-11-25_160541-removebg-preview-1-1.png\",\"width\":512,\"height\":512,\"caption\":\"Natura i eficiencia energetica Natefi\"},\"image\":{\"@id\":\"https:\\\/\\\/natefi.com\\\/es\\\/#\\\/schema\\\/logo\\\/image\\\/\"}}]}<\/script>\n<!-- \/ Yoast SEO plugin. -->","yoast_head_json":{"title":"Sistemas de suelo radiante - Natefi","description":"En Natura i Efici\u00e8ncia som importadors y distribu\u00efdors de sistemas de suelo radiante Harreither en Catalunya y la Pen\u00ednsula Ib\u00e9rica.","robots":{"index":"index","follow":"follow","max-snippet":"max-snippet:-1","max-image-preview":"max-image-preview:large","max-video-preview":"max-video-preview:-1"},"canonical":"https:\/\/natefi.com\/es\/sistemas-de-suelo-radiante\/","og_locale":"es_ES","og_type":"article","og_title":"Sistemas de suelo radiante - Natefi","og_description":"En Natura i Efici\u00e8ncia som importadors y distribu\u00efdors de sistemas de suelo radiante Harreither en Catalunya y la Pen\u00ednsula Ib\u00e9rica.","og_url":"https:\/\/natefi.com\/es\/sistemas-de-suelo-radiante\/","og_site_name":"Natefi","article_modified_time":"2026-05-05T09:10:34+00:00","og_image":[{"width":537,"height":465,"url":"https:\/\/natefi.com\/wp-content\/uploads\/2024\/11\/LogoNATEFI-removebg-preview.png","type":"image\/png"}],"twitter_card":"summary_large_image","twitter_misc":{"Tiempo de lectura":"3 minutos"},"schema":{"@context":"https:\/\/schema.org","@graph":[{"@type":"WebPage","@id":"https:\/\/natefi.com\/es\/sistemas-de-suelo-radiante\/","url":"https:\/\/natefi.com\/es\/sistemas-de-suelo-radiante\/","name":"Sistemas de suelo radiante - Natefi","isPartOf":{"@id":"https:\/\/natefi.com\/es\/#website"},"datePublished":"2025-01-16T09:01:21+00:00","dateModified":"2026-05-05T09:10:34+00:00","description":"En Natura i Efici\u00e8ncia som importadors y distribu\u00efdors de sistemas de suelo radiante Harreither en Catalunya y la Pen\u00ednsula Ib\u00e9rica.","breadcrumb":{"@id":"https:\/\/natefi.com\/es\/sistemas-de-suelo-radiante\/#breadcrumb"},"inLanguage":"es","potentialAction":[{"@type":"ReadAction","target":["https:\/\/natefi.com\/es\/sistemas-de-suelo-radiante\/"]}]},{"@type":"BreadcrumbList","@id":"https:\/\/natefi.com\/es\/sistemas-de-suelo-radiante\/#breadcrumb","itemListElement":[{"@type":"ListItem","position":1,"name":"Inici","item":"https:\/\/natefi.com\/es\/inici\/"},{"@type":"ListItem","position":2,"name":"Sistemas de suelo radiante"}]},{"@type":"WebSite","@id":"https:\/\/natefi.com\/es\/#website","url":"https:\/\/natefi.com\/es\/","name":"Natefi","description":"Optimitzaci\u00f3 del consum energ\u00e8tic; Calderes de llenya i pellet, calderes de pellet, calderes d&#039;estella, panells solars t\u00e8rmics,\u2026 IMPORTADORS de SOLARFOCUS per a tota Espanya","publisher":{"@id":"https:\/\/natefi.com\/es\/#organization"},"alternateName":"Natefi Natura i eficiencia energetica","potentialAction":[{"@type":"SearchAction","target":{"@type":"EntryPoint","urlTemplate":"https:\/\/natefi.com\/es\/?s={search_term_string}"},"query-input":{"@type":"PropertyValueSpecification","valueRequired":true,"valueName":"search_term_string"}}],"inLanguage":"es"},{"@type":"Organization","@id":"https:\/\/natefi.com\/es\/#organization","name":"Natura i eficiencia energetica Natefi","alternateName":"Natefi Natura i eficiencia energetica","url":"https:\/\/natefi.com\/es\/","logo":{"@type":"ImageObject","inLanguage":"es","@id":"https:\/\/natefi.com\/es\/#\/schema\/logo\/image\/","url":"https:\/\/natefi.com\/wp-content\/uploads\/2025\/01\/cropped-Captura_de_pantalla_2024-11-25_160541-removebg-preview-1-1.png","contentUrl":"https:\/\/natefi.com\/wp-content\/uploads\/2025\/01\/cropped-Captura_de_pantalla_2024-11-25_160541-removebg-preview-1-1.png","width":512,"height":512,"caption":"Natura i eficiencia energetica Natefi"},"image":{"@id":"https:\/\/natefi.com\/es\/#\/schema\/logo\/image\/"}}]}},"_links":{"self":[{"href":"https:\/\/natefi.com\/es\/wp-json\/wp\/v2\/pages\/301","targetHints":{"allow":["GET"]}}],"collection":[{"href":"https:\/\/natefi.com\/es\/wp-json\/wp\/v2\/pages"}],"about":[{"href":"https:\/\/natefi.com\/es\/wp-json\/wp\/v2\/types\/page"}],"author":[{"embeddable":true,"href":"https:\/\/natefi.com\/es\/wp-json\/wp\/v2\/users\/1"}],"replies":[{"embeddable":true,"href":"https:\/\/natefi.com\/es\/wp-json\/wp\/v2\/comments?post=301"}],"version-history":[{"count":11,"href":"https:\/\/natefi.com\/es\/wp-json\/wp\/v2\/pages\/301\/revisions"}],"predecessor-version":[{"id":784,"href":"https:\/\/natefi.com\/es\/wp-json\/wp\/v2\/pages\/301\/revisions\/784"}],"wp:attachment":[{"href":"https:\/\/natefi.com\/es\/wp-json\/wp\/v2\/media?parent=301"}],"curies":[{"name":"wp","href":"https:\/\/api.w.org\/{rel}","templated":true}]}}