{"id":312,"date":"2025-01-16T11:04:55","date_gmt":"2025-01-16T11:04:55","guid":{"rendered":"https:\/\/natefi.com\/calderas-de-biomasa\/calderes-de-pellets\/"},"modified":"2025-10-22T10:20:44","modified_gmt":"2025-10-22T10:20:44","slug":"calderas-de-pellets","status":"publish","type":"page","link":"https:\/\/natefi.com\/es\/calderas-de-biomasa\/calderas-de-pellets\/","title":{"rendered":"Calderas de pellets"},"content":{"rendered":"<p>[et_pb_section fb_built=\u00bb1&#8243; _builder_version=\u00bb4.24.0&#8243; _module_preset=\u00bbdefault\u00bb background_color=\u00bbrgba(76,175,80,0.5)\u00bb custom_padding=\u00bb19px|||||\u00bb locked=\u00bboff\u00bb global_colors_info=\u00bb{}\u00bb][et_pb_row _builder_version=\u00bb4.24.0&#8243; _module_preset=\u00bbdefault\u00bb global_colors_info=\u00bb{}\u00bb][et_pb_column type=\u00bb4_4&#8243; _builder_version=\u00bb4.24.0&#8243; _module_preset=\u00bbdefault\u00bb global_colors_info=\u00bb{}\u00bb][et_pb_text _builder_version=\u00bb4.24.0&#8243; _module_preset=\u00bbdefault\u00bb header_2_font=\u00bb|800|||||||\u00bb header_2_text_color=\u00bb#111915&#8243; header_2_font_size=\u00bb3.35em\u00bb header_2_line_height=\u00bb1.1em\u00bb global_colors_info=\u00bb{}\u00bb]<\/p>\n<p style=\"text-align: center;\"><span class=\"item_subtitle\">natura y eficiencia S.L.<\/span><\/p>\n<p style=\"text-align: center;\"><span class=\"item_subtitle\"><\/span><\/p>\n<h2 style=\"text-align: center;\">Calderas de pellets<\/h2>\n<p style=\"text-align: center;\">\n<p>[\/et_pb_text][\/et_pb_column][\/et_pb_row][\/et_pb_section][et_pb_section fb_built=\u00bb1&#8243; _builder_version=\u00bb4.24.0&#8243; _module_preset=\u00bbdefault\u00bb global_colors_info=\u00bb{}\u00bb][et_pb_row _builder_version=\u00bb4.24.0&#8243; _module_preset=\u00bbdefault\u00bb global_colors_info=\u00bb{}\u00bb][et_pb_column type=\u00bb4_4&#8243; _builder_version=\u00bb4.24.0&#8243; _module_preset=\u00bbdefault\u00bb global_colors_info=\u00bb{}\u00bb][et_pb_text _builder_version=\u00bb4.24.0&#8243; _module_preset=\u00bbdefault\u00bb global_colors_info=\u00bb{}\u00bb]<\/p>\n<h3 data-adtags-visited=\"true\" style=\"text-align: center;\"><strong>Los pellets son el combustible de base de madera m\u00e1s f\u00e1cil de manipular. De todos los combustibles de origen le\u00f1oso, el pellet es el que m\u00e1s se asemeja a los habituales, como el gas y el gas\u00f3leo, en cuanto a comodidad para la calefacci\u00f3n.<\/strong><\/h3>\n<p><strong><\/strong><\/p>\n<p data-adtags-visited=\"true\">La Calderas de pellets <a href=\"https:\/\/www.solarfocus.com\/es\/calderas\/calderas-de-pellet\"><strong>SOLARFOCUS <\/strong><\/a>proporcionan dise\u00f1o perfeccionado para su comodidad y una larga duraci\u00f3n:<\/p>\n<ul>\n<li>Excelente combusti\u00f3n con las m\u00e1ximas temperaturas (1000-1200\u202f\u00b0C mediante la t\u00e9cnica de combusti\u00f3n de llama invertida \/ t\u00e9cnica de gasificaci\u00f3n)<\/li>\n<li>Mantenimiento de la eficiencia del intercambio de calor (mediante la limpieza autom\u00e1tica patentada del intercambiador de calor)<\/li>\n<li>Regulaci\u00f3n intuitiva, extraordinariamente f\u00e1cil de manejar<\/li>\n<\/ul>\n<p data-adtags-visited=\"true\">Las calderas de pellets SOLARFOCUS est\u00e1n homologadas con las siguientes certificaciones:<\/p>\n<p>[\/et_pb_text][et_pb_image src=\u00bbhttps:\/\/natefi.com\/wp-content\/uploads\/2025\/01\/certificats.png\u00bb title_text=\u00bbcertificats\u00bb align=\u00bbcenter\u00bb _builder_version=\u00bb4.24.0&#8243; _module_preset=\u00bbdefault\u00bb global_colors_info=\u00bb{}\u00bb][\/et_pb_image][\/et_pb_column][\/et_pb_row][et_pb_row column_structure=\u00bb1_3,1_3,1_3&#8243; _builder_version=\u00bb4.24.0&#8243; _module_preset=\u00bbdefault\u00bb global_colors_info=\u00bb{}\u00bb][et_pb_column type=\u00bb1_3&#8243; _builder_version=\u00bb4.24.0&#8243; _module_preset=\u00bbdefault\u00bb global_colors_info=\u00bb{}\u00bb][et_pb_blurb title=\u00bbEcotop\u00bb image=\u00bbhttp:\/\/natefi.com\/wp-content\/uploads\/2025\/09\/67315_67415_ecotop_light_zero-scaled.jpg\u00bb image_icon_width=\u00bb70%\u00bb _builder_version=\u00bb4.24.0&#8243; _module_preset=\u00bbdefault\u00bb header_level=\u00bbh2&#8243; header_font=\u00bb|700|||||||\u00bb header_text_align=\u00bbcenter\u00bb border_radii_image=\u00bbon|5px|5px|5px|5px\u00bb box_shadow_style_image=\u00bbpreset1&#8243; global_colors_info=\u00bb{}\u00bb]<\/p>\n<ul>\n<li>Caldera de pellets totalmente autom\u00e1tica, con encendido autom\u00e1tico y limpieza autom\u00e1tica.<\/li>\n<li>Combusti\u00f3n con cero emisiones.<\/li>\n<li>M\u00f3dulo de elevaci\u00f3n de temperatura de vuelta con mezclador integrado.<\/li>\n<li>Construcci\u00f3n especialmente compacta que necesita espacio m\u00ednimo en la sala de calefacci\u00f3n.<\/li>\n<li>Montaje 2 lados cerca de la pared.<\/li>\n<li><strong>Potencias disponibles: 15, 20 y 24 kW.<\/strong><\/li>\n<\/ul>\n<p>[\/et_pb_blurb][\/et_pb_column][et_pb_column type=\u00bb1_3&#8243; _builder_version=\u00bb4.24.0&#8243; _module_preset=\u00bbdefault\u00bb global_colors_info=\u00bb{}\u00bb][et_pb_blurb title=\u00bbPelletelegance\u00bb image=\u00bbhttp:\/\/natefi.com\/wp-content\/uploads\/2025\/09\/pellet_elegance.jpg\u00bb image_icon_width=\u00bb70%\u00bb _builder_version=\u00bb4.24.0&#8243; _module_preset=\u00bbdefault\u00bb header_level=\u00bbh2&#8243; header_font=\u00bb|700|||||||\u00bb header_text_align=\u00bbcenter\u00bb border_radii_image=\u00bbon|5px|5px|5px|5px\u00bb box_shadow_style_image=\u00bbpreset1&#8243; global_colors_info=\u00bb{}\u00bb]<\/p>\n<ul>\n<li>Dise\u00f1o compacto<\/li>\n<li>M\u00f3dulo de elevaci\u00f3n de temperatura retorno integrado (tambi\u00e9n se puede utilizar como regulaci\u00f3n de carga para acumuladores de inercia)<\/li>\n<li>Dos juegos de bomba del circuito de calefacci\u00f3n integrables<\/li>\n<li>Disposici\u00f3n con dos caras cerca de la pared<\/li>\n<li>Control de pantalla t\u00e1ctil intuitiva con funci\u00f3n hombre del tiempo y app.<\/li>\n<li><strong>Potencias disponibles: 10, 15, 20 y 24 kW<\/strong><\/li>\n<\/ul>\n<p>[\/et_pb_blurb][\/et_pb_column][et_pb_column type=\u00bb1_3&#8243; _builder_version=\u00bb4.24.0&#8243; _module_preset=\u00bbdefault\u00bb global_colors_info=\u00bb{}\u00bb][et_pb_blurb title=\u00bbOctoplus\u00bb image=\u00bbhttp:\/\/natefi.com\/wp-content\/uploads\/2025\/09\/octoplus_fg_2@2x.b113b7b0.webp\u00bb _builder_version=\u00bb4.24.0&#8243; _module_preset=\u00bbdefault\u00bb header_level=\u00bbh2&#8243; header_font=\u00bb|700|||||||\u00bb header_text_align=\u00bbcenter\u00bb border_radii_image=\u00bbon|5px|5px|5px|5px\u00bb box_shadow_style_image=\u00bbpreset1&#8243; global_colors_info=\u00bb{}\u00bb]<\/p>\n<ul>\n<li>Rendimiento de la instalaci\u00f3n del 94% (acumulador + quemador)<\/li>\n<li>Estructura compacta<\/li>\n<li>Conexi\u00f3n hidr\u00e1ulica sencilla<\/li>\n<li>T\u00e9cnica de regulaci\u00f3n perfecta<\/li>\n<li><strong>Niveles de potencia disponibles: 10, 15, 15,5 y 22 kW<\/strong><\/li>\n<li>550\/800 litros acumulador de inercia integrado<\/li>\n<li>Ideal para edificaciones nuevas y casas unifamiliares<\/li>\n<\/ul>\n<p>[\/et_pb_blurb][\/et_pb_column][\/et_pb_row][et_pb_row column_structure=\u00bb1_3,1_3,1_3&#8243; _builder_version=\u00bb4.24.0&#8243; _module_preset=\u00bbdefault\u00bb global_colors_info=\u00bb{}\u00bb][et_pb_column type=\u00bb1_3&#8243; _builder_version=\u00bb4.24.0&#8243; _module_preset=\u00bbdefault\u00bb global_colors_info=\u00bb{}\u00bb][et_pb_blurb title=\u00bbPellettop\u00bb image=\u00bbhttp:\/\/natefi.com\/wp-content\/uploads\/2025\/09\/pellettop_palette@2x.716d6d55.webp\u00bb _builder_version=\u00bb4.24.0&#8243; _module_preset=\u00bbdefault\u00bb header_level=\u00bbh2&#8243; header_font=\u00bb|700|||||||\u00bb header_text_align=\u00bbcenter\u00bb border_radii_image=\u00bbon|5px|5px|5px|5px\u00bb box_shadow_style_image=\u00bbpreset1&#8243; global_colors_info=\u00bb{}\u00bb]<\/p>\n<ul>\n<li>Rendimiento m\u00e1s alto<\/li>\n<li>Estructura compacta<\/li>\n<li>Control con pantalla t\u00e1ctil<\/li>\n<li>Posibilidad de visualizaci\u00f3n en smartphone, PC y tablet<\/li>\n<li><strong>Niveles de potencia: 35, 45, 49 y 70 kW con conexi\u00f3n en cascada hasta 420 kW<\/strong><\/li>\n<\/ul>\n<p>[\/et_pb_blurb][\/et_pb_column][et_pb_column type=\u00bb1_3&#8243; _builder_version=\u00bb4.24.0&#8243; _module_preset=\u00bbdefault\u00bb global_colors_info=\u00bb{}\u00bb][et_pb_blurb title=\u00bbTherminator II combi\u00bb image=\u00bbhttp:\/\/natefi.com\/wp-content\/uploads\/2025\/09\/therminator-stueck-kombi-hack@2x.06e6cfc7.webp\u00bb _builder_version=\u00bb4.24.0&#8243; _module_preset=\u00bbdefault\u00bb header_level=\u00bbh2&#8243; header_font=\u00bb|700|||||||\u00bb header_text_align=\u00bbcenter\u00bb border_radii_image=\u00bbon|5px|5px|5px|5px\u00bb box_shadow_style_image=\u00bbpreset1&#8243; global_colors_info=\u00bb{}\u00bb]<\/p>\n<ul>\n<li>Manual pero econ\u00f3mica con le\u00f1a<\/li>\n<li>C\u00f3moda y confortable con pellets<\/li>\n<li>Rendimiento en le\u00f1a hasta 94,4%<\/li>\n<li>Rendimiento con pellets hasta 95,4 %<\/li>\n<li>Control de pantalla t\u00e1ctil en serie<\/li>\n<li><strong>Niveles de potencia: 22, 30, 40, 49 y 60 kW<\/strong><\/li>\n<li>Llenado manual, turbina de aspircaci\u00f3n o tornillo sin fin<\/li>\n<\/ul>\n<p>[\/et_pb_blurb][\/et_pb_column][et_pb_column type=\u00bb1_3&#8243; _builder_version=\u00bb4.24.0&#8243; _module_preset=\u00bbdefault\u00bb global_colors_info=\u00bb{}\u00bb][et_pb_blurb title=\u00bbMaximus\u00bb image=\u00bbhttp:\/\/natefi.com\/wp-content\/uploads\/2025\/09\/Maximus_2019_6@2x.af68fea6.webp\u00bb _builder_version=\u00bb4.24.0&#8243; _module_preset=\u00bbdefault\u00bb header_level=\u00bbh2&#8243; header_font=\u00bb|700|||||||\u00bb header_text_align=\u00bbcenter\u00bb border_radii_image=\u00bbon|5px|5px|5px|5px\u00bb box_shadow_style_image=\u00bbpreset1&#8243; global_colors_info=\u00bb{}\u00bb]<\/p>\n<p><strong>La caldera de biomasa con mayor potencia.<\/strong> Maximus es una caldera escalonada con c\u00e1mara de combusti\u00f3n mec\u00e1nicamente separada e intercambiador de calor para quemar astillas de madera G-30 o G-50 y pellets. Una combusti\u00f3n muy estable es incluso para materiales distintos de combustibles, gracias a la supervisi\u00f3n de temperatura de la c\u00e1mara de combusti\u00f3n y la recirculaci\u00f3n de los gases de escape integrados de serie. De esta forma protege los compomenets tambi\u00e9n con combustible muy seco.<\/p>\n<p>Un filtro electrost\u00e1tico de polvo fino con limpieza c\u00edclica y autom\u00e1tica elimina las part\u00edculas de polvo fino de los gases de escape.<\/p>\n<p>&nbsp;<\/p>\n<ul>\n<li><strong>Niveles de potencia: 110 y 300 kW<\/strong><\/li>\n<\/ul>\n<p>[\/et_pb_blurb][\/et_pb_column][\/et_pb_row][\/et_pb_section]<\/p>\n","protected":false},"excerpt":{"rendered":"<p>natura y eficiencia S.L. Calderas de pellets Los pellets son el combustible de base de madera m\u00e1s f\u00e1cil de manipular. De todos los combustibles de origen le\u00f1oso, el pellet es el que m\u00e1s se asemeja a los habituales, como el gas y el gas\u00f3leo, en cuanto a comodidad para la calefacci\u00f3n. La Calderas de pellets [&hellip;]<\/p>\n","protected":false},"author":1,"featured_media":0,"parent":298,"menu_order":0,"comment_status":"closed","ping_status":"closed","template":"","meta":{"_acf_changed":false,"_et_pb_use_builder":"on","_et_pb_old_content":"","_et_gb_content_width":"","footnotes":""},"class_list":["post-312","page","type-page","status-publish","hentry"],"acf":[],"yoast_head":"<!-- This site is optimized with the Yoast SEO plugin v27.5 - https:\/\/yoast.com\/product\/yoast-seo-wordpress\/ -->\n<title>Calderas de pellets - Natefi<\/title>\n<meta name=\"description\" content=\"A Natura i Efici\u00e8ncia som importadors i distribu\u00efdors oficials de calderes de biomassa SOLARFOCUS a Catalunya. Calderas de pellet.\" \/>\n<meta name=\"robots\" content=\"index, follow, max-snippet:-1, max-image-preview:large, max-video-preview:-1\" \/>\n<link rel=\"canonical\" href=\"https:\/\/natefi.com\/es\/calderas-de-biomasa\/calderas-de-pellets\/\" \/>\n<meta property=\"og:locale\" content=\"es_ES\" \/>\n<meta property=\"og:type\" content=\"article\" \/>\n<meta property=\"og:title\" content=\"Calderas de pellets - Natefi\" \/>\n<meta property=\"og:description\" content=\"A Natura i Efici\u00e8ncia som importadors i distribu\u00efdors oficials de calderes de biomassa SOLARFOCUS a Catalunya. Calderas de pellet.\" \/>\n<meta property=\"og:url\" content=\"https:\/\/natefi.com\/es\/calderas-de-biomasa\/calderas-de-pellets\/\" \/>\n<meta property=\"og:site_name\" content=\"Natefi\" \/>\n<meta property=\"article:modified_time\" content=\"2025-10-22T10:20:44+00:00\" \/>\n<meta property=\"og:image\" content=\"https:\/\/natefi.com\/wp-content\/uploads\/2024\/11\/LogoNATEFI-removebg-preview.png\" \/>\n\t<meta property=\"og:image:width\" content=\"537\" \/>\n\t<meta property=\"og:image:height\" content=\"465\" \/>\n\t<meta property=\"og:image:type\" content=\"image\/png\" \/>\n<meta name=\"twitter:card\" content=\"summary_large_image\" \/>\n<meta name=\"twitter:label1\" content=\"Tiempo de lectura\" \/>\n\t<meta name=\"twitter:data1\" content=\"4 minutos\" \/>\n<script type=\"application\/ld+json\" class=\"yoast-schema-graph\">{\"@context\":\"https:\\\/\\\/schema.org\",\"@graph\":[{\"@type\":\"WebPage\",\"@id\":\"https:\\\/\\\/natefi.com\\\/es\\\/calderas-de-biomasa\\\/calderas-de-pellets\\\/\",\"url\":\"https:\\\/\\\/natefi.com\\\/es\\\/calderas-de-biomasa\\\/calderas-de-pellets\\\/\",\"name\":\"Calderas de pellets - Natefi\",\"isPartOf\":{\"@id\":\"https:\\\/\\\/natefi.com\\\/es\\\/#website\"},\"datePublished\":\"2025-01-16T11:04:55+00:00\",\"dateModified\":\"2025-10-22T10:20:44+00:00\",\"description\":\"A Natura i Efici\u00e8ncia som importadors i distribu\u00efdors oficials de calderes de biomassa SOLARFOCUS a Catalunya. Calderas de pellet.\",\"breadcrumb\":{\"@id\":\"https:\\\/\\\/natefi.com\\\/es\\\/calderas-de-biomasa\\\/calderas-de-pellets\\\/#breadcrumb\"},\"inLanguage\":\"es\",\"potentialAction\":[{\"@type\":\"ReadAction\",\"target\":[\"https:\\\/\\\/natefi.com\\\/es\\\/calderas-de-biomasa\\\/calderas-de-pellets\\\/\"]}]},{\"@type\":\"BreadcrumbList\",\"@id\":\"https:\\\/\\\/natefi.com\\\/es\\\/calderas-de-biomasa\\\/calderas-de-pellets\\\/#breadcrumb\",\"itemListElement\":[{\"@type\":\"ListItem\",\"position\":1,\"name\":\"Inici\",\"item\":\"https:\\\/\\\/natefi.com\\\/es\\\/inici\\\/\"},{\"@type\":\"ListItem\",\"position\":2,\"name\":\"Calderas de biomasa\",\"item\":\"https:\\\/\\\/natefi.com\\\/es\\\/calderas-de-biomasa\\\/\"},{\"@type\":\"ListItem\",\"position\":3,\"name\":\"Calderas de pellets\"}]},{\"@type\":\"WebSite\",\"@id\":\"https:\\\/\\\/natefi.com\\\/es\\\/#website\",\"url\":\"https:\\\/\\\/natefi.com\\\/es\\\/\",\"name\":\"Natefi\",\"description\":\"Optimitzaci\u00f3 del consum energ\u00e8tic; Calderes de llenya i pellet, calderes de pellet, calderes d&#039;estella, panells solars t\u00e8rmics,\u2026 IMPORTADORS de SOLARFOCUS per a tota Espanya\",\"publisher\":{\"@id\":\"https:\\\/\\\/natefi.com\\\/es\\\/#organization\"},\"alternateName\":\"Natefi Natura i eficiencia energetica\",\"potentialAction\":[{\"@type\":\"SearchAction\",\"target\":{\"@type\":\"EntryPoint\",\"urlTemplate\":\"https:\\\/\\\/natefi.com\\\/es\\\/?s={search_term_string}\"},\"query-input\":{\"@type\":\"PropertyValueSpecification\",\"valueRequired\":true,\"valueName\":\"search_term_string\"}}],\"inLanguage\":\"es\"},{\"@type\":\"Organization\",\"@id\":\"https:\\\/\\\/natefi.com\\\/es\\\/#organization\",\"name\":\"Natura i eficiencia energetica Natefi\",\"alternateName\":\"Natefi Natura i eficiencia energetica\",\"url\":\"https:\\\/\\\/natefi.com\\\/es\\\/\",\"logo\":{\"@type\":\"ImageObject\",\"inLanguage\":\"es\",\"@id\":\"https:\\\/\\\/natefi.com\\\/es\\\/#\\\/schema\\\/logo\\\/image\\\/\",\"url\":\"https:\\\/\\\/natefi.com\\\/wp-content\\\/uploads\\\/2025\\\/01\\\/cropped-Captura_de_pantalla_2024-11-25_160541-removebg-preview-1-1.png\",\"contentUrl\":\"https:\\\/\\\/natefi.com\\\/wp-content\\\/uploads\\\/2025\\\/01\\\/cropped-Captura_de_pantalla_2024-11-25_160541-removebg-preview-1-1.png\",\"width\":512,\"height\":512,\"caption\":\"Natura i eficiencia energetica Natefi\"},\"image\":{\"@id\":\"https:\\\/\\\/natefi.com\\\/es\\\/#\\\/schema\\\/logo\\\/image\\\/\"}}]}<\/script>\n<!-- \/ Yoast SEO plugin. -->","yoast_head_json":{"title":"Calderas de pellets - Natefi","description":"A Natura i Efici\u00e8ncia som importadors i distribu\u00efdors oficials de calderes de biomassa SOLARFOCUS a Catalunya. Calderas de pellet.","robots":{"index":"index","follow":"follow","max-snippet":"max-snippet:-1","max-image-preview":"max-image-preview:large","max-video-preview":"max-video-preview:-1"},"canonical":"https:\/\/natefi.com\/es\/calderas-de-biomasa\/calderas-de-pellets\/","og_locale":"es_ES","og_type":"article","og_title":"Calderas de pellets - Natefi","og_description":"A Natura i Efici\u00e8ncia som importadors i distribu\u00efdors oficials de calderes de biomassa SOLARFOCUS a Catalunya. Calderas de pellet.","og_url":"https:\/\/natefi.com\/es\/calderas-de-biomasa\/calderas-de-pellets\/","og_site_name":"Natefi","article_modified_time":"2025-10-22T10:20:44+00:00","og_image":[{"width":537,"height":465,"url":"https:\/\/natefi.com\/wp-content\/uploads\/2024\/11\/LogoNATEFI-removebg-preview.png","type":"image\/png"}],"twitter_card":"summary_large_image","twitter_misc":{"Tiempo de lectura":"4 minutos"},"schema":{"@context":"https:\/\/schema.org","@graph":[{"@type":"WebPage","@id":"https:\/\/natefi.com\/es\/calderas-de-biomasa\/calderas-de-pellets\/","url":"https:\/\/natefi.com\/es\/calderas-de-biomasa\/calderas-de-pellets\/","name":"Calderas de pellets - Natefi","isPartOf":{"@id":"https:\/\/natefi.com\/es\/#website"},"datePublished":"2025-01-16T11:04:55+00:00","dateModified":"2025-10-22T10:20:44+00:00","description":"A Natura i Efici\u00e8ncia som importadors i distribu\u00efdors oficials de calderes de biomassa SOLARFOCUS a Catalunya. Calderas de pellet.","breadcrumb":{"@id":"https:\/\/natefi.com\/es\/calderas-de-biomasa\/calderas-de-pellets\/#breadcrumb"},"inLanguage":"es","potentialAction":[{"@type":"ReadAction","target":["https:\/\/natefi.com\/es\/calderas-de-biomasa\/calderas-de-pellets\/"]}]},{"@type":"BreadcrumbList","@id":"https:\/\/natefi.com\/es\/calderas-de-biomasa\/calderas-de-pellets\/#breadcrumb","itemListElement":[{"@type":"ListItem","position":1,"name":"Inici","item":"https:\/\/natefi.com\/es\/inici\/"},{"@type":"ListItem","position":2,"name":"Calderas de biomasa","item":"https:\/\/natefi.com\/es\/calderas-de-biomasa\/"},{"@type":"ListItem","position":3,"name":"Calderas de pellets"}]},{"@type":"WebSite","@id":"https:\/\/natefi.com\/es\/#website","url":"https:\/\/natefi.com\/es\/","name":"Natefi","description":"Optimitzaci\u00f3 del consum energ\u00e8tic; Calderes de llenya i pellet, calderes de pellet, calderes d&#039;estella, panells solars t\u00e8rmics,\u2026 IMPORTADORS de SOLARFOCUS per a tota Espanya","publisher":{"@id":"https:\/\/natefi.com\/es\/#organization"},"alternateName":"Natefi Natura i eficiencia energetica","potentialAction":[{"@type":"SearchAction","target":{"@type":"EntryPoint","urlTemplate":"https:\/\/natefi.com\/es\/?s={search_term_string}"},"query-input":{"@type":"PropertyValueSpecification","valueRequired":true,"valueName":"search_term_string"}}],"inLanguage":"es"},{"@type":"Organization","@id":"https:\/\/natefi.com\/es\/#organization","name":"Natura i eficiencia energetica Natefi","alternateName":"Natefi Natura i eficiencia energetica","url":"https:\/\/natefi.com\/es\/","logo":{"@type":"ImageObject","inLanguage":"es","@id":"https:\/\/natefi.com\/es\/#\/schema\/logo\/image\/","url":"https:\/\/natefi.com\/wp-content\/uploads\/2025\/01\/cropped-Captura_de_pantalla_2024-11-25_160541-removebg-preview-1-1.png","contentUrl":"https:\/\/natefi.com\/wp-content\/uploads\/2025\/01\/cropped-Captura_de_pantalla_2024-11-25_160541-removebg-preview-1-1.png","width":512,"height":512,"caption":"Natura i eficiencia energetica Natefi"},"image":{"@id":"https:\/\/natefi.com\/es\/#\/schema\/logo\/image\/"}}]}},"_links":{"self":[{"href":"https:\/\/natefi.com\/es\/wp-json\/wp\/v2\/pages\/312","targetHints":{"allow":["GET"]}}],"collection":[{"href":"https:\/\/natefi.com\/es\/wp-json\/wp\/v2\/pages"}],"about":[{"href":"https:\/\/natefi.com\/es\/wp-json\/wp\/v2\/types\/page"}],"author":[{"embeddable":true,"href":"https:\/\/natefi.com\/es\/wp-json\/wp\/v2\/users\/1"}],"replies":[{"embeddable":true,"href":"https:\/\/natefi.com\/es\/wp-json\/wp\/v2\/comments?post=312"}],"version-history":[{"count":9,"href":"https:\/\/natefi.com\/es\/wp-json\/wp\/v2\/pages\/312\/revisions"}],"predecessor-version":[{"id":732,"href":"https:\/\/natefi.com\/es\/wp-json\/wp\/v2\/pages\/312\/revisions\/732"}],"up":[{"embeddable":true,"href":"https:\/\/natefi.com\/es\/wp-json\/wp\/v2\/pages\/298"}],"wp:attachment":[{"href":"https:\/\/natefi.com\/es\/wp-json\/wp\/v2\/media?parent=312"}],"curies":[{"name":"wp","href":"https:\/\/api.w.org\/{rel}","templated":true}]}}