{"id":334,"date":"2025-04-02T14:55:33","date_gmt":"2025-04-02T14:55:33","guid":{"rendered":"https:\/\/natefi.com\/politica-de-privacitat\/"},"modified":"2025-09-17T07:31:08","modified_gmt":"2025-09-17T07:31:08","slug":"politica-de-privacitat","status":"publish","type":"page","link":"https:\/\/natefi.com\/es\/politica-de-privacitat\/","title":{"rendered":"Politica de privacitat"},"content":{"rendered":"\n<br><span>\u00daltima actualitzaci\u00f3: 02-abr-2025<\/span>\n<br><span>Data d\u2019entrada en vigor: 02-abr-2025<\/span>\n<\/h1>\n\n<p class=\"privacy-policy-p\">\n    Aquesta Pol\u00edtica de Privacitat descriu les pol\u00edtiques de\n\n    Natura i Efici\u00e8ncia, S.L.,\n    Carrer de la Conc\u00f2rdia 147, 5\u00e8 1a,\n    Barcelona\n    08242,\n    Espanya,\n    correu electr\u00f2nic: info@natefi.com,\n    tel\u00e8fon: +34 618 26 4876\n\n    sobre la recopilaci\u00f3,\n    \u00fas i divulgaci\u00f3 de la teva informaci\u00f3 que recopilem\n    quan utilitzes el nostre lloc web (https:\/\/natefi.com).\n    (el \u201cServei\u201d). En accedir o utilitzar\n    el Servei, consenteixes la recopilaci\u00f3, \u00fas i\n    divulgaci\u00f3 de la teva informaci\u00f3 d\u2019acord amb aquesta\n    Pol\u00edtica de Privacitat. Si no hi est\u00e0s d\u2019acord,\n    si us plau, no accedeixis ni utilitzis el Servei.\n<\/p>\n\n<p class=\"privacy-policy-p\">\n    Podem modificar aquesta Pol\u00edtica de Privacitat en qualsevol moment sense\n    previ av\u00eds i publicarem la pol\u00edtica revisada\n    al Servei. La pol\u00edtica revisada\n    entrar\u00e0 en vigor 180 dies despr\u00e9s de la seva\n    publicaci\u00f3 al Servei i el teu\n    acc\u00e9s o \u00fas continuat del Servei despr\u00e9s d\u2019aquest per\u00edode\n    suposar\u00e0 l\u2019acceptaci\u00f3 de la nova Pol\u00edtica de Privacitat.\n    Per aix\u00f2, et recomanem que revisis aquesta p\u00e0gina peri\u00f2dicament.\n<\/p>\n\n<ol class=\"privacy-policy-ol\">\n    <li>\n        <h2 class=\"privacy-policy-h2\">\n            Informaci\u00f3 que recopilem:\n        <\/h2>\n\n        <p class=\"privacy-policy-p\">\n            Recopilarem i processarem la seg\u00fcent\n            informaci\u00f3 personal sobre tu:\n        <\/p>\n        <ol class=\"privacy-policy-ol\">\n            <li>Nom<\/li>\n            <li>Correu electr\u00f2nic<\/li>\n        <\/ol>\n    <\/li>\n\n    <li>\n        <h2 class=\"privacy-policy-h2\">\n            Com utilitzem la teva informaci\u00f3:\n        <\/h2>\n        <p class=\"privacy-policy-p\">\n            Utilitzarem la informaci\u00f3 que recopilem\n            sobre tu per als seg\u00fcents prop\u00f2sits:\n        <\/p>\n        <ol class=\"privacy-policy-ol\">\n            <li>M\u00e0rqueting \/ Promoci\u00f3<\/li>\n            <li>Publicitat dirigida<\/li>\n        <\/ol>\n        <p class=\"privacy-policy-p\">\n            Si volem utilitzar la teva informaci\u00f3 per a qualsevol altre\n            prop\u00f2sit, et demanarem el teu consentiment i nom\u00e9s\n            l&#8217;utilitzarem una vegada obtingut aquest\n            consentiment i nom\u00e9s per als prop\u00f2sits per\n            als quals s\u2019ha concedit, llevat que la llei\n            ens obligui a actuar d\u2019una altra manera.\n        <\/p>\n    <\/li>\n\n    <li>\n        <h2 class=\"privacy-policy-h2\">\n            Com compartim la teva informaci\u00f3:\n        <\/h2>\n        <p class=\"privacy-policy-p\">\n            No transferirem la teva informaci\u00f3 personal\n            a cap tercer sense el teu consentiment,\n            excepte en les circumst\u00e0ncies limitades que es descriuen\n            a continuaci\u00f3:\n        <\/p>\n        <ol class=\"privacy-policy-ol\">\n            <li>Anal\u00edtica<\/li>\n        <\/ol>\n\n        <p class=\"privacy-policy-p\">\n            Exigim a aquests tercers que utilitzin\n            la informaci\u00f3 personal que els transferim nom\u00e9s\n            per al prop\u00f2sit pel qual se\u2019ls ha transferit i\n            no la conservin m\u00e9s temps del necessari.\n        <\/p>\n        <p class=\"privacy-policy-p\">\n            Tamb\u00e9 podem divulgar la teva informaci\u00f3 personal\n            per als seg\u00fcents motius: (1) complir amb la llei\n            aplicable, regulaci\u00f3, ordre judicial o altres\n            procediments legals; (2) fer complir els teus acords amb nosaltres,\n            inclosa aquesta Pol\u00edtica de Privacitat; o (3) respondre\n            a reclamacions que l\u2019\u00fas del Servei infringeix\n            drets de tercers. Si el Servei o la nostra\n            empresa es fusiona o \u00e9s adquirida per una altra\n            empresa, la teva informaci\u00f3 ser\u00e0 un dels\n            actius transferits al nou propietari.\n        <\/p>\n    <\/li>\n\n    <li>\n        <h2 class=\"privacy-policy-h2\">\n            Conservaci\u00f3 de la teva informaci\u00f3:\n        <\/h2>\n        <p class=\"privacy-policy-p\">\n            Conservarem la teva informaci\u00f3 personal amb nosaltres\n            durant un per\u00edode de\n            90 dies a 2 anys despr\u00e9s que els usuaris tanquin els seus comptes,\n            o durant el temps necessari per\n            complir amb les finalitats per a les quals es va recopilar, com s\u2019indica en aquesta\n            Pol\u00edtica de Privacitat. Podem necessitar conservar certa\n            informaci\u00f3 durant per\u00edodes m\u00e9s llargs, com ara\n            per a obligacions legals o altres motius leg\u00edtims\n            com fer valer drets legals, prevenci\u00f3 de frau, etc. La informaci\u00f3\n            residual an\u00f2nima i la informaci\u00f3 agregada, que no\n            t\u2019identifica (ni directament ni indirectament), pot\n            ser emmagatzemada indefinidament.\n        <\/p>\n    <\/li>\n\n    <li>\n        <h2 class=\"privacy-policy-h2\">\n            Els teus drets:\n        <\/h2>\n        <p class=\"privacy-policy-p\">\n            Depenent de la legislaci\u00f3 aplicable, pots tenir\n            dret a accedir, rectificar o suprimir les teves\n            dades personals, o rebre una c\u00f2pia de les teves dades,\n            restringir o oposar-te al processament actiu de les teves dades,\n            demanar que compartim (portabilitat) la teva informaci\u00f3 personal amb una altra entitat,\n            retirar qualsevol consentiment que ens hagis proporcionat\n            per processar les teves dades, presentar una reclamaci\u00f3\n            davant una autoritat competent i altres drets\n            que pugui recon\u00e8ixer la legislaci\u00f3 aplicable. Per\n            exercir aquests drets, pots escriure\u2019ns a\n            info@natefi.com.\n            Respondrem a la teva\n            sol\u00b7licitud d\u2019acord amb la legislaci\u00f3 vigent.\n        <\/p>\n\n        <p class=\"privacy-policy-p\">\n            Pots optar per no rebre comunicacions de\n            m\u00e0rqueting directe o el perfilat que fem per\n            a finalitats de m\u00e0rqueting escrivint-nos a\n            info@natefi.com.\n        <\/p>\n\n        <p class=\"privacy-policy-p\">\n            Tingues en compte que, si no ens permets recopilar\n            o processar la informaci\u00f3 personal necess\u00e0ria o\n            retires el consentiment per fer-ho per als\n            prop\u00f2sits requerits, pot ser que no puguis accedir\n            o utilitzar els serveis per als quals es demanava la teva informaci\u00f3.\n        <\/p>\n    <\/li>\n\n    <li>\n        <h2 class=\"privacy-policy-h2\">\n            Cookies, etc.\n        <\/h2>\n        <p class=\"privacy-policy-p\">\n            Per saber m\u00e9s sobre com utilitzem aquestes\n            tecnologies i les teves opcions en relaci\u00f3 amb elles, si us plau consulta la nostra\n            <a href=\"https:\/\/natefi.com\/cookies-policy\/\">Pol\u00edtica de Cookies.<\/a>\n        <\/p>\n    <\/li>\n\n    <li>\n        <h2 class=\"privacy-policy-h2\">\n            Seguretat:\n        <\/h2>\n        <p class=\"privacy-policy-p\">\n            La seguretat de la teva informaci\u00f3 \u00e9s important per a\n            nosaltres i utilitzarem mesures raonables per\n            evitar la p\u00e8rdua, \u00fas indegut o acc\u00e9s\n            no autoritzat a la teva informaci\u00f3 sota el nostre\n            control. No obstant aix\u00f2, donats els riscos inherents, no\n            podem garantir la seguretat absoluta i,\n            en conseq\u00fc\u00e8ncia, no podem assegurar ni garantir\n            la seguretat de cap informaci\u00f3 que ens envi\u00efs;\n            ho fas sota el teu propi risc.\n        <\/p>\n    <\/li>\n\n    <li>\n        <h2 class=\"privacy-policy-h2\">\n            Enlla\u00e7os de tercers i \u00fas de la teva informaci\u00f3:\n        <\/h2>\n        <p class=\"privacy-policy-p\">\n            El nostre Servei pot contenir enlla\u00e7os a altres llocs web\n            que no s\u00f3n gestionats per nosaltres. Aquesta Pol\u00edtica de Privacitat\n            no cobreix les pol\u00edtiques de privacitat ni altres\n            pr\u00e0ctiques de tercers, inclosos els\n            que operen llocs o serveis\n            als quals es pugui accedir mitjan\u00e7ant enlla\u00e7os al Servei.\n            Et recomanem revisar la pol\u00edtica de privacitat de cada lloc que visitis.\n            No tenim cap control ni assumim responsabilitat sobre\n            el contingut, pol\u00edtiques de privacitat o pr\u00e0ctiques\n            de llocs o serveis de tercers.\n        <\/p>\n    <\/li>\n\n    <li>\n        <h2 class=\"privacy-policy-h2\">\n            Responsable de reclamacions \/ Protecci\u00f3 de dades:\n        <\/h2>\n        <p class=\"privacy-policy-p\">\n            Si tens qualsevol dubte o inquietud sobre el\n            processament de la teva informaci\u00f3 per part nostra, pots enviar un correu electr\u00f2nic al nostre Responsable de Protecci\u00f3 de Dades a\n            Natura i Efici\u00e8ncia, S.L.,\n            Carrer de la Conc\u00f2rdia 147, 5\u00e8 1a, 08242 Manresa,\n            correu electr\u00f2nic: info@natefi.com.\n            Atendrem la teva consulta d&#8217;acord amb la legislaci\u00f3 vigent.\n        <\/p>\n    <\/li>\n<\/ol>\n\n<p class=\"privacy-policy-p\">\n    Pol\u00edtica de Privacitat generada amb <a target=\"_blank\" href=\"https:\/\/www.cookieyes.com\/?utm_source=PP&#038;utm_medium=footer&#038;utm_campaign=UW\">CookieYes<\/a>.\n<\/p>\n\n","protected":false},"excerpt":{"rendered":"<p>\u00daltima actualitzaci\u00f3: 02-abr-2025 Data d\u2019entrada en vigor: 02-abr-2025 Aquesta Pol\u00edtica de Privacitat descriu les pol\u00edtiques de Natura i Efici\u00e8ncia, S.L., Carrer de la Conc\u00f2rdia 147, 5\u00e8 1a, Barcelona 08242, Espanya, correu electr\u00f2nic: info@natefi.com, tel\u00e8fon: +34 618 26 4876 sobre la recopilaci\u00f3, \u00fas i divulgaci\u00f3 de la teva informaci\u00f3 que recopilem quan utilitzes el nostre lloc [&hellip;]<\/p>\n","protected":false},"author":2,"featured_media":0,"parent":0,"menu_order":0,"comment_status":"closed","ping_status":"closed","template":"","meta":{"_acf_changed":false,"_et_pb_use_builder":"off","_et_pb_old_content":"","_et_gb_content_width":"1080","footnotes":""},"class_list":["post-334","page","type-page","status-publish","hentry"],"acf":[],"yoast_head":"<!-- This site is optimized with the Yoast SEO plugin v27.5 - https:\/\/yoast.com\/product\/yoast-seo-wordpress\/ -->\n<title>Politica de privacitat - Natefi<\/title>\n<meta name=\"description\" content=\"A Natura i Efici\u00e8ncia som importadors i distribu\u00efdors oficials de calderes de biomassa SOLARFOCUS a Catalunya. Oferim solucions eficients en calefacci\u00f3 per a instal\u00b7lacions industrials i semi-industrials com c\u00e0mpings, masies, hotels, instal\u00b7lacions esportives i empreses. Calderes de pellet, llenya, combinades llenya i pellet, i estella amb m\u00e0xima efici\u00e8ncia i estalvi energ\u00e8tic. Descobreix les nostres solucions per instal\u00b7ladors a NATEFI.COM.\" \/>\n<meta name=\"robots\" content=\"index, follow, max-snippet:-1, max-image-preview:large, max-video-preview:-1\" \/>\n<link rel=\"canonical\" href=\"https:\/\/natefi.com\/es\/politica-de-privacitat\/\" \/>\n<meta property=\"og:locale\" content=\"es_ES\" \/>\n<meta property=\"og:type\" content=\"article\" \/>\n<meta property=\"og:title\" content=\"Politica de privacitat - Natefi\" \/>\n<meta property=\"og:description\" content=\"A Natura i Efici\u00e8ncia som importadors i distribu\u00efdors oficials de calderes de biomassa SOLARFOCUS a Catalunya. Oferim solucions eficients en calefacci\u00f3 per a instal\u00b7lacions industrials i semi-industrials com c\u00e0mpings, masies, hotels, instal\u00b7lacions esportives i empreses. Calderes de pellet, llenya, combinades llenya i pellet, i estella amb m\u00e0xima efici\u00e8ncia i estalvi energ\u00e8tic. Descobreix les nostres solucions per instal\u00b7ladors a NATEFI.COM.\" \/>\n<meta property=\"og:url\" content=\"https:\/\/natefi.com\/es\/politica-de-privacitat\/\" \/>\n<meta property=\"og:site_name\" content=\"Natefi\" \/>\n<meta property=\"article:modified_time\" content=\"2025-09-17T07:31:08+00:00\" \/>\n<meta property=\"og:image\" content=\"https:\/\/natefi.com\/wp-content\/uploads\/2024\/11\/LogoNATEFI-removebg-preview.png\" \/>\n\t<meta property=\"og:image:width\" content=\"537\" \/>\n\t<meta property=\"og:image:height\" content=\"465\" \/>\n\t<meta property=\"og:image:type\" content=\"image\/png\" \/>\n<meta name=\"twitter:card\" content=\"summary_large_image\" \/>\n<meta name=\"twitter:label1\" content=\"Tiempo de lectura\" \/>\n\t<meta name=\"twitter:data1\" content=\"5 minutos\" \/>\n<script type=\"application\/ld+json\" class=\"yoast-schema-graph\">{\"@context\":\"https:\\\/\\\/schema.org\",\"@graph\":[{\"@type\":\"WebPage\",\"@id\":\"https:\\\/\\\/natefi.com\\\/es\\\/politica-de-privacitat\\\/\",\"url\":\"https:\\\/\\\/natefi.com\\\/es\\\/politica-de-privacitat\\\/\",\"name\":\"Politica de privacitat - Natefi\",\"isPartOf\":{\"@id\":\"https:\\\/\\\/natefi.com\\\/es\\\/#website\"},\"datePublished\":\"2025-04-02T14:55:33+00:00\",\"dateModified\":\"2025-09-17T07:31:08+00:00\",\"description\":\"A Natura i Efici\u00e8ncia som importadors i distribu\u00efdors oficials de calderes de biomassa SOLARFOCUS a Catalunya. Oferim solucions eficients en calefacci\u00f3 per a instal\u00b7lacions industrials i semi-industrials com c\u00e0mpings, masies, hotels, instal\u00b7lacions esportives i empreses. Calderes de pellet, llenya, combinades llenya i pellet, i estella amb m\u00e0xima efici\u00e8ncia i estalvi energ\u00e8tic. Descobreix les nostres solucions per instal\u00b7ladors a NATEFI.COM.\",\"breadcrumb\":{\"@id\":\"https:\\\/\\\/natefi.com\\\/es\\\/politica-de-privacitat\\\/#breadcrumb\"},\"inLanguage\":\"es\",\"potentialAction\":[{\"@type\":\"ReadAction\",\"target\":[\"https:\\\/\\\/natefi.com\\\/es\\\/politica-de-privacitat\\\/\"]}]},{\"@type\":\"BreadcrumbList\",\"@id\":\"https:\\\/\\\/natefi.com\\\/es\\\/politica-de-privacitat\\\/#breadcrumb\",\"itemListElement\":[{\"@type\":\"ListItem\",\"position\":1,\"name\":\"Inici\",\"item\":\"https:\\\/\\\/natefi.com\\\/es\\\/inici\\\/\"},{\"@type\":\"ListItem\",\"position\":2,\"name\":\"Politica de privacitat\"}]},{\"@type\":\"WebSite\",\"@id\":\"https:\\\/\\\/natefi.com\\\/es\\\/#website\",\"url\":\"https:\\\/\\\/natefi.com\\\/es\\\/\",\"name\":\"Natefi\",\"description\":\"Optimitzaci\u00f3 del consum energ\u00e8tic; Calderes de llenya i pellet, calderes de pellet, calderes d&#039;estella, panells solars t\u00e8rmics,\u2026 IMPORTADORS de SOLARFOCUS per a tota Espanya\",\"publisher\":{\"@id\":\"https:\\\/\\\/natefi.com\\\/es\\\/#organization\"},\"alternateName\":\"Natefi Natura i eficiencia energetica\",\"potentialAction\":[{\"@type\":\"SearchAction\",\"target\":{\"@type\":\"EntryPoint\",\"urlTemplate\":\"https:\\\/\\\/natefi.com\\\/es\\\/?s={search_term_string}\"},\"query-input\":{\"@type\":\"PropertyValueSpecification\",\"valueRequired\":true,\"valueName\":\"search_term_string\"}}],\"inLanguage\":\"es\"},{\"@type\":\"Organization\",\"@id\":\"https:\\\/\\\/natefi.com\\\/es\\\/#organization\",\"name\":\"Natura i eficiencia energetica Natefi\",\"alternateName\":\"Natefi Natura i eficiencia energetica\",\"url\":\"https:\\\/\\\/natefi.com\\\/es\\\/\",\"logo\":{\"@type\":\"ImageObject\",\"inLanguage\":\"es\",\"@id\":\"https:\\\/\\\/natefi.com\\\/es\\\/#\\\/schema\\\/logo\\\/image\\\/\",\"url\":\"https:\\\/\\\/natefi.com\\\/wp-content\\\/uploads\\\/2025\\\/01\\\/cropped-Captura_de_pantalla_2024-11-25_160541-removebg-preview-1-1.png\",\"contentUrl\":\"https:\\\/\\\/natefi.com\\\/wp-content\\\/uploads\\\/2025\\\/01\\\/cropped-Captura_de_pantalla_2024-11-25_160541-removebg-preview-1-1.png\",\"width\":512,\"height\":512,\"caption\":\"Natura i eficiencia energetica Natefi\"},\"image\":{\"@id\":\"https:\\\/\\\/natefi.com\\\/es\\\/#\\\/schema\\\/logo\\\/image\\\/\"}}]}<\/script>\n<!-- \/ Yoast SEO plugin. -->","yoast_head_json":{"title":"Politica de privacitat - Natefi","description":"A Natura i Efici\u00e8ncia som importadors i distribu\u00efdors oficials de calderes de biomassa SOLARFOCUS a Catalunya. Oferim solucions eficients en calefacci\u00f3 per a instal\u00b7lacions industrials i semi-industrials com c\u00e0mpings, masies, hotels, instal\u00b7lacions esportives i empreses. Calderes de pellet, llenya, combinades llenya i pellet, i estella amb m\u00e0xima efici\u00e8ncia i estalvi energ\u00e8tic. Descobreix les nostres solucions per instal\u00b7ladors a NATEFI.COM.","robots":{"index":"index","follow":"follow","max-snippet":"max-snippet:-1","max-image-preview":"max-image-preview:large","max-video-preview":"max-video-preview:-1"},"canonical":"https:\/\/natefi.com\/es\/politica-de-privacitat\/","og_locale":"es_ES","og_type":"article","og_title":"Politica de privacitat - Natefi","og_description":"A Natura i Efici\u00e8ncia som importadors i distribu\u00efdors oficials de calderes de biomassa SOLARFOCUS a Catalunya. Oferim solucions eficients en calefacci\u00f3 per a instal\u00b7lacions industrials i semi-industrials com c\u00e0mpings, masies, hotels, instal\u00b7lacions esportives i empreses. Calderes de pellet, llenya, combinades llenya i pellet, i estella amb m\u00e0xima efici\u00e8ncia i estalvi energ\u00e8tic. Descobreix les nostres solucions per instal\u00b7ladors a NATEFI.COM.","og_url":"https:\/\/natefi.com\/es\/politica-de-privacitat\/","og_site_name":"Natefi","article_modified_time":"2025-09-17T07:31:08+00:00","og_image":[{"width":537,"height":465,"url":"https:\/\/natefi.com\/wp-content\/uploads\/2024\/11\/LogoNATEFI-removebg-preview.png","type":"image\/png"}],"twitter_card":"summary_large_image","twitter_misc":{"Tiempo de lectura":"5 minutos"},"schema":{"@context":"https:\/\/schema.org","@graph":[{"@type":"WebPage","@id":"https:\/\/natefi.com\/es\/politica-de-privacitat\/","url":"https:\/\/natefi.com\/es\/politica-de-privacitat\/","name":"Politica de privacitat - Natefi","isPartOf":{"@id":"https:\/\/natefi.com\/es\/#website"},"datePublished":"2025-04-02T14:55:33+00:00","dateModified":"2025-09-17T07:31:08+00:00","description":"A Natura i Efici\u00e8ncia som importadors i distribu\u00efdors oficials de calderes de biomassa SOLARFOCUS a Catalunya. Oferim solucions eficients en calefacci\u00f3 per a instal\u00b7lacions industrials i semi-industrials com c\u00e0mpings, masies, hotels, instal\u00b7lacions esportives i empreses. Calderes de pellet, llenya, combinades llenya i pellet, i estella amb m\u00e0xima efici\u00e8ncia i estalvi energ\u00e8tic. Descobreix les nostres solucions per instal\u00b7ladors a NATEFI.COM.","breadcrumb":{"@id":"https:\/\/natefi.com\/es\/politica-de-privacitat\/#breadcrumb"},"inLanguage":"es","potentialAction":[{"@type":"ReadAction","target":["https:\/\/natefi.com\/es\/politica-de-privacitat\/"]}]},{"@type":"BreadcrumbList","@id":"https:\/\/natefi.com\/es\/politica-de-privacitat\/#breadcrumb","itemListElement":[{"@type":"ListItem","position":1,"name":"Inici","item":"https:\/\/natefi.com\/es\/inici\/"},{"@type":"ListItem","position":2,"name":"Politica de privacitat"}]},{"@type":"WebSite","@id":"https:\/\/natefi.com\/es\/#website","url":"https:\/\/natefi.com\/es\/","name":"Natefi","description":"Optimitzaci\u00f3 del consum energ\u00e8tic; Calderes de llenya i pellet, calderes de pellet, calderes d&#039;estella, panells solars t\u00e8rmics,\u2026 IMPORTADORS de SOLARFOCUS per a tota Espanya","publisher":{"@id":"https:\/\/natefi.com\/es\/#organization"},"alternateName":"Natefi Natura i eficiencia energetica","potentialAction":[{"@type":"SearchAction","target":{"@type":"EntryPoint","urlTemplate":"https:\/\/natefi.com\/es\/?s={search_term_string}"},"query-input":{"@type":"PropertyValueSpecification","valueRequired":true,"valueName":"search_term_string"}}],"inLanguage":"es"},{"@type":"Organization","@id":"https:\/\/natefi.com\/es\/#organization","name":"Natura i eficiencia energetica Natefi","alternateName":"Natefi Natura i eficiencia energetica","url":"https:\/\/natefi.com\/es\/","logo":{"@type":"ImageObject","inLanguage":"es","@id":"https:\/\/natefi.com\/es\/#\/schema\/logo\/image\/","url":"https:\/\/natefi.com\/wp-content\/uploads\/2025\/01\/cropped-Captura_de_pantalla_2024-11-25_160541-removebg-preview-1-1.png","contentUrl":"https:\/\/natefi.com\/wp-content\/uploads\/2025\/01\/cropped-Captura_de_pantalla_2024-11-25_160541-removebg-preview-1-1.png","width":512,"height":512,"caption":"Natura i eficiencia energetica Natefi"},"image":{"@id":"https:\/\/natefi.com\/es\/#\/schema\/logo\/image\/"}}]}},"_links":{"self":[{"href":"https:\/\/natefi.com\/es\/wp-json\/wp\/v2\/pages\/334","targetHints":{"allow":["GET"]}}],"collection":[{"href":"https:\/\/natefi.com\/es\/wp-json\/wp\/v2\/pages"}],"about":[{"href":"https:\/\/natefi.com\/es\/wp-json\/wp\/v2\/types\/page"}],"author":[{"embeddable":true,"href":"https:\/\/natefi.com\/es\/wp-json\/wp\/v2\/users\/2"}],"replies":[{"embeddable":true,"href":"https:\/\/natefi.com\/es\/wp-json\/wp\/v2\/comments?post=334"}],"version-history":[{"count":2,"href":"https:\/\/natefi.com\/es\/wp-json\/wp\/v2\/pages\/334\/revisions"}],"predecessor-version":[{"id":556,"href":"https:\/\/natefi.com\/es\/wp-json\/wp\/v2\/pages\/334\/revisions\/556"}],"wp:attachment":[{"href":"https:\/\/natefi.com\/es\/wp-json\/wp\/v2\/media?parent=334"}],"curies":[{"name":"wp","href":"https:\/\/api.w.org\/{rel}","templated":true}]}}