{"id":335,"date":"2025-04-02T14:46:10","date_gmt":"2025-04-02T14:46:10","guid":{"rendered":"https:\/\/natefi.com\/cookies-policy\/"},"modified":"2025-09-17T07:31:45","modified_gmt":"2025-09-17T07:31:45","slug":"cookies-policy","status":"publish","type":"page","link":"https:\/\/natefi.com\/es\/cookies-policy\/","title":{"rendered":"Cookies Policy"},"content":{"rendered":"\n<style>\n    a.cky-banner-element {\n        padding: 8px 30px;\n        background: #F8F9FA;\n        color: #858A8F;\n        border: 1px solid #DEE2E6;\n        box-sizing: border-box;\n        border-radius: 2px;\n        cursor: pointer;\n}\n<\/style>\n<p>\n    Fecha de entrada en vigor: 02-abr-2025 <br>\n    \u00daltima actualizaci\u00f3n: 02-abr-2025\n<\/p>\n\n&nbsp;\n<h5>\u00bfQu\u00e9 son las cookies?<\/h5>\n<div class=\"cookie-policy-p\">\n    <p>Esta Pol\u00edtica de Cookies explica qu\u00e9 son las cookies y c\u00f3mo las utilizamos, los tipos de cookies que usamos, es decir, la informaci\u00f3n que recopilamos mediante las cookies, c\u00f3mo utilizamos esa informaci\u00f3n y c\u00f3mo puedes gestionar tus preferencias de cookies.<\/p>\n    <p>Las cookies son peque\u00f1os archivos de texto que se utilizan para almacenar peque\u00f1as cantidades de informaci\u00f3n. Se almacenan en tu dispositivo cuando se carga el sitio web en tu navegador. Estas cookies nos ayudan a que el sitio web funcione correctamente, sea m\u00e1s seguro, proporcione una mejor experiencia de usuario y nos permitan comprender c\u00f3mo funciona el sitio web y analizar qu\u00e9 funciona y qu\u00e9 necesita mejoras.<\/p>\n<\/div>\n\n&nbsp;\n<h5>\u00bfC\u00f3mo utilizamos las cookies?<\/h5>\n<div class=\"cookie-policy-p\">\n    <p>Como la mayor\u00eda de los servicios en l\u00ednea, nuestro sitio web utiliza cookies propias y de terceros para varios fines. Las cookies propias son principalmente necesarias para que el sitio funcione correctamente y no recopilan ninguno de tus datos personales identificables.<\/p>\n    <p>Las cookies de terceros utilizadas en nuestro sitio web se emplean principalmente para entender c\u00f3mo funciona el sitio, c\u00f3mo interact\u00faas con \u00e9l, mantener nuestros servicios seguros, mostrarte anuncios relevantes y, en general, ofrecerte una mejor experiencia de usuario y acelerar tus futuras interacciones con nuestro sitio web.<\/p>\n<\/div>\n\n&nbsp;\n<h5>Tipos de cookies que utilizamos<\/h5>\n<div class=\"cky-audit-table-element\"><\/div>\n\n&nbsp;\n<h5 style=\"margin-bottom:20px;\">Gestionar las preferencias de cookies<\/h5>\n\n<a class=\"cky-banner-element\">Configuraci\u00f3n de cookies<\/a> <br\/>\n\n<div>\n    <p>Puedes cambiar tus preferencias de cookies en cualquier momento haciendo clic en el bot\u00f3n anterior. Esto te permitir\u00e1 volver a visualizar el banner de consentimiento de cookies y modificar tus preferencias o retirar tu consentimiento de inmediato.<\/p>\n    <p>Adem\u00e1s, cada navegador proporciona distintos m\u00e9todos para bloquear y eliminar las cookies utilizadas por los sitios web. Puedes cambiar la configuraci\u00f3n de tu navegador para bloquear\/eliminar cookies. A continuaci\u00f3n te proporcionamos enlaces a los documentos de soporte de los navegadores web m\u00e1s comunes:<\/p>\n    <p>Chrome: <a target=\"_blank\" href=\"https:\/\/support.google.com\/accounts\/answer\/32050\">https:\/\/support.google.com\/accounts\/answer\/32050<\/a><\/p>\n    <p>Safari: <a target=\"_blank\" href=\"https:\/\/support.apple.com\/en-in\/guide\/safari\/sfri11471\/mac\">https:\/\/support.apple.com\/en-in\/guide\/safari\/sfri11471\/mac<\/a><\/p>\n    <p>Firefox: <a target=\"_blank\" href=\"https:\/\/support.mozilla.org\/en-US\/kb\/clear-cookies-and-site-data-firefox?redirectslug=delete-cookies-remove-info-websites-stored&#038;redirectlocale=en-US\">https:\/\/support.mozilla.org\/en-US\/kb\/clear-cookies-and-site-data-firefox?redirectslug=delete-cookies-remove-info-websites-stored&#038;redirectlocale=en-US<\/a><\/p>\n    <p>Internet Explorer: <a target=\"_blank\" href=\"https:\/\/support.microsoft.com\/en-us\/topic\/how-to-delete-cookie-files-in-internet-explorer-bca9446f-d873-78de-77ba-d42645fa52fc\">https:\/\/support.microsoft.com\/en-us\/topic\/how-to-delete-cookie-files-in-internet-explorer-bca9446f-d873-78de-77ba-d42645fa52fc<\/a><\/p>\n    <p>Si utilizas cualquier otro navegador web, por favor visita la documentaci\u00f3n oficial de soporte del mismo.<\/p>\n<\/div>\n\n&nbsp;\n<p class=\"cookie-policy-p\">\n    Pol\u00edtica de Cookies generada por <a target=\"_blank\" href=\"https:\/\/www.cookieyes.com\/?utm_source=CP&#038;utm_medium=footer&#038;utm_campaign=UW\">CookieYes &#8211; Generador de Pol\u00edticas de Cookies<\/a>.\n<\/p>\n\n","protected":false},"excerpt":{"rendered":"<p>Fecha de entrada en vigor: 02-abr-2025 \u00daltima actualizaci\u00f3n: 02-abr-2025 &nbsp; \u00bfQu\u00e9 son las cookies? Esta Pol\u00edtica de Cookies explica qu\u00e9 son las cookies y c\u00f3mo las utilizamos, los tipos de cookies que usamos, es decir, la informaci\u00f3n que recopilamos mediante las cookies, c\u00f3mo utilizamos esa informaci\u00f3n y c\u00f3mo puedes gestionar tus preferencias de cookies. Las [&hellip;]<\/p>\n","protected":false},"author":2,"featured_media":0,"parent":0,"menu_order":0,"comment_status":"closed","ping_status":"closed","template":"","meta":{"_acf_changed":false,"_et_pb_use_builder":"off","_et_pb_old_content":"<!-- wp:html -->\n<style>\n    a.cky-banner-element {\n        padding: 8px 30px;\n        background: #F8F9FA;\n        color: #858A8F;\n        border: 1px solid #DEE2E6;\n        box-sizing: border-box;\n        border-radius: 2px;\n        cursor: pointer;\n}\n<\/style>\n<p>\n    Data d\u2019entrada en vigor: 02-abr-2025 <br>\n    \u00daltima actualitzaci\u00f3: 02-abr-2025\n<\/p>\n\n&nbsp;\n<h5>Qu\u00e8 s\u00f3n les cookies?<\/h5>\n<div class=\"cookie-policy-p\">\n    <p>Aquesta Pol\u00edtica de Cookies explica qu\u00e8 s\u00f3n les cookies i com les fem servir, els tipus de cookies que utilitzem, \u00e9s a dir, la informaci\u00f3 que recopilem a trav\u00e9s de les cookies, com s\u2019utilitza aquesta informaci\u00f3 i com pots gestionar la configuraci\u00f3 de cookies.<\/p>\n    <p>Les cookies s\u00f3n petits fitxers de text que s\u2019utilitzen per emmagatzemar petites quantitats d\u2019informaci\u00f3. S\u2019emmagatzemen al teu dispositiu quan el lloc web es carrega al teu navegador. Aquestes cookies ens ajuden a fer que el lloc web funcioni correctament, sigui m\u00e9s segur, proporcioni una millor experi\u00e8ncia d\u2019usuari i ens permeten entendre com funciona el lloc i analitzar qu\u00e8 funciona i qu\u00e8 cal millorar.<\/p>\n<\/div>\n\n&nbsp;\n<h5>Com utilitzem les cookies?<\/h5>\n<div class=\"cookie-policy-p\">\n    <p>Com la majoria dels serveis en l\u00ednia, el nostre lloc web utilitza cookies pr\u00f2pies i de tercers per a diversos prop\u00f2sits. Les cookies pr\u00f2pies s\u00f3n majorit\u00e0riament necess\u00e0ries perqu\u00e8 el lloc web funcioni correctament i no recopilen cap dada personal identificable.<\/p>\n    <p>Les cookies de tercers que s\u2019utilitzen al nostre lloc web serveixen principalment per entendre com funciona el lloc web, com interactues amb ell, mantenir els nostres serveis segurs, mostrar anuncis rellevants per a tu i, en general, oferir-te una millor experi\u00e8ncia d\u2019usuari i agilitzar les futures interaccions amb el nostre lloc.<\/p>\n<\/div>\n\n&nbsp;\n<h5>Tipus de cookies que utilitzem<\/h5>\n<div class=\"cky-audit-table-element\"><\/div>\n\n&nbsp;\n<h5 style=\"margin-bottom:20px;\">Gestionar prefer\u00e8ncies de cookies<\/h5>\n\n<a class=\"cky-banner-element\">Configuraci\u00f3 de cookies<\/a> <br\/>\n\n<div>\n    <p>Pots canviar les teves prefer\u00e8ncies de cookies en qualsevol moment clicant el bot\u00f3 anterior. Aix\u00f2 et permetr\u00e0 tornar a veure el b\u00e0ner de consentiment de cookies i modificar les teves prefer\u00e8ncies o retirar el teu consentiment immediatament.<\/p>\n    <p>A m\u00e9s, cada navegador ofereix diferents m\u00e8todes per bloquejar i eliminar les cookies que utilitzen els llocs web. Pots canviar la configuraci\u00f3 del teu navegador per bloquejar o eliminar cookies. A continuaci\u00f3, et proporcionem enlla\u00e7os als documents de suport dels principals navegadors web:<\/p>\n    <p>Chrome: <a target=\"_blank\" href=\"https:\/\/support.google.com\/accounts\/answer\/32050\">https:\/\/support.google.com\/accounts\/answer\/32050<\/a><\/p>\n    <p>Safari: <a target=\"_blank\" href=\"https:\/\/support.apple.com\/en-in\/guide\/safari\/sfri11471\/mac\">https:\/\/support.apple.com\/en-in\/guide\/safari\/sfri11471\/mac<\/a><\/p>\n    <p>Firefox: <a target=\"_blank\" href=\"https:\/\/support.mozilla.org\/en-US\/kb\/clear-cookies-and-site-data-firefox?redirectslug=delete-cookies-remove-info-websites-stored&redirectlocale=en-US\">https:\/\/support.mozilla.org\/en-US\/kb\/clear-cookies-and-site-data-firefox?redirectslug=delete-cookies-remove-info-websites-stored&redirectlocale=en-US<\/a><\/p>\n    <p>Internet Explorer: <a target=\"_blank\" href=\"https:\/\/support.microsoft.com\/en-us\/topic\/how-to-delete-cookie-files-in-internet-explorer-bca9446f-d873-78de-77ba-d42645fa52fc\">https:\/\/support.microsoft.com\/en-us\/topic\/how-to-delete-cookie-files-in-internet-explorer-bca9446f-d873-78de-77ba-d42645fa52fc<\/a><\/p>\n    <p>Si utilitzes qualsevol altre navegador web, si us plau visita la seva documentaci\u00f3 oficial de suport.<\/p>\n<\/div>\n\n&nbsp;\n<p class=\"cookie-policy-p\">\n    Pol\u00edtica de Cookies generada per <a target=\"_blank\" href=\"https:\/\/www.cookieyes.com\/?utm_source=CP&utm_medium=footer&utm_campaign=UW\">CookieYes - Generador de Pol\u00edtiques de Cookies<\/a>.\n<\/p>\n\n<!-- \/wp:html -->","_et_gb_content_width":"1080","footnotes":""},"class_list":["post-335","page","type-page","status-publish","hentry"],"acf":[],"yoast_head":"<!-- This site is optimized with the Yoast SEO plugin v27.5 - https:\/\/yoast.com\/product\/yoast-seo-wordpress\/ -->\n<title>Cookies Policy - Natefi<\/title>\n<meta name=\"description\" content=\"A Natura i Efici\u00e8ncia som importadors i distribu\u00efdors oficials de calderes de biomassa SOLARFOCUS a Catalunya. Oferim solucions eficients en calefacci\u00f3 per a instal\u00b7lacions industrials i semi-industrials com c\u00e0mpings, masies, hotels, instal\u00b7lacions esportives i empreses. Calderes de pellet, llenya, combinades llenya i pellet, i estella amb m\u00e0xima efici\u00e8ncia i estalvi energ\u00e8tic. Descobreix les nostres solucions per instal\u00b7ladors a NATEFI.COM.\" \/>\n<meta name=\"robots\" content=\"index, follow, max-snippet:-1, max-image-preview:large, max-video-preview:-1\" \/>\n<link rel=\"canonical\" href=\"https:\/\/natefi.com\/es\/cookies-policy\/\" \/>\n<meta property=\"og:locale\" content=\"es_ES\" \/>\n<meta property=\"og:type\" content=\"article\" \/>\n<meta property=\"og:title\" content=\"Cookies Policy - Natefi\" \/>\n<meta property=\"og:description\" content=\"A Natura i Efici\u00e8ncia som importadors i distribu\u00efdors oficials de calderes de biomassa SOLARFOCUS a Catalunya. Oferim solucions eficients en calefacci\u00f3 per a instal\u00b7lacions industrials i semi-industrials com c\u00e0mpings, masies, hotels, instal\u00b7lacions esportives i empreses. Calderes de pellet, llenya, combinades llenya i pellet, i estella amb m\u00e0xima efici\u00e8ncia i estalvi energ\u00e8tic. Descobreix les nostres solucions per instal\u00b7ladors a NATEFI.COM.\" \/>\n<meta property=\"og:url\" content=\"https:\/\/natefi.com\/es\/cookies-policy\/\" \/>\n<meta property=\"og:site_name\" content=\"Natefi\" \/>\n<meta property=\"article:modified_time\" content=\"2025-09-17T07:31:45+00:00\" \/>\n<meta property=\"og:image\" content=\"https:\/\/natefi.com\/wp-content\/uploads\/2024\/11\/LogoNATEFI-removebg-preview.png\" \/>\n\t<meta property=\"og:image:width\" content=\"537\" \/>\n\t<meta property=\"og:image:height\" content=\"465\" \/>\n\t<meta property=\"og:image:type\" content=\"image\/png\" \/>\n<meta name=\"twitter:card\" content=\"summary_large_image\" \/>\n<meta name=\"twitter:label1\" content=\"Tiempo de lectura\" \/>\n\t<meta name=\"twitter:data1\" content=\"2 minutos\" \/>\n<script type=\"application\/ld+json\" class=\"yoast-schema-graph\">{\"@context\":\"https:\\\/\\\/schema.org\",\"@graph\":[{\"@type\":\"WebPage\",\"@id\":\"https:\\\/\\\/natefi.com\\\/es\\\/cookies-policy\\\/\",\"url\":\"https:\\\/\\\/natefi.com\\\/es\\\/cookies-policy\\\/\",\"name\":\"Cookies Policy - Natefi\",\"isPartOf\":{\"@id\":\"https:\\\/\\\/natefi.com\\\/es\\\/#website\"},\"datePublished\":\"2025-04-02T14:46:10+00:00\",\"dateModified\":\"2025-09-17T07:31:45+00:00\",\"description\":\"A Natura i Efici\u00e8ncia som importadors i distribu\u00efdors oficials de calderes de biomassa SOLARFOCUS a Catalunya. Oferim solucions eficients en calefacci\u00f3 per a instal\u00b7lacions industrials i semi-industrials com c\u00e0mpings, masies, hotels, instal\u00b7lacions esportives i empreses. Calderes de pellet, llenya, combinades llenya i pellet, i estella amb m\u00e0xima efici\u00e8ncia i estalvi energ\u00e8tic. Descobreix les nostres solucions per instal\u00b7ladors a NATEFI.COM.\",\"breadcrumb\":{\"@id\":\"https:\\\/\\\/natefi.com\\\/es\\\/cookies-policy\\\/#breadcrumb\"},\"inLanguage\":\"es\",\"potentialAction\":[{\"@type\":\"ReadAction\",\"target\":[\"https:\\\/\\\/natefi.com\\\/es\\\/cookies-policy\\\/\"]}]},{\"@type\":\"BreadcrumbList\",\"@id\":\"https:\\\/\\\/natefi.com\\\/es\\\/cookies-policy\\\/#breadcrumb\",\"itemListElement\":[{\"@type\":\"ListItem\",\"position\":1,\"name\":\"Inici\",\"item\":\"https:\\\/\\\/natefi.com\\\/es\\\/inici\\\/\"},{\"@type\":\"ListItem\",\"position\":2,\"name\":\"Cookies Policy\"}]},{\"@type\":\"WebSite\",\"@id\":\"https:\\\/\\\/natefi.com\\\/es\\\/#website\",\"url\":\"https:\\\/\\\/natefi.com\\\/es\\\/\",\"name\":\"Natefi\",\"description\":\"Optimitzaci\u00f3 del consum energ\u00e8tic; Calderes de llenya i pellet, calderes de pellet, calderes d&#039;estella, panells solars t\u00e8rmics,\u2026 IMPORTADORS de SOLARFOCUS per a tota Espanya\",\"publisher\":{\"@id\":\"https:\\\/\\\/natefi.com\\\/es\\\/#organization\"},\"alternateName\":\"Natefi Natura i eficiencia energetica\",\"potentialAction\":[{\"@type\":\"SearchAction\",\"target\":{\"@type\":\"EntryPoint\",\"urlTemplate\":\"https:\\\/\\\/natefi.com\\\/es\\\/?s={search_term_string}\"},\"query-input\":{\"@type\":\"PropertyValueSpecification\",\"valueRequired\":true,\"valueName\":\"search_term_string\"}}],\"inLanguage\":\"es\"},{\"@type\":\"Organization\",\"@id\":\"https:\\\/\\\/natefi.com\\\/es\\\/#organization\",\"name\":\"Natura i eficiencia energetica Natefi\",\"alternateName\":\"Natefi Natura i eficiencia energetica\",\"url\":\"https:\\\/\\\/natefi.com\\\/es\\\/\",\"logo\":{\"@type\":\"ImageObject\",\"inLanguage\":\"es\",\"@id\":\"https:\\\/\\\/natefi.com\\\/es\\\/#\\\/schema\\\/logo\\\/image\\\/\",\"url\":\"https:\\\/\\\/natefi.com\\\/wp-content\\\/uploads\\\/2025\\\/01\\\/cropped-Captura_de_pantalla_2024-11-25_160541-removebg-preview-1-1.png\",\"contentUrl\":\"https:\\\/\\\/natefi.com\\\/wp-content\\\/uploads\\\/2025\\\/01\\\/cropped-Captura_de_pantalla_2024-11-25_160541-removebg-preview-1-1.png\",\"width\":512,\"height\":512,\"caption\":\"Natura i eficiencia energetica Natefi\"},\"image\":{\"@id\":\"https:\\\/\\\/natefi.com\\\/es\\\/#\\\/schema\\\/logo\\\/image\\\/\"}}]}<\/script>\n<!-- \/ Yoast SEO plugin. -->","yoast_head_json":{"title":"Cookies Policy - Natefi","description":"A Natura i Efici\u00e8ncia som importadors i distribu\u00efdors oficials de calderes de biomassa SOLARFOCUS a Catalunya. Oferim solucions eficients en calefacci\u00f3 per a instal\u00b7lacions industrials i semi-industrials com c\u00e0mpings, masies, hotels, instal\u00b7lacions esportives i empreses. Calderes de pellet, llenya, combinades llenya i pellet, i estella amb m\u00e0xima efici\u00e8ncia i estalvi energ\u00e8tic. Descobreix les nostres solucions per instal\u00b7ladors a NATEFI.COM.","robots":{"index":"index","follow":"follow","max-snippet":"max-snippet:-1","max-image-preview":"max-image-preview:large","max-video-preview":"max-video-preview:-1"},"canonical":"https:\/\/natefi.com\/es\/cookies-policy\/","og_locale":"es_ES","og_type":"article","og_title":"Cookies Policy - Natefi","og_description":"A Natura i Efici\u00e8ncia som importadors i distribu\u00efdors oficials de calderes de biomassa SOLARFOCUS a Catalunya. Oferim solucions eficients en calefacci\u00f3 per a instal\u00b7lacions industrials i semi-industrials com c\u00e0mpings, masies, hotels, instal\u00b7lacions esportives i empreses. Calderes de pellet, llenya, combinades llenya i pellet, i estella amb m\u00e0xima efici\u00e8ncia i estalvi energ\u00e8tic. Descobreix les nostres solucions per instal\u00b7ladors a NATEFI.COM.","og_url":"https:\/\/natefi.com\/es\/cookies-policy\/","og_site_name":"Natefi","article_modified_time":"2025-09-17T07:31:45+00:00","og_image":[{"width":537,"height":465,"url":"https:\/\/natefi.com\/wp-content\/uploads\/2024\/11\/LogoNATEFI-removebg-preview.png","type":"image\/png"}],"twitter_card":"summary_large_image","twitter_misc":{"Tiempo de lectura":"2 minutos"},"schema":{"@context":"https:\/\/schema.org","@graph":[{"@type":"WebPage","@id":"https:\/\/natefi.com\/es\/cookies-policy\/","url":"https:\/\/natefi.com\/es\/cookies-policy\/","name":"Cookies Policy - Natefi","isPartOf":{"@id":"https:\/\/natefi.com\/es\/#website"},"datePublished":"2025-04-02T14:46:10+00:00","dateModified":"2025-09-17T07:31:45+00:00","description":"A Natura i Efici\u00e8ncia som importadors i distribu\u00efdors oficials de calderes de biomassa SOLARFOCUS a Catalunya. Oferim solucions eficients en calefacci\u00f3 per a instal\u00b7lacions industrials i semi-industrials com c\u00e0mpings, masies, hotels, instal\u00b7lacions esportives i empreses. Calderes de pellet, llenya, combinades llenya i pellet, i estella amb m\u00e0xima efici\u00e8ncia i estalvi energ\u00e8tic. Descobreix les nostres solucions per instal\u00b7ladors a NATEFI.COM.","breadcrumb":{"@id":"https:\/\/natefi.com\/es\/cookies-policy\/#breadcrumb"},"inLanguage":"es","potentialAction":[{"@type":"ReadAction","target":["https:\/\/natefi.com\/es\/cookies-policy\/"]}]},{"@type":"BreadcrumbList","@id":"https:\/\/natefi.com\/es\/cookies-policy\/#breadcrumb","itemListElement":[{"@type":"ListItem","position":1,"name":"Inici","item":"https:\/\/natefi.com\/es\/inici\/"},{"@type":"ListItem","position":2,"name":"Cookies Policy"}]},{"@type":"WebSite","@id":"https:\/\/natefi.com\/es\/#website","url":"https:\/\/natefi.com\/es\/","name":"Natefi","description":"Optimitzaci\u00f3 del consum energ\u00e8tic; Calderes de llenya i pellet, calderes de pellet, calderes d&#039;estella, panells solars t\u00e8rmics,\u2026 IMPORTADORS de SOLARFOCUS per a tota Espanya","publisher":{"@id":"https:\/\/natefi.com\/es\/#organization"},"alternateName":"Natefi Natura i eficiencia energetica","potentialAction":[{"@type":"SearchAction","target":{"@type":"EntryPoint","urlTemplate":"https:\/\/natefi.com\/es\/?s={search_term_string}"},"query-input":{"@type":"PropertyValueSpecification","valueRequired":true,"valueName":"search_term_string"}}],"inLanguage":"es"},{"@type":"Organization","@id":"https:\/\/natefi.com\/es\/#organization","name":"Natura i eficiencia energetica Natefi","alternateName":"Natefi Natura i eficiencia energetica","url":"https:\/\/natefi.com\/es\/","logo":{"@type":"ImageObject","inLanguage":"es","@id":"https:\/\/natefi.com\/es\/#\/schema\/logo\/image\/","url":"https:\/\/natefi.com\/wp-content\/uploads\/2025\/01\/cropped-Captura_de_pantalla_2024-11-25_160541-removebg-preview-1-1.png","contentUrl":"https:\/\/natefi.com\/wp-content\/uploads\/2025\/01\/cropped-Captura_de_pantalla_2024-11-25_160541-removebg-preview-1-1.png","width":512,"height":512,"caption":"Natura i eficiencia energetica Natefi"},"image":{"@id":"https:\/\/natefi.com\/es\/#\/schema\/logo\/image\/"}}]}},"_links":{"self":[{"href":"https:\/\/natefi.com\/es\/wp-json\/wp\/v2\/pages\/335","targetHints":{"allow":["GET"]}}],"collection":[{"href":"https:\/\/natefi.com\/es\/wp-json\/wp\/v2\/pages"}],"about":[{"href":"https:\/\/natefi.com\/es\/wp-json\/wp\/v2\/types\/page"}],"author":[{"embeddable":true,"href":"https:\/\/natefi.com\/es\/wp-json\/wp\/v2\/users\/2"}],"replies":[{"embeddable":true,"href":"https:\/\/natefi.com\/es\/wp-json\/wp\/v2\/comments?post=335"}],"version-history":[{"count":3,"href":"https:\/\/natefi.com\/es\/wp-json\/wp\/v2\/pages\/335\/revisions"}],"predecessor-version":[{"id":339,"href":"https:\/\/natefi.com\/es\/wp-json\/wp\/v2\/pages\/335\/revisions\/339"}],"wp:attachment":[{"href":"https:\/\/natefi.com\/es\/wp-json\/wp\/v2\/media?parent=335"}],"curies":[{"name":"wp","href":"https:\/\/api.w.org\/{rel}","templated":true}]}}