{"id":409,"date":"2025-06-23T13:38:16","date_gmt":"2025-06-23T13:38:16","guid":{"rendered":"https:\/\/natefi.com\/instaladores\/suport-per-a-installadors\/"},"modified":"2025-10-22T10:35:54","modified_gmt":"2025-10-22T10:35:54","slug":"soporte-para-instaladores","status":"publish","type":"page","link":"https:\/\/natefi.com\/es\/instaladores\/soporte-para-instaladores\/","title":{"rendered":"Soporte Para Instaladores Dom\u00e9sticos"},"content":{"rendered":"<p>[et_pb_section fb_built=\u00bb1&#8243; _builder_version=\u00bb4.24.0&#8243; _module_preset=\u00bbdefault\u00bb background_color=\u00bbrgba(76,175,80,0.5)\u00bb custom_padding=\u00bb19px|||||\u00bb locked=\u00bboff\u00bb global_colors_info=\u00bb{}\u00bb][et_pb_row _builder_version=\u00bb4.24.0&#8243; _module_preset=\u00bbdefault\u00bb global_colors_info=\u00bb{}\u00bb][et_pb_column type=\u00bb4_4&#8243; _builder_version=\u00bb4.24.0&#8243; _module_preset=\u00bbdefault\u00bb global_colors_info=\u00bb{}\u00bb][et_pb_text _builder_version=\u00bb4.24.0&#8243; _module_preset=\u00bbdefault\u00bb header_2_font=\u00bb|800|||||||\u00bb header_2_text_color=\u00bb#111915&#8243; header_2_font_size=\u00bb3.35em\u00bb header_2_line_height=\u00bb1.1em\u00bb global_colors_info=\u00bb{}\u00bb]<\/p>\n<p style=\"text-align: center;\"><span class=\"item_subtitle\">natura i efici\u00e8ncia S.L.<\/span><\/p>\n<p style=\"text-align: center;\"><span class=\"item_subtitle\"><\/span><\/p>\n<h2 style=\"text-align: center;\">Soporte para instaladores dom\u00e9sticos<\/h2>\n<p style=\"text-align: center;\">\n<p>[\/et_pb_text][\/et_pb_column][\/et_pb_row][\/et_pb_section][et_pb_section fb_built=\u00bb1&#8243; _builder_version=\u00bb4.24.0&#8243; _module_preset=\u00bbdefault\u00bb global_colors_info=\u00bb{}\u00bb][et_pb_row _builder_version=\u00bb4.24.0&#8243; _module_preset=\u00bbdefault\u00bb global_colors_info=\u00bb{}\u00bb][et_pb_column type=\u00bb4_4&#8243; _builder_version=\u00bb4.24.0&#8243; _module_preset=\u00bbdefault\u00bb global_colors_info=\u00bb{}\u00bb][et_pb_button button_url=\u00bbhttps:\/\/acrobat.adobe.com\/id\/urn:aaid:sc:EU:ae6a6137-2ddd-428e-8394-8c025172aae5&#8243; url_new_window=\u00bbon\u00bb button_text=\u00bbPrograma de Colaboraci\u00f3n para Instaladores Dom\u00e9sticos\u00bb button_alignment=\u00bbcenter\u00bb _builder_version=\u00bb4.24.0&#8243; _module_preset=\u00bbdefault\u00bb global_colors_info=\u00bb{}\u00bb][\/et_pb_button][\/et_pb_column][\/et_pb_row][\/et_pb_section][et_pb_section fb_built=\u00bb1&#8243; _builder_version=\u00bb4.24.0&#8243; _module_preset=\u00bbdefault\u00bb global_colors_info=\u00bb{}\u00bb][et_pb_row column_structure=\u00bb1_2,1_2&#8243; _builder_version=\u00bb4.24.0&#8243; _module_preset=\u00bbdefault\u00bb global_colors_info=\u00bb{}\u00bb][et_pb_column type=\u00bb1_2&#8243; _builder_version=\u00bb4.24.0&#8243; _module_preset=\u00bbdefault\u00bb global_colors_info=\u00bb{}\u00bb][et_pb_text _builder_version=\u00bb4.24.0&#8243; _module_preset=\u00bbdefault\u00bb global_colors_info=\u00bb{}\u00bb]<\/p>\n<h2><span style=\"font-weight: 800;\">\u00bfQU\u00c9 TE OFRECEMOS?<\/span><\/h2>\n<ul>\n<li style=\"font-weight: 400;\" aria-level=\"1\">Acceso a calderas de biomasa de calidad, con buenos precios y repuestos asegurados.<\/li>\n<li style=\"font-weight: 400;\" aria-level=\"1\">Leads (clientes interesados) de tu zona.<\/li>\n<li style=\"font-weight: 400;\" aria-level=\"1\">Soporte t\u00e9cnico directo v\u00eda tel\u00e9fono o WhatsApp.<\/li>\n<li style=\"font-weight: 400;\" aria-level=\"1\">Formaci\u00f3n b\u00e1sica gratuita.<\/li>\n<li style=\"font-weight: 400;\" aria-level=\"1\">Promociones para colaboradores.<\/li>\n<li style=\"font-weight: 400;\" aria-level=\"1\">Visibilidad en nuestra web como<a href=\"https:\/\/natefi.com\/installadors\/\"> instalador recomendado.<\/a><\/li>\n<\/ul>\n<p>[\/et_pb_text][\/et_pb_column][et_pb_column type=\u00bb1_2&#8243; _builder_version=\u00bb4.24.0&#8243; _module_preset=\u00bbdefault\u00bb global_colors_info=\u00bb{}\u00bb][et_pb_cta title=\u00bbIDEAL PARA:\u00bb _builder_version=\u00bb4.24.0&#8243; _module_preset=\u00bbdefault\u00bb global_colors_info=\u00bb{}\u00bb]<\/p>\n<p>Aut\u00f3nomos\/Peque\u00f1as empresas que trabajen en instalaciones dom\u00e9sticas o reformas.<\/p>\n<p>[\/et_pb_cta][\/et_pb_column][\/et_pb_row][et_pb_row _builder_version=\u00bb4.24.0&#8243; _module_preset=\u00bbdefault\u00bb global_colors_info=\u00bb{}\u00bb][et_pb_column type=\u00bb4_4&#8243; _builder_version=\u00bb4.24.0&#8243; _module_preset=\u00bbdefault\u00bb global_colors_info=\u00bb{}\u00bb][et_pb_text _builder_version=\u00bb4.24.0&#8243; _module_preset=\u00bbdefault\u00bb global_colors_info=\u00bb{}\u00bb]<\/p>\n<h2 style=\"text-align: justify;\"><b>\u00bfC\u00d3MO PUEDES ACCEDER A \u00c9L?<\/b><\/h2>\n<ol>\n<li style=\"text-align: justify;\">Nos env\u00edas un correo o llamas.<\/li>\n<li style=\"text-align: justify;\">Te presentamos las condiciones y te damos acceso a nuestro cat\u00e1logo.<\/li>\n<li style=\"text-align: justify;\">\u00a1Empezamos a colaborar!<\/li>\n<\/ol>\n<p>[\/et_pb_text][\/et_pb_column][\/et_pb_row][et_pb_row column_structure=\u00bb1_2,1_2&#8243; _builder_version=\u00bb4.24.0&#8243; _module_preset=\u00bbdefault\u00bb global_colors_info=\u00bb{}\u00bb][et_pb_column type=\u00bb1_2&#8243; _builder_version=\u00bb4.24.0&#8243; _module_preset=\u00bbdefault\u00bb global_colors_info=\u00bb{}\u00bb][et_pb_text _builder_version=\u00bb4.24.0&#8243; _module_preset=\u00bbdefault\u00bb global_colors_info=\u00bb{}\u00bb]<\/p>\n<h2><b>CONDICIONES DE COLABORACI\u00d3N:<\/b><\/h2>\n<p><b><\/b><\/p>\n<p><b>Tipo de colaboraci\u00f3n:\u00a0\u00a0<\/b><\/p>\n<ul>\n<li style=\"font-weight: 400;\" aria-level=\"1\"><span style=\"font-weight: 400;\">Tu instalas, nosotros suministramos y damos apoyo.\u00a0\u00a0<\/span><\/li>\n<li style=\"font-weight: 400;\" aria-level=\"1\"><span style=\"font-weight: 400;\">Tambi\u00e9n podemos derivarte clientes si hay leads cerca de tu zona.<\/span><\/li>\n<\/ul>\n<p>[\/et_pb_text][et_pb_text _builder_version=\u00bb4.24.0&#8243; _module_preset=\u00bbdefault\u00bb global_colors_info=\u00bb{}\u00bb]<\/p>\n<p><b>Responsabilidades:\u00a0\u00a0<\/b><\/p>\n<ul>\n<li style=\"font-weight: 400;\" aria-level=\"1\"><span style=\"font-weight: 400;\">\u00a0\u00a0\u00a0Instalaci\u00f3n y mantenimento b\u00e1sico.\u00a0\u00a0<\/span><\/li>\n<li style=\"font-weight: 400;\" aria-level=\"1\"><span style=\"font-weight: 400;\">\u00a0\u00a0\u00a0Trato profesional con los clientes.<\/span><\/li>\n<\/ul>\n<p>[\/et_pb_text][\/et_pb_column][et_pb_column type=\u00bb1_2&#8243; _builder_version=\u00bb4.24.0&#8243; _module_preset=\u00bbdefault\u00bb global_colors_info=\u00bb{}\u00bb][et_pb_text _builder_version=\u00bb4.24.0&#8243; _module_preset=\u00bbdefault\u00bb global_colors_info=\u00bb{}\u00bb]<\/p>\n<p><strong>Ventajas:\u00a0\u00a0<\/strong><\/p>\n<ul>\n<li style=\"font-weight: 400;\" aria-level=\"1\"><span style=\"font-weight: 400;\">\u00a0\u00a0\u00a0Precios de colaborador.\u00a0\u00a0<\/span><\/li>\n<li style=\"font-weight: 400;\" aria-level=\"1\"><span style=\"font-weight: 400;\">\u00a0\u00a0\u00a0Asesoramiento t\u00e9cnico.\u00a0\u00a0<\/span><\/li>\n<li style=\"font-weight: 400;\" aria-level=\"1\"><span style=\"font-weight: 400;\">\u00a0\u00a0\u00a0Cat\u00e1logo actualitzado.\u00a0\u00a0<\/span><\/li>\n<li style=\"font-weight: 400;\" aria-level=\"1\"><span style=\"font-weight: 400;\">\u00a0\u00a0\u00a0Promociones puntuales i acceso prioritario al estoc.<\/span><\/li>\n<\/ul>\n<p>[\/et_pb_text][\/et_pb_column][\/et_pb_row][et_pb_row _builder_version=\u00bb4.24.0&#8243; _module_preset=\u00bbdefault\u00bb global_colors_info=\u00bb{}\u00bb][et_pb_column type=\u00bb4_4&#8243; _builder_version=\u00bb4.24.0&#8243; _module_preset=\u00bbdefault\u00bb global_colors_info=\u00bb{}\u00bb][et_pb_heading title=\u00bbSi lo quieres probar o hacer una primera instalaci\u00f3n con nosotros te ayudamos en todo.\u00bb _builder_version=\u00bb4.24.0&#8243; _module_preset=\u00bbdefault\u00bb background_color=\u00bb#FFFFFF\u00bb animation_style=\u00bbfade\u00bb global_colors_info=\u00bb{}\u00bb][\/et_pb_heading][\/et_pb_column][\/et_pb_row][et_pb_row column_structure=\u00bb1_3,1_3,1_3&#8243; _builder_version=\u00bb4.24.0&#8243; _module_preset=\u00bbdefault\u00bb global_colors_info=\u00bb{}\u00bb][et_pb_column type=\u00bb1_3&#8243; _builder_version=\u00bb4.24.0&#8243; _module_preset=\u00bbdefault\u00bb global_colors_info=\u00bb{}\u00bb][et_pb_text _builder_version=\u00bb4.24.0&#8243; _module_preset=\u00bbdefault\u00bb text_font_size=\u00bb37px\u00bb custom_margin=\u00bb50px||||false|false\u00bb global_colors_info=\u00bb{}\u00bb]<\/p>\n<p style=\"text-align: center;\"><span style=\"font-weight: 400;\">618 26 48 76<\/span><\/p>\n<p>[\/et_pb_text][\/et_pb_column][et_pb_column type=\u00bb1_3&#8243; _builder_version=\u00bb4.24.0&#8243; _module_preset=\u00bbdefault\u00bb global_colors_info=\u00bb{}\u00bb][et_pb_icon font_icon=\u00bb&#xe010;||divi||400&#8243; _builder_version=\u00bb4.24.0&#8243; _module_preset=\u00bbdefault\u00bb global_colors_info=\u00bb{}\u00bb][\/et_pb_icon][\/et_pb_column][et_pb_column type=\u00bb1_3&#8243; _builder_version=\u00bb4.24.0&#8243; _module_preset=\u00bbdefault\u00bb global_colors_info=\u00bb{}\u00bb][et_pb_text _builder_version=\u00bb4.24.0&#8243; _module_preset=\u00bbdefault\u00bb text_font_size=\u00bb37px\u00bb header_2_font_size=\u00bb37px\u00bb custom_margin=\u00bb50px||||false|false\u00bb global_colors_info=\u00bb{}\u00bb]<\/p>\n<h2 style=\"text-align: center;\"><span style=\"font-weight: 400;\">info@natefi.com<\/span><\/h2>\n<p>[\/et_pb_text][\/et_pb_column][\/et_pb_row][\/et_pb_section]<\/p>\n","protected":false},"excerpt":{"rendered":"<p>natura i efici\u00e8ncia S.L. Soporte para instaladores dom\u00e9sticos \u00bfQU\u00c9 TE OFRECEMOS? Acceso a calderas de biomasa de calidad, con buenos precios y repuestos asegurados. Leads (clientes interesados) de tu zona. Soporte t\u00e9cnico directo v\u00eda tel\u00e9fono o WhatsApp. Formaci\u00f3n b\u00e1sica gratuita. Promociones para colaboradores. Visibilidad en nuestra web como instalador recomendado. Aut\u00f3nomos\/Peque\u00f1as empresas que trabajen en [&hellip;]<\/p>\n","protected":false},"author":5,"featured_media":0,"parent":262,"menu_order":2,"comment_status":"closed","ping_status":"closed","template":"","meta":{"_acf_changed":false,"_et_pb_use_builder":"on","_et_pb_old_content":"","_et_gb_content_width":"","footnotes":""},"class_list":["post-409","page","type-page","status-publish","hentry"],"acf":[],"yoast_head":"<!-- This site is optimized with the Yoast SEO plugin v27.5 - https:\/\/yoast.com\/product\/yoast-seo-wordpress\/ -->\n<title>Soporte Para Instaladores Dom\u00e9sticos - Natefi<\/title>\n<meta name=\"description\" content=\"A Natura i Efici\u00e8ncia som importadors i distribu\u00efdors oficials de calderes de biomassa SOLARFOCUS a Catalunya. Instaladores dom\u00e9sticos.\" \/>\n<meta name=\"robots\" content=\"index, follow, max-snippet:-1, max-image-preview:large, max-video-preview:-1\" \/>\n<link rel=\"canonical\" href=\"https:\/\/natefi.com\/es\/instaladores\/soporte-para-instaladores\/\" \/>\n<meta property=\"og:locale\" content=\"es_ES\" \/>\n<meta property=\"og:type\" content=\"article\" \/>\n<meta property=\"og:title\" content=\"Soporte Para Instaladores Dom\u00e9sticos - Natefi\" \/>\n<meta property=\"og:description\" content=\"A Natura i Efici\u00e8ncia som importadors i distribu\u00efdors oficials de calderes de biomassa SOLARFOCUS a Catalunya. Instaladores dom\u00e9sticos.\" \/>\n<meta property=\"og:url\" content=\"https:\/\/natefi.com\/es\/instaladores\/soporte-para-instaladores\/\" \/>\n<meta property=\"og:site_name\" content=\"Natefi\" \/>\n<meta property=\"article:modified_time\" content=\"2025-10-22T10:35:54+00:00\" \/>\n<meta property=\"og:image\" content=\"https:\/\/natefi.com\/wp-content\/uploads\/2024\/11\/LogoNATEFI-removebg-preview.png\" \/>\n\t<meta property=\"og:image:width\" content=\"537\" \/>\n\t<meta property=\"og:image:height\" content=\"465\" \/>\n\t<meta property=\"og:image:type\" content=\"image\/png\" \/>\n<meta name=\"twitter:card\" content=\"summary_large_image\" \/>\n<meta name=\"twitter:label1\" content=\"Tiempo de lectura\" \/>\n\t<meta name=\"twitter:data1\" content=\"1 minuto\" \/>\n<script type=\"application\/ld+json\" class=\"yoast-schema-graph\">{\"@context\":\"https:\\\/\\\/schema.org\",\"@graph\":[{\"@type\":\"WebPage\",\"@id\":\"https:\\\/\\\/natefi.com\\\/es\\\/instaladores\\\/soporte-para-instaladores\\\/\",\"url\":\"https:\\\/\\\/natefi.com\\\/es\\\/instaladores\\\/soporte-para-instaladores\\\/\",\"name\":\"Soporte Para Instaladores Dom\u00e9sticos - Natefi\",\"isPartOf\":{\"@id\":\"https:\\\/\\\/natefi.com\\\/es\\\/#website\"},\"datePublished\":\"2025-06-23T13:38:16+00:00\",\"dateModified\":\"2025-10-22T10:35:54+00:00\",\"description\":\"A Natura i Efici\u00e8ncia som importadors i distribu\u00efdors oficials de calderes de biomassa SOLARFOCUS a Catalunya. Instaladores dom\u00e9sticos.\",\"breadcrumb\":{\"@id\":\"https:\\\/\\\/natefi.com\\\/es\\\/instaladores\\\/soporte-para-instaladores\\\/#breadcrumb\"},\"inLanguage\":\"es\",\"potentialAction\":[{\"@type\":\"ReadAction\",\"target\":[\"https:\\\/\\\/natefi.com\\\/es\\\/instaladores\\\/soporte-para-instaladores\\\/\"]}]},{\"@type\":\"BreadcrumbList\",\"@id\":\"https:\\\/\\\/natefi.com\\\/es\\\/instaladores\\\/soporte-para-instaladores\\\/#breadcrumb\",\"itemListElement\":[{\"@type\":\"ListItem\",\"position\":1,\"name\":\"Inici\",\"item\":\"https:\\\/\\\/natefi.com\\\/es\\\/inici\\\/\"},{\"@type\":\"ListItem\",\"position\":2,\"name\":\"Instaladores\",\"item\":\"https:\\\/\\\/natefi.com\\\/es\\\/instaladores\\\/\"},{\"@type\":\"ListItem\",\"position\":3,\"name\":\"Soporte Para Instaladores Dom\u00e9sticos\"}]},{\"@type\":\"WebSite\",\"@id\":\"https:\\\/\\\/natefi.com\\\/es\\\/#website\",\"url\":\"https:\\\/\\\/natefi.com\\\/es\\\/\",\"name\":\"Natefi\",\"description\":\"Optimitzaci\u00f3 del consum energ\u00e8tic; Calderes de llenya i pellet, calderes de pellet, calderes d&#039;estella, panells solars t\u00e8rmics,\u2026 IMPORTADORS de SOLARFOCUS per a tota Espanya\",\"publisher\":{\"@id\":\"https:\\\/\\\/natefi.com\\\/es\\\/#organization\"},\"alternateName\":\"Natefi Natura i eficiencia energetica\",\"potentialAction\":[{\"@type\":\"SearchAction\",\"target\":{\"@type\":\"EntryPoint\",\"urlTemplate\":\"https:\\\/\\\/natefi.com\\\/es\\\/?s={search_term_string}\"},\"query-input\":{\"@type\":\"PropertyValueSpecification\",\"valueRequired\":true,\"valueName\":\"search_term_string\"}}],\"inLanguage\":\"es\"},{\"@type\":\"Organization\",\"@id\":\"https:\\\/\\\/natefi.com\\\/es\\\/#organization\",\"name\":\"Natura i eficiencia energetica Natefi\",\"alternateName\":\"Natefi Natura i eficiencia energetica\",\"url\":\"https:\\\/\\\/natefi.com\\\/es\\\/\",\"logo\":{\"@type\":\"ImageObject\",\"inLanguage\":\"es\",\"@id\":\"https:\\\/\\\/natefi.com\\\/es\\\/#\\\/schema\\\/logo\\\/image\\\/\",\"url\":\"https:\\\/\\\/natefi.com\\\/wp-content\\\/uploads\\\/2025\\\/01\\\/cropped-Captura_de_pantalla_2024-11-25_160541-removebg-preview-1-1.png\",\"contentUrl\":\"https:\\\/\\\/natefi.com\\\/wp-content\\\/uploads\\\/2025\\\/01\\\/cropped-Captura_de_pantalla_2024-11-25_160541-removebg-preview-1-1.png\",\"width\":512,\"height\":512,\"caption\":\"Natura i eficiencia energetica Natefi\"},\"image\":{\"@id\":\"https:\\\/\\\/natefi.com\\\/es\\\/#\\\/schema\\\/logo\\\/image\\\/\"}}]}<\/script>\n<!-- \/ Yoast SEO plugin. -->","yoast_head_json":{"title":"Soporte Para Instaladores Dom\u00e9sticos - Natefi","description":"A Natura i Efici\u00e8ncia som importadors i distribu\u00efdors oficials de calderes de biomassa SOLARFOCUS a Catalunya. Instaladores dom\u00e9sticos.","robots":{"index":"index","follow":"follow","max-snippet":"max-snippet:-1","max-image-preview":"max-image-preview:large","max-video-preview":"max-video-preview:-1"},"canonical":"https:\/\/natefi.com\/es\/instaladores\/soporte-para-instaladores\/","og_locale":"es_ES","og_type":"article","og_title":"Soporte Para Instaladores Dom\u00e9sticos - Natefi","og_description":"A Natura i Efici\u00e8ncia som importadors i distribu\u00efdors oficials de calderes de biomassa SOLARFOCUS a Catalunya. Instaladores dom\u00e9sticos.","og_url":"https:\/\/natefi.com\/es\/instaladores\/soporte-para-instaladores\/","og_site_name":"Natefi","article_modified_time":"2025-10-22T10:35:54+00:00","og_image":[{"width":537,"height":465,"url":"https:\/\/natefi.com\/wp-content\/uploads\/2024\/11\/LogoNATEFI-removebg-preview.png","type":"image\/png"}],"twitter_card":"summary_large_image","twitter_misc":{"Tiempo de lectura":"1 minuto"},"schema":{"@context":"https:\/\/schema.org","@graph":[{"@type":"WebPage","@id":"https:\/\/natefi.com\/es\/instaladores\/soporte-para-instaladores\/","url":"https:\/\/natefi.com\/es\/instaladores\/soporte-para-instaladores\/","name":"Soporte Para Instaladores Dom\u00e9sticos - Natefi","isPartOf":{"@id":"https:\/\/natefi.com\/es\/#website"},"datePublished":"2025-06-23T13:38:16+00:00","dateModified":"2025-10-22T10:35:54+00:00","description":"A Natura i Efici\u00e8ncia som importadors i distribu\u00efdors oficials de calderes de biomassa SOLARFOCUS a Catalunya. Instaladores dom\u00e9sticos.","breadcrumb":{"@id":"https:\/\/natefi.com\/es\/instaladores\/soporte-para-instaladores\/#breadcrumb"},"inLanguage":"es","potentialAction":[{"@type":"ReadAction","target":["https:\/\/natefi.com\/es\/instaladores\/soporte-para-instaladores\/"]}]},{"@type":"BreadcrumbList","@id":"https:\/\/natefi.com\/es\/instaladores\/soporte-para-instaladores\/#breadcrumb","itemListElement":[{"@type":"ListItem","position":1,"name":"Inici","item":"https:\/\/natefi.com\/es\/inici\/"},{"@type":"ListItem","position":2,"name":"Instaladores","item":"https:\/\/natefi.com\/es\/instaladores\/"},{"@type":"ListItem","position":3,"name":"Soporte Para Instaladores Dom\u00e9sticos"}]},{"@type":"WebSite","@id":"https:\/\/natefi.com\/es\/#website","url":"https:\/\/natefi.com\/es\/","name":"Natefi","description":"Optimitzaci\u00f3 del consum energ\u00e8tic; Calderes de llenya i pellet, calderes de pellet, calderes d&#039;estella, panells solars t\u00e8rmics,\u2026 IMPORTADORS de SOLARFOCUS per a tota Espanya","publisher":{"@id":"https:\/\/natefi.com\/es\/#organization"},"alternateName":"Natefi Natura i eficiencia energetica","potentialAction":[{"@type":"SearchAction","target":{"@type":"EntryPoint","urlTemplate":"https:\/\/natefi.com\/es\/?s={search_term_string}"},"query-input":{"@type":"PropertyValueSpecification","valueRequired":true,"valueName":"search_term_string"}}],"inLanguage":"es"},{"@type":"Organization","@id":"https:\/\/natefi.com\/es\/#organization","name":"Natura i eficiencia energetica Natefi","alternateName":"Natefi Natura i eficiencia energetica","url":"https:\/\/natefi.com\/es\/","logo":{"@type":"ImageObject","inLanguage":"es","@id":"https:\/\/natefi.com\/es\/#\/schema\/logo\/image\/","url":"https:\/\/natefi.com\/wp-content\/uploads\/2025\/01\/cropped-Captura_de_pantalla_2024-11-25_160541-removebg-preview-1-1.png","contentUrl":"https:\/\/natefi.com\/wp-content\/uploads\/2025\/01\/cropped-Captura_de_pantalla_2024-11-25_160541-removebg-preview-1-1.png","width":512,"height":512,"caption":"Natura i eficiencia energetica Natefi"},"image":{"@id":"https:\/\/natefi.com\/es\/#\/schema\/logo\/image\/"}}]}},"_links":{"self":[{"href":"https:\/\/natefi.com\/es\/wp-json\/wp\/v2\/pages\/409","targetHints":{"allow":["GET"]}}],"collection":[{"href":"https:\/\/natefi.com\/es\/wp-json\/wp\/v2\/pages"}],"about":[{"href":"https:\/\/natefi.com\/es\/wp-json\/wp\/v2\/types\/page"}],"author":[{"embeddable":true,"href":"https:\/\/natefi.com\/es\/wp-json\/wp\/v2\/users\/5"}],"replies":[{"embeddable":true,"href":"https:\/\/natefi.com\/es\/wp-json\/wp\/v2\/comments?post=409"}],"version-history":[{"count":8,"href":"https:\/\/natefi.com\/es\/wp-json\/wp\/v2\/pages\/409\/revisions"}],"predecessor-version":[{"id":733,"href":"https:\/\/natefi.com\/es\/wp-json\/wp\/v2\/pages\/409\/revisions\/733"}],"up":[{"embeddable":true,"href":"https:\/\/natefi.com\/es\/wp-json\/wp\/v2\/pages\/262"}],"wp:attachment":[{"href":"https:\/\/natefi.com\/es\/wp-json\/wp\/v2\/media?parent=409"}],"curies":[{"name":"wp","href":"https:\/\/api.w.org\/{rel}","templated":true}]}}